{"id":1248,"date":"2025-10-14T02:11:33","date_gmt":"2025-10-14T02:11:33","guid":{"rendered":"https:\/\/medicinaesteticarionegro.com\/?page_id=1248"},"modified":"2025-10-31T23:35:11","modified_gmt":"2025-10-31T23:35:11","slug":"relleno-surco-nasogeniano","status":"publish","type":"page","link":"https:\/\/medicinaesteticarionegro.com\/en\/relleno-surco-nasogeniano\/","title":{"rendered":"RELLENO SURCO NASOGENIANO"},"content":{"rendered":"<div data-elementor-type=\"wp-page\" data-elementor-id=\"1248\" class=\"elementor elementor-1248\" data-elementor-post-type=\"page\">\n\t\t\t\t<div class=\"elementor-element elementor-element-d3efd1e e-con-full gt3_parallax-yes e-flex e-con e-parent\" data-id=\"d3efd1e\" data-element_type=\"container\" data-e-type=\"container\" data-settings=\"{&quot;background_background&quot;:&quot;classic&quot;}\">\n\t\t\t\t<\/div>\n\t\t<div class=\"elementor-element elementor-element-7518539 e-con-full e-flex e-con e-parent\" data-id=\"7518539\" data-element_type=\"container\" data-e-type=\"container\" data-settings=\"{&quot;background_background&quot;:&quot;classic&quot;,&quot;shape_divider_bottom&quot;:&quot;mountains&quot;}\">\n\t\t\t\t<div class=\"elementor-shape elementor-shape-bottom\" aria-hidden=\"true\" data-negative=\"false\">\n\t\t\t<svg xmlns=\"http:\/\/www.w3.org\/2000\/svg\" viewbox=\"0 0 1000 100\" preserveaspectratio=\"none\">\n\t<path class=\"elementor-shape-fill\" opacity=\"0.33\" d=\"M473,67.3c-203.9,88.3-263.1-34-320.3,0C66,119.1,0,59.7,0,59.7V0h1000v59.7 c0,0-62.1,26.1-94.9,29.3c-32.8,3.3-62.8-12.3-75.8-22.1C806,49.6,745.3,8.7,694.9,4.7S492.4,59,473,67.3z\"\/>\n\t<path class=\"elementor-shape-fill\" opacity=\"0.66\" d=\"M734,67.3c-45.5,0-77.2-23.2-129.1-39.1c-28.6-8.7-150.3-10.1-254,39.1 s-91.7-34.4-149.2,0C115.7,118.3,0,39.8,0,39.8V0h1000v36.5c0,0-28.2-18.5-92.1-18.5C810.2,18.1,775.7,67.3,734,67.3z\"\/>\n\t<path class=\"elementor-shape-fill\" d=\"M766.1,28.9c-200-57.5-266,65.5-395.1,19.5C242,1.8,242,5.4,184.8,20.6C128,35.8,132.3,44.9,89.9,52.5C28.6,63.7,0,0,0,0 h1000c0,0-9.9,40.9-83.6,48.1S829.6,47,766.1,28.9z\"\/>\n<\/svg>\t\t<\/div>\n\t\t\t\t<div class=\"elementor-element elementor-element-39f26dc1 elementor-widget-mobile__width-initial elementor-widget elementor-widget-heading\" data-id=\"39f26dc1\" data-element_type=\"widget\" data-e-type=\"widget\" data-widget_type=\"heading.default\">\n\t\t\t\t<div class=\"elementor-widget-container\">\n\t\t\t\t\t<h2 class=\"elementor-heading-title elementor-size-default\">Relleno Surco Nasogeniano<\/h2>\t\t\t\t<\/div>\n\t\t\t\t<\/div>\n\t\t\t\t<\/div>\n\t\t<div class=\"elementor-element elementor-element-4fd5dab e-flex e-con-boxed e-con e-parent\" data-id=\"4fd5dab\" data-element_type=\"container\" data-e-type=\"container\">\n\t\t\t\t\t<div class=\"e-con-inner\">\n\t\t\t\t<div class=\"elementor-element elementor-element-9216f9c elementor-widget elementor-widget-heading\" data-id=\"9216f9c\" data-element_type=\"widget\" data-e-type=\"widget\" data-widget_type=\"heading.default\">\n\t\t\t\t<div class=\"elementor-widget-container\">\n\t\t\t\t\t<h2 class=\"elementor-heading-title elementor-size-default\">\u00bfEn qu\u00e9 consiste?<\/h2>\t\t\t\t<\/div>\n\t\t\t\t<\/div>\n\t\t\t\t\t<\/div>\n\t\t\t\t<\/div>\n\t\t<div class=\"elementor-element elementor-element-e31acfe e-flex e-con-boxed e-con e-parent\" data-id=\"e31acfe\" data-element_type=\"container\" data-e-type=\"container\">\n\t\t\t\t\t<div class=\"e-con-inner\">\n\t\t<div class=\"elementor-element elementor-element-f89d52b e-con-full e-flex e-con e-child\" data-id=\"f89d52b\" data-element_type=\"container\" data-e-type=\"container\">\n\t\t\t\t<div class=\"elementor-element elementor-element-975ff67 elementor-widget elementor-widget-image\" data-id=\"975ff67\" data-element_type=\"widget\" data-e-type=\"widget\" data-widget_type=\"image.default\">\n\t\t\t\t<div class=\"elementor-widget-container\">\n\t\t\t\t\t\t\t\t\t\t\t\t\t\t\t<img fetchpriority=\"high\" decoding=\"async\" width=\"683\" height=\"1024\" src=\"https:\/\/medicinaesteticarionegro.com\/wp-content\/uploads\/2025\/10\/RELLENO-SURCO-NASOGENIANO-683x1024.jpg\" class=\"attachment-large size-large wp-image-1440\" alt=\"\" srcset=\"https:\/\/medicinaesteticarionegro.com\/wp-content\/uploads\/2025\/10\/RELLENO-SURCO-NASOGENIANO-683x1024.jpg 683w, https:\/\/medicinaesteticarionegro.com\/wp-content\/uploads\/2025\/10\/RELLENO-SURCO-NASOGENIANO-200x300.jpg 200w, https:\/\/medicinaesteticarionegro.com\/wp-content\/uploads\/2025\/10\/RELLENO-SURCO-NASOGENIANO-768x1152.jpg 768w, https:\/\/medicinaesteticarionegro.com\/wp-content\/uploads\/2025\/10\/RELLENO-SURCO-NASOGENIANO-1024x1536.jpg 1024w, https:\/\/medicinaesteticarionegro.com\/wp-content\/uploads\/2025\/10\/RELLENO-SURCO-NASOGENIANO-1365x2048.jpg 1365w, https:\/\/medicinaesteticarionegro.com\/wp-content\/uploads\/2025\/10\/RELLENO-SURCO-NASOGENIANO-480x720.jpg 480w, https:\/\/medicinaesteticarionegro.com\/wp-content\/uploads\/2025\/10\/RELLENO-SURCO-NASOGENIANO-scaled.jpg 1707w\" sizes=\"(max-width: 683px) 100vw, 683px\" title=\"RELLENO-SURCO-NASOGENIANO\" \/>\t\t\t\t\t\t\t\t\t\t\t\t\t\t\t<\/div>\n\t\t\t\t<\/div>\n\t\t\t\t<\/div>\n\t\t<div class=\"elementor-element elementor-element-5596c89 e-con-full e-flex e-con e-child\" data-id=\"5596c89\" data-element_type=\"container\" data-e-type=\"container\">\n\t\t\t\t<div class=\"elementor-element elementor-element-22e5e94 elementor-widget elementor-widget-text-editor\" data-id=\"22e5e94\" data-element_type=\"widget\" data-e-type=\"widget\" data-widget_type=\"text-editor.default\">\n\t\t\t\t<div class=\"elementor-widget-container\">\n\t\t\t\t\t\t\t\t\t<p><span style=\"font-weight: 400;\">El surco nasogeniano es la l\u00ednea de expresi\u00f3n que se forma con la edad en los laterales de los labios, desde el final de la nariz hasta debajo de la boca. Estas arrugas son las primeras que suelen aparecer debido a una continua gesticulaci\u00f3n. Por ello, el relleno del surco nasogeniano con \u00e1cido hialur\u00f3nico se recomienda a pacientes a partir de los 35 a\u00f1os.\u00a0<\/span><\/p><p><span style=\"font-weight: 400;\">El relleno del surco nasogeniano con \u00e1cido hialur\u00f3nico permite rejuvenecer el rostro y reducir dichas marcas de expresi\u00f3n aportando a la piel una mayor hidrataci\u00f3n y firmeza para que luzca m\u00e1s joven. El relleno con \u00e1cido hialur\u00f3nico de estos surcos es un tratamiento antiarrugas sencillo y con unos resultados naturales que no alteran la expresi\u00f3n ni forma del rostro de los pacientes.<\/span><\/p>\t\t\t\t\t\t\t\t<\/div>\n\t\t\t\t<\/div>\n\t\t\t\t<\/div>\n\t\t\t\t\t<\/div>\n\t\t\t\t<\/div>\n\t\t<div class=\"elementor-element elementor-element-1b57c5f e-flex e-con-boxed e-con e-parent\" data-id=\"1b57c5f\" data-element_type=\"container\" data-e-type=\"container\">\n\t\t\t\t\t<div class=\"e-con-inner\">\n\t\t\t\t<div class=\"elementor-element elementor-element-399e543 elementor-widget-divider--view-line elementor-widget elementor-widget-divider\" data-id=\"399e543\" data-element_type=\"widget\" data-e-type=\"widget\" data-widget_type=\"divider.default\">\n\t\t\t\t<div class=\"elementor-widget-container\">\n\t\t\t\t\t\t\t<div class=\"elementor-divider\">\n\t\t\t<span class=\"elementor-divider-separator\">\n\t\t\t\t\t\t<\/span>\n\t\t<\/div>\n\t\t\t\t\t\t<\/div>\n\t\t\t\t<\/div>\n\t\t\t\t\t<\/div>\n\t\t\t\t<\/div>\n\t\t<div class=\"elementor-element elementor-element-1204678 e-flex e-con-boxed e-con e-parent\" data-id=\"1204678\" data-element_type=\"container\" data-e-type=\"container\">\n\t\t\t\t\t<div class=\"e-con-inner\">\n\t\t\t\t<div class=\"elementor-element elementor-element-ab15c78 elementor-widget elementor-widget-text-editor\" data-id=\"ab15c78\" data-element_type=\"widget\" data-e-type=\"widget\" data-widget_type=\"text-editor.default\">\n\t\t\t\t<div class=\"elementor-widget-container\">\n\t\t\t\t\t\t\t\t\t<p><b>INDICACIONES:<\/b><\/p>\n<ul>\n<li aria-level=\"1\"><span style=\"font-weight: 400;\">Mejorar la apariencia del surco nasogeniano&nbsp;<\/span><\/li>\n<\/ul>\n<ul>\n<li aria-level=\"1\"><span style=\"font-weight: 400;\">Envejecimiento desde grado I hasta grado II<\/span><\/li>\n<\/ul>\n<ul>\n<li aria-level=\"1\"><span style=\"font-weight: 400;\">Armonizaci\u00f3n facial&nbsp;<\/span><\/li>\n<\/ul>\n<h6 style=\"text-align: left;\">&nbsp;<\/h6>\n<p><b>CUIDADOS PREVIOS:<\/b><\/p>\n<ul>\n<li style=\"font-weight: 400;\" aria-level=\"1\"><span style=\"font-weight: 400;\">No tener ning\u00fan tipo de cremas aplicadas en el rostro el d\u00eda de la sesi\u00f3n<\/span><\/li>\n<\/ul>\n<h6 style=\"text-align: left;\">&nbsp;<\/h6>\n<p><b>DURACION: <\/b><span style=\"font-weight: 400;\">25 minutos&nbsp;<\/span><\/p>\n<h6 style=\"text-align: left;\">&nbsp;<\/h6>\n<p><b>DOLOR: <\/b><span style=\"font-weight: 400;\">3\/10 anestesia t\u00f3pica<\/span><\/p>\n<h6 style=\"text-align: left;\">&nbsp;<\/h6>\n<p><b>CONTRAINDICACIONES:&nbsp;<\/b><\/p>\n<ul>\n<li style=\"font-weight: 400;\" aria-level=\"1\"><span style=\"font-weight: 400;\">Embarazo y lactancia.<\/span><\/li>\n<li style=\"font-weight: 400;\" aria-level=\"1\"><span style=\"font-weight: 400;\">Trastornos neuromusculares<\/span><\/li>\n<li style=\"font-weight: 400;\" aria-level=\"1\"><span style=\"font-weight: 400;\">Aplicaci\u00f3n reciente, 4 meses previos.<\/span><\/li>\n<li style=\"font-weight: 400;\" aria-level=\"1\"><span style=\"font-weight: 400;\">Alergias &nbsp;<\/span><\/li>\n<\/ul>\n<h6 style=\"text-align: left;\">&nbsp;<\/h6>\n<p><b>CUIDADOS POSTERIORES:<\/b><\/p>\n<ul>\n<li style=\"font-weight: 400;\" aria-level=\"1\"><span style=\"font-weight: 400;\">No usar accesorios que hagan presi\u00f3n en los sitios de punci\u00f3n como: cascos, gorros, sombreros, o balacas<\/span><\/li>\n<li style=\"font-weight: 400;\" aria-level=\"1\"><span style=\"font-weight: 400;\">No usar cremas en casa, el d\u00eda de la aplicaci\u00f3n<\/span><\/li>\n<li style=\"font-weight: 400;\" aria-level=\"1\"><span style=\"font-weight: 400;\">No exposici\u00f3n solar directa hasta un 10 d\u00eda despu\u00e9s del tratamiento<\/span><\/li>\n<li style=\"font-weight: 400;\" aria-level=\"1\"><span style=\"font-weight: 400;\">No tocar ni masajear la zona de inyecci\u00f3n.<\/span><\/li>\n<li style=\"font-weight: 400;\" aria-level=\"1\"><span style=\"font-weight: 400;\">En caso de morado o zonas blanquecinas avisar inmediatamente a su medico&nbsp;<\/span><\/li>\n<li style=\"font-weight: 400;\" aria-level=\"1\"><span style=\"font-weight: 400;\">evitar las saunas y los ba\u00f1os turcos<\/span><\/li>\n<li style=\"font-weight: 400;\" aria-level=\"1\"><span style=\"font-weight: 400;\">evitar el consumo de alcohol, y no tomar aspirinas ni antiinflamatorios<\/span><\/li>\n<li style=\"font-weight: 400;\" aria-level=\"1\"><span style=\"font-weight: 400;\">no realizar ejercicio por 24 horas&nbsp;<\/span><\/li>\n<\/ul>\n<h6 style=\"text-align: left;\">&nbsp;<\/h6>\n<p><b>EFECTOS SECUNDARIOS:<\/b><\/p>\n<ul>\n<li aria-level=\"1\"><span style=\"font-weight: 400;\">Puede producirse alguna asimetr\u00eda en la cara ya que la base del propio rostro es asim\u00e9trico.<\/span><\/li>\n<li aria-level=\"1\"><span style=\"font-weight: 400;\">Eritema (rojez)<\/span><\/li>\n<li aria-level=\"1\"><span style=\"font-weight: 400;\">Prurito (picaz\u00f3n)&nbsp;<\/span><\/li>\n<li aria-level=\"1\"><span style=\"font-weight: 400;\">Equimosis (morados)<\/span><\/li>\n<li aria-level=\"1\"><span style=\"font-weight: 400;\">Edema (Inflamaci\u00f3n)<\/span><\/li>\n<li aria-level=\"1\"><span style=\"font-weight: 400;\">Dolor en la zona de punci\u00f3n.<\/span><\/li>\n<li aria-level=\"1\"><span style=\"font-weight: 400;\">Puede notar la presencia de alg\u00fan \u00abbultito\u00bb durante aproximadamente una semana.<\/span><\/li>\n<\/ul>\t\t\t\t\t\t\t\t<\/div>\n\t\t\t\t<\/div>\n\t\t\t\t\t<\/div>\n\t\t\t\t<\/div>\n\t\t\t\t<\/div>","protected":false},"excerpt":{"rendered":"<p>Relleno Surco Nasogeniano \u00bfEn qu\u00e9 consiste? El surco nasogeniano es la l\u00ednea de expresi\u00f3n que se forma con la edad en los laterales de los labios, desde el final de la nariz hasta debajo de la boca. Estas arrugas son las primeras que suelen aparecer debido a una continua gesticulaci\u00f3n. Por ello, el relleno del [&hellip;]<\/p>\n","protected":false},"author":1,"featured_media":0,"parent":0,"menu_order":0,"comment_status":"closed","ping_status":"closed","template":"elementor_header_footer","meta":{"footnotes":""},"class_list":["post-1248","page","type-page","status-publish","hentry"],"yoast_head":"<!-- This site is optimized with the Yoast SEO Premium plugin v26.3 (Yoast SEO v27.5) - https:\/\/yoast.com\/product\/yoast-seo-premium-wordpress\/ -->\n<title>RELLENO SURCO NASOGENIANO | Dra. Natalia Elejalde<\/title>\n<meta name=\"robots\" content=\"index, follow, max-snippet:-1, max-image-preview:large, max-video-preview:-1\" \/>\n<link rel=\"canonical\" href=\"https:\/\/medicinaesteticarionegro.com\/en\/relleno-surco-nasogeniano\/\" \/>\n<meta property=\"og:locale\" content=\"en_US\" \/>\n<meta property=\"og:type\" content=\"article\" \/>\n<meta property=\"og:title\" content=\"RELLENO SURCO NASOGENIANO\" \/>\n<meta property=\"og:description\" content=\"Relleno Surco Nasogeniano \u00bfEn qu\u00e9 consiste? El surco nasogeniano es la l\u00ednea de expresi\u00f3n que se forma con la edad en los laterales de los labios, desde el final de la nariz hasta debajo de la boca. Estas arrugas son las primeras que suelen aparecer debido a una continua gesticulaci\u00f3n. Por ello, el relleno del [&hellip;]\" \/>\n<meta property=\"og:url\" content=\"https:\/\/medicinaesteticarionegro.com\/en\/relleno-surco-nasogeniano\/\" \/>\n<meta property=\"og:site_name\" content=\"Dra. Natalia Elejalde\" \/>\n<meta property=\"article:modified_time\" content=\"2025-10-31T23:35:11+00:00\" \/>\n<meta property=\"og:image\" content=\"https:\/\/medicinaesteticarionegro.com\/wp-content\/uploads\/2025\/10\/RELLENO-SURCO-NASOGENIANO-scaled.jpg\" \/>\n\t<meta property=\"og:image:width\" content=\"1707\" \/>\n\t<meta property=\"og:image:height\" content=\"2560\" \/>\n\t<meta property=\"og:image:type\" content=\"image\/jpeg\" \/>\n<meta name=\"twitter:card\" content=\"summary_large_image\" \/>\n<meta name=\"twitter:label1\" content=\"Est. reading time\" \/>\n\t<meta name=\"twitter:data1\" content=\"2 minutes\" \/>\n<script type=\"application\/ld+json\" class=\"yoast-schema-graph\">{\"@context\":\"https:\\\/\\\/schema.org\",\"@graph\":[{\"@type\":\"WebPage\",\"@id\":\"https:\\\/\\\/medicinaesteticarionegro.com\\\/relleno-surco-nasogeniano\\\/\",\"url\":\"https:\\\/\\\/medicinaesteticarionegro.com\\\/relleno-surco-nasogeniano\\\/\",\"name\":\"RELLENO SURCO NASOGENIANO | Dra. Natalia Elejalde\",\"isPartOf\":{\"@id\":\"https:\\\/\\\/medicinaesteticarionegro.com\\\/#website\"},\"primaryImageOfPage\":{\"@id\":\"https:\\\/\\\/medicinaesteticarionegro.com\\\/relleno-surco-nasogeniano\\\/#primaryimage\"},\"image\":{\"@id\":\"https:\\\/\\\/medicinaesteticarionegro.com\\\/relleno-surco-nasogeniano\\\/#primaryimage\"},\"thumbnailUrl\":\"https:\\\/\\\/medicinaesteticarionegro.com\\\/wp-content\\\/uploads\\\/2025\\\/10\\\/RELLENO-SURCO-NASOGENIANO-683x1024.jpg\",\"datePublished\":\"2025-10-14T02:11:33+00:00\",\"dateModified\":\"2025-10-31T23:35:11+00:00\",\"breadcrumb\":{\"@id\":\"https:\\\/\\\/medicinaesteticarionegro.com\\\/relleno-surco-nasogeniano\\\/#breadcrumb\"},\"inLanguage\":\"en-US\",\"potentialAction\":[{\"@type\":\"ReadAction\",\"target\":[\"https:\\\/\\\/medicinaesteticarionegro.com\\\/relleno-surco-nasogeniano\\\/\"]}]},{\"@type\":\"ImageObject\",\"inLanguage\":\"en-US\",\"@id\":\"https:\\\/\\\/medicinaesteticarionegro.com\\\/relleno-surco-nasogeniano\\\/#primaryimage\",\"url\":\"https:\\\/\\\/medicinaesteticarionegro.com\\\/wp-content\\\/uploads\\\/2025\\\/10\\\/RELLENO-SURCO-NASOGENIANO-683x1024.jpg\",\"contentUrl\":\"https:\\\/\\\/medicinaesteticarionegro.com\\\/wp-content\\\/uploads\\\/2025\\\/10\\\/RELLENO-SURCO-NASOGENIANO-683x1024.jpg\"},{\"@type\":\"BreadcrumbList\",\"@id\":\"https:\\\/\\\/medicinaesteticarionegro.com\\\/relleno-surco-nasogeniano\\\/#breadcrumb\",\"itemListElement\":[{\"@type\":\"ListItem\",\"position\":1,\"name\":\"Home\",\"item\":\"https:\\\/\\\/medicinaesteticarionegro.com\\\/\"},{\"@type\":\"ListItem\",\"position\":2,\"name\":\"RELLENO SURCO NASOGENIANO\"}]},{\"@type\":\"WebSite\",\"@id\":\"https:\\\/\\\/medicinaesteticarionegro.com\\\/#website\",\"url\":\"https:\\\/\\\/medicinaesteticarionegro.com\\\/\",\"name\":\"Dra. Natalia Elejalde - Medicina Est\u00e9tica en Rionegro\",\"description\":\"\",\"publisher\":{\"@id\":\"https:\\\/\\\/medicinaesteticarionegro.com\\\/#\\\/schema\\\/person\\\/eb3b978a6515276f13759d6072cf20d2\"},\"alternateName\":\"Medicina Estetica Rionegro\",\"potentialAction\":[{\"@type\":\"SearchAction\",\"target\":{\"@type\":\"EntryPoint\",\"urlTemplate\":\"https:\\\/\\\/medicinaesteticarionegro.com\\\/?s={search_term_string}\"},\"query-input\":{\"@type\":\"PropertyValueSpecification\",\"valueRequired\":true,\"valueName\":\"search_term_string\"}}],\"inLanguage\":\"en-US\"},{\"@type\":[\"Person\",\"Organization\"],\"@id\":\"https:\\\/\\\/medicinaesteticarionegro.com\\\/#\\\/schema\\\/person\\\/eb3b978a6515276f13759d6072cf20d2\",\"name\":\"dranataliaelejalde@outlook.com\",\"image\":{\"@type\":\"ImageObject\",\"inLanguage\":\"en-US\",\"@id\":\"https:\\\/\\\/medicinaesteticarionegro.com\\\/wp-content\\\/uploads\\\/2025\\\/10\\\/cropped-LOGO-ANCHO.png\",\"url\":\"https:\\\/\\\/medicinaesteticarionegro.com\\\/wp-content\\\/uploads\\\/2025\\\/10\\\/cropped-LOGO-ANCHO.png\",\"contentUrl\":\"https:\\\/\\\/medicinaesteticarionegro.com\\\/wp-content\\\/uploads\\\/2025\\\/10\\\/cropped-LOGO-ANCHO.png\",\"width\":512,\"height\":512,\"caption\":\"dranataliaelejalde@outlook.com\"},\"logo\":{\"@id\":\"https:\\\/\\\/medicinaesteticarionegro.com\\\/wp-content\\\/uploads\\\/2025\\\/10\\\/cropped-LOGO-ANCHO.png\"},\"sameAs\":[\"https:\\\/\\\/medicinaesteticarionegro.com\"]}]}<\/script>\n<!-- \/ Yoast SEO Premium plugin. -->","yoast_head_json":{"title":"RELLENO SURCO NASOGENIANO | Dra. Natalia Elejalde","robots":{"index":"index","follow":"follow","max-snippet":"max-snippet:-1","max-image-preview":"max-image-preview:large","max-video-preview":"max-video-preview:-1"},"canonical":"https:\/\/medicinaesteticarionegro.com\/en\/relleno-surco-nasogeniano\/","og_locale":"en_US","og_type":"article","og_title":"RELLENO SURCO NASOGENIANO","og_description":"Relleno Surco Nasogeniano \u00bfEn qu\u00e9 consiste? El surco nasogeniano es la l\u00ednea de expresi\u00f3n que se forma con la edad en los laterales de los labios, desde el final de la nariz hasta debajo de la boca. Estas arrugas son las primeras que suelen aparecer debido a una continua gesticulaci\u00f3n. Por ello, el relleno del [&hellip;]","og_url":"https:\/\/medicinaesteticarionegro.com\/en\/relleno-surco-nasogeniano\/","og_site_name":"Dra. Natalia Elejalde","article_modified_time":"2025-10-31T23:35:11+00:00","og_image":[{"width":1707,"height":2560,"url":"https:\/\/medicinaesteticarionegro.com\/wp-content\/uploads\/2025\/10\/RELLENO-SURCO-NASOGENIANO-scaled.jpg","type":"image\/jpeg"}],"twitter_card":"summary_large_image","twitter_misc":{"Est. reading time":"2 minutes"},"schema":{"@context":"https:\/\/schema.org","@graph":[{"@type":"WebPage","@id":"https:\/\/medicinaesteticarionegro.com\/relleno-surco-nasogeniano\/","url":"https:\/\/medicinaesteticarionegro.com\/relleno-surco-nasogeniano\/","name":"RELLENO SURCO NASOGENIANO | Dra. Natalia Elejalde","isPartOf":{"@id":"https:\/\/medicinaesteticarionegro.com\/#website"},"primaryImageOfPage":{"@id":"https:\/\/medicinaesteticarionegro.com\/relleno-surco-nasogeniano\/#primaryimage"},"image":{"@id":"https:\/\/medicinaesteticarionegro.com\/relleno-surco-nasogeniano\/#primaryimage"},"thumbnailUrl":"https:\/\/medicinaesteticarionegro.com\/wp-content\/uploads\/2025\/10\/RELLENO-SURCO-NASOGENIANO-683x1024.jpg","datePublished":"2025-10-14T02:11:33+00:00","dateModified":"2025-10-31T23:35:11+00:00","breadcrumb":{"@id":"https:\/\/medicinaesteticarionegro.com\/relleno-surco-nasogeniano\/#breadcrumb"},"inLanguage":"en-US","potentialAction":[{"@type":"ReadAction","target":["https:\/\/medicinaesteticarionegro.com\/relleno-surco-nasogeniano\/"]}]},{"@type":"ImageObject","inLanguage":"en-US","@id":"https:\/\/medicinaesteticarionegro.com\/relleno-surco-nasogeniano\/#primaryimage","url":"https:\/\/medicinaesteticarionegro.com\/wp-content\/uploads\/2025\/10\/RELLENO-SURCO-NASOGENIANO-683x1024.jpg","contentUrl":"https:\/\/medicinaesteticarionegro.com\/wp-content\/uploads\/2025\/10\/RELLENO-SURCO-NASOGENIANO-683x1024.jpg"},{"@type":"BreadcrumbList","@id":"https:\/\/medicinaesteticarionegro.com\/relleno-surco-nasogeniano\/#breadcrumb","itemListElement":[{"@type":"ListItem","position":1,"name":"Home","item":"https:\/\/medicinaesteticarionegro.com\/"},{"@type":"ListItem","position":2,"name":"RELLENO SURCO NASOGENIANO"}]},{"@type":"WebSite","@id":"https:\/\/medicinaesteticarionegro.com\/#website","url":"https:\/\/medicinaesteticarionegro.com\/","name":"Dra. Natalia Elejalde - Medicina Est\u00e9tica en Rionegro","description":"","publisher":{"@id":"https:\/\/medicinaesteticarionegro.com\/#\/schema\/person\/eb3b978a6515276f13759d6072cf20d2"},"alternateName":"Medicina Estetica Rionegro","potentialAction":[{"@type":"SearchAction","target":{"@type":"EntryPoint","urlTemplate":"https:\/\/medicinaesteticarionegro.com\/?s={search_term_string}"},"query-input":{"@type":"PropertyValueSpecification","valueRequired":true,"valueName":"search_term_string"}}],"inLanguage":"en-US"},{"@type":["Person","Organization"],"@id":"https:\/\/medicinaesteticarionegro.com\/#\/schema\/person\/eb3b978a6515276f13759d6072cf20d2","name":"dranataliaelejalde@outlook.com","image":{"@type":"ImageObject","inLanguage":"en-US","@id":"https:\/\/medicinaesteticarionegro.com\/wp-content\/uploads\/2025\/10\/cropped-LOGO-ANCHO.png","url":"https:\/\/medicinaesteticarionegro.com\/wp-content\/uploads\/2025\/10\/cropped-LOGO-ANCHO.png","contentUrl":"https:\/\/medicinaesteticarionegro.com\/wp-content\/uploads\/2025\/10\/cropped-LOGO-ANCHO.png","width":512,"height":512,"caption":"dranataliaelejalde@outlook.com"},"logo":{"@id":"https:\/\/medicinaesteticarionegro.com\/wp-content\/uploads\/2025\/10\/cropped-LOGO-ANCHO.png"},"sameAs":["https:\/\/medicinaesteticarionegro.com"]}]}},"_hostinger_reach_plugin_has_subscription_block":false,"_hostinger_reach_plugin_is_elementor":false,"_links":{"self":[{"href":"https:\/\/medicinaesteticarionegro.com\/en\/wp-json\/wp\/v2\/pages\/1248","targetHints":{"allow":["GET"]}}],"collection":[{"href":"https:\/\/medicinaesteticarionegro.com\/en\/wp-json\/wp\/v2\/pages"}],"about":[{"href":"https:\/\/medicinaesteticarionegro.com\/en\/wp-json\/wp\/v2\/types\/page"}],"author":[{"embeddable":true,"href":"https:\/\/medicinaesteticarionegro.com\/en\/wp-json\/wp\/v2\/users\/1"}],"replies":[{"embeddable":true,"href":"https:\/\/medicinaesteticarionegro.com\/en\/wp-json\/wp\/v2\/comments?post=1248"}],"version-history":[{"count":31,"href":"https:\/\/medicinaesteticarionegro.com\/en\/wp-json\/wp\/v2\/pages\/1248\/revisions"}],"predecessor-version":[{"id":2986,"href":"https:\/\/medicinaesteticarionegro.com\/en\/wp-json\/wp\/v2\/pages\/1248\/revisions\/2986"}],"wp:attachment":[{"href":"https:\/\/medicinaesteticarionegro.com\/en\/wp-json\/wp\/v2\/media?parent=1248"}],"curies":[{"name":"wp","href":"https:\/\/api.w.org\/{rel}","templated":true}]}}