{"id":1280,"date":"2025-10-14T02:56:29","date_gmt":"2025-10-14T02:56:29","guid":{"rendered":"https:\/\/medicinaesteticarionegro.com\/?page_id=1280"},"modified":"2025-10-31T23:32:25","modified_gmt":"2025-10-31T23:32:25","slug":"rejuvenecimiento-facial-con-hilos","status":"publish","type":"page","link":"https:\/\/medicinaesteticarionegro.com\/en\/rejuvenecimiento-facial-con-hilos\/","title":{"rendered":"REJUVENECIMIENTO FACIAL CON HILOS"},"content":{"rendered":"<div data-elementor-type=\"wp-page\" data-elementor-id=\"1280\" class=\"elementor elementor-1280\" data-elementor-post-type=\"page\">\n\t\t\t\t<div class=\"elementor-element elementor-element-8415c96 e-con-full gt3_parallax-yes e-flex e-con e-parent\" data-id=\"8415c96\" data-element_type=\"container\" data-e-type=\"container\" data-settings=\"{&quot;background_background&quot;:&quot;classic&quot;}\">\n\t\t\t\t<\/div>\n\t\t<div class=\"elementor-element elementor-element-6507a5d8 e-con-full e-flex e-con e-parent\" data-id=\"6507a5d8\" data-element_type=\"container\" data-e-type=\"container\" data-settings=\"{&quot;background_background&quot;:&quot;classic&quot;,&quot;shape_divider_bottom&quot;:&quot;mountains&quot;}\">\n\t\t\t\t<div class=\"elementor-shape elementor-shape-bottom\" aria-hidden=\"true\" data-negative=\"false\">\n\t\t\t<svg xmlns=\"http:\/\/www.w3.org\/2000\/svg\" viewbox=\"0 0 1000 100\" preserveaspectratio=\"none\">\n\t<path class=\"elementor-shape-fill\" opacity=\"0.33\" d=\"M473,67.3c-203.9,88.3-263.1-34-320.3,0C66,119.1,0,59.7,0,59.7V0h1000v59.7 c0,0-62.1,26.1-94.9,29.3c-32.8,3.3-62.8-12.3-75.8-22.1C806,49.6,745.3,8.7,694.9,4.7S492.4,59,473,67.3z\"\/>\n\t<path class=\"elementor-shape-fill\" opacity=\"0.66\" d=\"M734,67.3c-45.5,0-77.2-23.2-129.1-39.1c-28.6-8.7-150.3-10.1-254,39.1 s-91.7-34.4-149.2,0C115.7,118.3,0,39.8,0,39.8V0h1000v36.5c0,0-28.2-18.5-92.1-18.5C810.2,18.1,775.7,67.3,734,67.3z\"\/>\n\t<path class=\"elementor-shape-fill\" d=\"M766.1,28.9c-200-57.5-266,65.5-395.1,19.5C242,1.8,242,5.4,184.8,20.6C128,35.8,132.3,44.9,89.9,52.5C28.6,63.7,0,0,0,0 h1000c0,0-9.9,40.9-83.6,48.1S829.6,47,766.1,28.9z\"\/>\n<\/svg>\t\t<\/div>\n\t\t\t\t<div class=\"elementor-element elementor-element-1ee9d342 elementor-widget-mobile__width-initial elementor-widget elementor-widget-heading\" data-id=\"1ee9d342\" data-element_type=\"widget\" data-e-type=\"widget\" data-widget_type=\"heading.default\">\n\t\t\t\t<div class=\"elementor-widget-container\">\n\t\t\t\t\t<h2 class=\"elementor-heading-title elementor-size-default\">Rejuvecimiento facial con hilos<\/h2>\t\t\t\t<\/div>\n\t\t\t\t<\/div>\n\t\t\t\t<\/div>\n\t\t<div class=\"elementor-element elementor-element-4fd5dab e-flex e-con-boxed e-con e-parent\" data-id=\"4fd5dab\" data-element_type=\"container\" data-e-type=\"container\">\n\t\t\t\t\t<div class=\"e-con-inner\">\n\t\t\t\t<div class=\"elementor-element elementor-element-9216f9c elementor-widget elementor-widget-heading\" data-id=\"9216f9c\" data-element_type=\"widget\" data-e-type=\"widget\" data-widget_type=\"heading.default\">\n\t\t\t\t<div class=\"elementor-widget-container\">\n\t\t\t\t\t<h2 class=\"elementor-heading-title elementor-size-default\">\u00bfEn qu\u00e9 consiste?<\/h2>\t\t\t\t<\/div>\n\t\t\t\t<\/div>\n\t\t\t\t\t<\/div>\n\t\t\t\t<\/div>\n\t\t<div class=\"elementor-element elementor-element-e31acfe e-flex e-con-boxed e-con e-parent\" data-id=\"e31acfe\" data-element_type=\"container\" data-e-type=\"container\">\n\t\t\t\t\t<div class=\"e-con-inner\">\n\t\t<div class=\"elementor-element elementor-element-f89d52b e-con-full e-flex e-con e-child\" data-id=\"f89d52b\" data-element_type=\"container\" data-e-type=\"container\">\n\t\t\t\t<div class=\"elementor-element elementor-element-975ff67 elementor-widget elementor-widget-image\" data-id=\"975ff67\" data-element_type=\"widget\" data-e-type=\"widget\" data-widget_type=\"image.default\">\n\t\t\t\t<div class=\"elementor-widget-container\">\n\t\t\t\t\t\t\t\t\t\t\t\t\t\t\t<img fetchpriority=\"high\" decoding=\"async\" width=\"683\" height=\"1024\" src=\"https:\/\/medicinaesteticarionegro.com\/wp-content\/uploads\/2025\/01\/HILOS-TENSORES-RIONEGRO-683x1024.jpg\" class=\"attachment-large size-large wp-image-1079\" alt=\"\" srcset=\"https:\/\/medicinaesteticarionegro.com\/wp-content\/uploads\/2025\/01\/HILOS-TENSORES-RIONEGRO-683x1024.jpg 683w, https:\/\/medicinaesteticarionegro.com\/wp-content\/uploads\/2025\/01\/HILOS-TENSORES-RIONEGRO-200x300.jpg 200w, https:\/\/medicinaesteticarionegro.com\/wp-content\/uploads\/2025\/01\/HILOS-TENSORES-RIONEGRO-768x1152.jpg 768w, https:\/\/medicinaesteticarionegro.com\/wp-content\/uploads\/2025\/01\/HILOS-TENSORES-RIONEGRO-1024x1536.jpg 1024w, https:\/\/medicinaesteticarionegro.com\/wp-content\/uploads\/2025\/01\/HILOS-TENSORES-RIONEGRO-1365x2048.jpg 1365w, https:\/\/medicinaesteticarionegro.com\/wp-content\/uploads\/2025\/01\/HILOS-TENSORES-RIONEGRO-480x720.jpg 480w, https:\/\/medicinaesteticarionegro.com\/wp-content\/uploads\/2025\/01\/HILOS-TENSORES-RIONEGRO-scaled.jpg 1707w\" sizes=\"(max-width: 683px) 100vw, 683px\" title=\"HILOS-TENSORES-RIONEGRO\" \/>\t\t\t\t\t\t\t\t\t\t\t\t\t\t\t<\/div>\n\t\t\t\t<\/div>\n\t\t\t\t<\/div>\n\t\t<div class=\"elementor-element elementor-element-5596c89 e-con-full e-flex e-con e-child\" data-id=\"5596c89\" data-element_type=\"container\" data-e-type=\"container\">\n\t\t\t\t<div class=\"elementor-element elementor-element-22e5e94 elementor-widget elementor-widget-text-editor\" data-id=\"22e5e94\" data-element_type=\"widget\" data-e-type=\"widget\" data-widget_type=\"text-editor.default\">\n\t\t\t\t<div class=\"elementor-widget-container\">\n\t\t\t\t\t\t\t\t\t<p>Tratamiento est\u00e9tico no quir\u00fargico que redefine el contorno del rostro, mejora la firmeza de la piel y estimula la producci\u00f3n de col\u00e1geno. Mediante hilos reabsorbibles, se logra un efecto lifting natural, inmediato y progresivo, sin necesidad de cirug\u00eda ni largos tiempos de recuperaci\u00f3n.<\/p>\t\t\t\t\t\t\t\t<\/div>\n\t\t\t\t<\/div>\n\t\t\t\t<\/div>\n\t\t\t\t\t<\/div>\n\t\t\t\t<\/div>\n\t\t<div class=\"elementor-element elementor-element-1b57c5f e-flex e-con-boxed e-con e-parent\" data-id=\"1b57c5f\" data-element_type=\"container\" data-e-type=\"container\">\n\t\t\t\t\t<div class=\"e-con-inner\">\n\t\t\t\t<div class=\"elementor-element elementor-element-399e543 elementor-widget-divider--view-line elementor-widget elementor-widget-divider\" data-id=\"399e543\" data-element_type=\"widget\" data-e-type=\"widget\" data-widget_type=\"divider.default\">\n\t\t\t\t<div class=\"elementor-widget-container\">\n\t\t\t\t\t\t\t<div class=\"elementor-divider\">\n\t\t\t<span class=\"elementor-divider-separator\">\n\t\t\t\t\t\t<\/span>\n\t\t<\/div>\n\t\t\t\t\t\t<\/div>\n\t\t\t\t<\/div>\n\t\t\t\t\t<\/div>\n\t\t\t\t<\/div>\n\t\t<div class=\"elementor-element elementor-element-1204678 e-flex e-con-boxed e-con e-parent\" data-id=\"1204678\" data-element_type=\"container\" data-e-type=\"container\">\n\t\t\t\t\t<div class=\"e-con-inner\">\n\t\t\t\t<div class=\"elementor-element elementor-element-ab15c78 elementor-widget elementor-widget-text-editor\" data-id=\"ab15c78\" data-element_type=\"widget\" data-e-type=\"widget\" data-widget_type=\"text-editor.default\">\n\t\t\t\t<div class=\"elementor-widget-container\">\n\t\t\t\t\t\t\t\t\t<p><b>HILOS TENSORES<\/b><\/p><p><span style=\"font-weight: 400;\">Los\u00a0Hilos Tensores\u00a0son una de las t\u00e9cnicas de medicina est\u00e9tica m\u00e1s efectivas para rejuvenecer el rostro. Creando una peque\u00f1a sensaci\u00f3n de tensi\u00f3n en la piel, el paciente podr\u00e1 eliminar arrugas, mejorar la flacidez facial tan frecuente con el paso de los a\u00f1os y activar la producci\u00f3n natural de col\u00e1geno y elastina. Considerado por la medicina como el\u00a0lifting facial sin cirug\u00eda<\/span><b>.<\/b><\/p><p><span style=\"font-weight: 400;\">El\u00a0<\/span><span style=\"font-weight: 400;\">n\u00famero de hilos<\/span><span style=\"font-weight: 400;\">\u00a0que se requieren para cada caso var\u00eda seg\u00fan el tipo de piel y la afecci\u00f3n que se quiera tratar. Los\u00a0<\/span><span style=\"font-weight: 400;\">hilos tensores<\/span><span style=\"font-weight: 400;\">\u00a0pueden ser utilizados tanto en el rostro como en la zona corporal y dependiendo de su uso tendr\u00e1n una longitud variable.<\/span><\/p><p>\u00a0<\/p><p><b>INDICACIONES:<\/b><\/p><ul><li style=\"font-weight: 400;\" aria-level=\"1\"><span style=\"font-weight: 400;\">Paciente con flacidez f\u00e1cil.<\/span><\/li><\/ul><div><span style=\"font-size: 16px;\">\u00a0<\/span><\/div><p><b>CUIDADOS PREVIOS:<\/b><\/p><ul><li style=\"font-weight: 400;\" aria-level=\"1\"><span style=\"font-weight: 400;\">No tomar alcohol 2 d\u00edas antes del procedimiento\u00a0<\/span><\/li><li style=\"font-weight: 400;\" aria-level=\"1\"><span style=\"font-weight: 400;\">Asistir sin maquillaje\u00a0 ni cremas aplicadas en el rostro a la cita<\/span><\/li><\/ul><div><span style=\"font-size: 16px;\">\u00a0<\/span><\/div><p><b>DURACI\u00d3N: <\/b><span style=\"font-weight: 400;\">Aproximadamente 40 min\u00a0<\/span><\/p><p><b>DOLOR: <\/b><span style=\"font-weight: 400;\">4\/10 anestesia topica\u00a0<\/span><\/p><p><b>CONTRAINDICACIONES:<\/b><\/p><ul><li><span style=\"font-weight: 400;\">Mujeres embarazadas o lactantes<\/span><\/li><li><span style=\"font-weight: 400;\">Personas con enfermedades inmunol\u00f3gicas<\/span><\/li><li><span style=\"font-weight: 400;\">Diabetes no controlada<\/span><\/li><li><span style=\"font-weight: 400;\">Alergia a sutura<\/span><\/li><\/ul><div><span style=\"font-size: 16px;\">\u00a0<\/span><\/div><p><b>CUIDADOS POSTERIORES:<\/b><\/p><ul><li><span style=\"font-weight: 400;\">Evitar ejercicio intenso\u00a0<\/span><\/li><li><span style=\"font-weight: 400;\">Evitar exponerse al sol\u00a0<\/span><\/li><li><span style=\"font-weight: 400;\">No frotar ni tocar la zona tratada\u00a0<\/span><\/li><li><span style=\"font-weight: 400;\">Evitar dormir boca abajo<\/span><\/li><li><span style=\"font-weight: 400;\">Evitar el consumo de alcohol<\/span><span style=\"font-weight: 400;\"><\/span><\/li><li><span style=\"font-weight: 400;\">Evitar masticar abriendo la boca<\/span><p>\u00a0<\/p><\/li><\/ul><div><span style=\"font-size: 16px;\">\u00a0<\/span><\/div><p><b>EFECTOS SECUNDARIOS:<\/b><\/p><ul><li style=\"font-weight: 400;\" aria-level=\"1\"><span style=\"font-weight: 400;\">Hematomas\u00a0<\/span><\/li><li style=\"font-weight: 400;\" aria-level=\"1\"><span style=\"font-weight: 400;\">Dolor<\/span><\/li><li style=\"font-weight: 400;\" aria-level=\"1\"><span style=\"font-weight: 400;\">Rechazo del hilo\u00a0<\/span><\/li><li style=\"font-weight: 400;\" aria-level=\"1\"><span style=\"font-weight: 400;\">Inflamaci\u00f3n<\/span><\/li><\/ul><div><span style=\"font-size: 16px;\">\u00a0<\/span><\/div><p><b>HILOS DE COLAGENO\u00a0<\/b><\/p><p><span style=\"font-weight: 400;\">Es un tratamiento est\u00e9tico donde se utilizan hilos reabsorbibles para mejorar la firmeza y la estructura de la piel. Estos hilos est\u00e1n hechos de un material biocompatible, \u00e1cido prolil\u00e1ctico y se insertan debajo de la piel para estimular la producci\u00f3n de col\u00e1geno y mejorar la elasticidad facial. Es procedimiento m\u00ednimamente invasivo que puede ayudar a reducir la flacidez y mejorar el contorno facial, aunque los resultados pueden variar seg\u00fan la persona y el tipo de hilo utilizado\u00a0<\/span><\/p><p><b>INDICACIONES:<\/b><\/p><ul><li aria-level=\"1\"><span style=\"font-weight: 400;\">Mejorar la estimulaci\u00f3n de col\u00e1geno y elastina en a piel\u00a0<\/span><\/li><\/ul><ul><li aria-level=\"1\"><span style=\"font-weight: 400;\">Reducir la flacidez facial<\/span><\/li><\/ul><div><span style=\"font-size: 16px;\">\u00a0<\/span><\/div><p><b>CUIDADOS PREVIOS:\u00a0<\/b><\/p><ul><li aria-level=\"1\"><span style=\"font-weight: 400;\">No aplicar ning\u00fan tipo de cremas o maquillaje en el rostro el d\u00eda del procedimiento\u00a0<\/span><\/li><\/ul><div><span style=\"font-size: 16px;\">\u00a0<\/span><\/div><p><b>DURACI\u00d3N: <\/b><span style=\"font-weight: 400;\">40 minutos\u00a0<\/span><\/p><p>\u00a0<\/p><p><b>DOLOR: <\/b><span style=\"font-weight: 400;\">3\/10 anestesia topica\u00a0<\/span><\/p><p>\u00a0<\/p><p><b>CONTRAINDICACIONES:<\/b><\/p><ul><li aria-level=\"1\"><span style=\"font-weight: 400;\">embarazo o lactancia\u00a0<\/span><\/li><\/ul><ul><li aria-level=\"1\"><span style=\"font-weight: 400;\">infecciones activas\u00a0<\/span><\/li><\/ul><ul><li aria-level=\"1\"><span style=\"font-weight: 400;\">piel sensible\u00a0<\/span><\/li><\/ul><ul><li aria-level=\"1\"><span style=\"font-weight: 400;\">trastornos de coagulaci\u00f3n<\/span><\/li><\/ul><div><span style=\"font-size: 16px;\">\u00a0<\/span><\/div><p><b>CUIDADOS POSTERIORES:<\/b><\/p><ul><li aria-level=\"1\"><span style=\"font-weight: 400;\">Evitar manipular la zona tratada<\/span><\/li><\/ul><ul><li aria-level=\"1\"><span style=\"font-weight: 400;\">Evitar el ejercicio intenso\u00a0<\/span><\/li><\/ul><ul><li aria-level=\"1\"><span style=\"font-weight: 400;\">No exponerse al sol\u00a0<\/span><\/li><\/ul><ul><li aria-level=\"1\"><span style=\"font-weight: 400;\">Seguir indicaciones medicas<\/span><\/li><\/ul><ul><li aria-level=\"1\"><span style=\"font-weight: 400;\">En caso de dolor extremo avisar al medico<\/span><\/li><\/ul><div><span style=\"font-size: 16px;\">\u00a0<\/span><\/div><p><b>EFECTOS SECUNDARIOS:<\/b><\/p><ul><li aria-level=\"1\"><span style=\"font-weight: 400;\">Inflamaci\u00f3n\u00a0<\/span><\/li><\/ul><ul><li aria-level=\"1\"><span style=\"font-weight: 400;\">Enrojecimiento<\/span><\/li><\/ul><ul><li aria-level=\"1\"><span style=\"font-weight: 400;\">Sensibilidad o dolor\u00a0<\/span><\/li><\/ul><ul><li aria-level=\"1\"><span style=\"font-weight: 400;\">Hematomas<\/span><\/li><\/ul><ul><li aria-level=\"1\"><span style=\"font-weight: 400;\">Irregularidad facial temporal<\/span><\/li><\/ul><ul><li aria-level=\"1\"><span style=\"font-weight: 400;\">Picaz\u00f3n\u00a0<\/span><\/li><\/ul><ul><li aria-level=\"1\"><span style=\"font-weight: 400;\">Alergias a la sutura <\/span><\/li><\/ul>\t\t\t\t\t\t\t\t<\/div>\n\t\t\t\t<\/div>\n\t\t\t\t\t<\/div>\n\t\t\t\t<\/div>\n\t\t\t\t<\/div>","protected":false},"excerpt":{"rendered":"<p>Rejuvecimiento facial con hilos \u00bfEn qu\u00e9 consiste? Tratamiento est\u00e9tico no quir\u00fargico que redefine el contorno del rostro, mejora la firmeza de la piel y estimula la producci\u00f3n de col\u00e1geno. Mediante hilos reabsorbibles, se logra un efecto lifting natural, inmediato y progresivo, sin necesidad de cirug\u00eda ni largos tiempos de recuperaci\u00f3n. HILOS TENSORES Los\u00a0Hilos Tensores\u00a0son una [&hellip;]<\/p>\n","protected":false},"author":1,"featured_media":0,"parent":0,"menu_order":0,"comment_status":"closed","ping_status":"closed","template":"elementor_header_footer","meta":{"footnotes":""},"class_list":["post-1280","page","type-page","status-publish","hentry"],"yoast_head":"<!-- This site is optimized with the Yoast SEO Premium plugin v26.3 (Yoast SEO v27.5) - https:\/\/yoast.com\/product\/yoast-seo-premium-wordpress\/ -->\n<title>REJUVENECIMIENTO FACIAL CON HILOS | Dra. Natalia Elejalde<\/title>\n<meta name=\"robots\" content=\"index, follow, max-snippet:-1, max-image-preview:large, max-video-preview:-1\" \/>\n<link rel=\"canonical\" href=\"https:\/\/medicinaesteticarionegro.com\/en\/rejuvenecimiento-facial-con-hilos\/\" \/>\n<meta property=\"og:locale\" content=\"en_US\" \/>\n<meta property=\"og:type\" content=\"article\" \/>\n<meta property=\"og:title\" content=\"REJUVENECIMIENTO FACIAL CON HILOS\" \/>\n<meta property=\"og:description\" content=\"Rejuvecimiento facial con hilos \u00bfEn qu\u00e9 consiste? Tratamiento est\u00e9tico no quir\u00fargico que redefine el contorno del rostro, mejora la firmeza de la piel y estimula la producci\u00f3n de col\u00e1geno. Mediante hilos reabsorbibles, se logra un efecto lifting natural, inmediato y progresivo, sin necesidad de cirug\u00eda ni largos tiempos de recuperaci\u00f3n. HILOS TENSORES Los\u00a0Hilos Tensores\u00a0son una [&hellip;]\" \/>\n<meta property=\"og:url\" content=\"https:\/\/medicinaesteticarionegro.com\/en\/rejuvenecimiento-facial-con-hilos\/\" \/>\n<meta property=\"og:site_name\" content=\"Dra. Natalia Elejalde\" \/>\n<meta property=\"article:modified_time\" content=\"2025-10-31T23:32:25+00:00\" \/>\n<meta property=\"og:image\" content=\"https:\/\/medicinaesteticarionegro.com\/wp-content\/uploads\/2025\/01\/HILOS-TENSORES-RIONEGRO-scaled.jpg\" \/>\n\t<meta property=\"og:image:width\" content=\"1707\" \/>\n\t<meta property=\"og:image:height\" content=\"2560\" \/>\n\t<meta property=\"og:image:type\" content=\"image\/jpeg\" \/>\n<meta name=\"twitter:card\" content=\"summary_large_image\" \/>\n<meta name=\"twitter:label1\" content=\"Est. reading time\" \/>\n\t<meta name=\"twitter:data1\" content=\"2 minutes\" \/>\n<script type=\"application\/ld+json\" class=\"yoast-schema-graph\">{\"@context\":\"https:\\\/\\\/schema.org\",\"@graph\":[{\"@type\":\"WebPage\",\"@id\":\"https:\\\/\\\/medicinaesteticarionegro.com\\\/rejuvenecimiento-facial-con-hilos\\\/\",\"url\":\"https:\\\/\\\/medicinaesteticarionegro.com\\\/rejuvenecimiento-facial-con-hilos\\\/\",\"name\":\"REJUVENECIMIENTO FACIAL CON HILOS | Dra. Natalia Elejalde\",\"isPartOf\":{\"@id\":\"https:\\\/\\\/medicinaesteticarionegro.com\\\/#website\"},\"primaryImageOfPage\":{\"@id\":\"https:\\\/\\\/medicinaesteticarionegro.com\\\/rejuvenecimiento-facial-con-hilos\\\/#primaryimage\"},\"image\":{\"@id\":\"https:\\\/\\\/medicinaesteticarionegro.com\\\/rejuvenecimiento-facial-con-hilos\\\/#primaryimage\"},\"thumbnailUrl\":\"https:\\\/\\\/medicinaesteticarionegro.com\\\/wp-content\\\/uploads\\\/2025\\\/01\\\/HILOS-TENSORES-RIONEGRO-683x1024.jpg\",\"datePublished\":\"2025-10-14T02:56:29+00:00\",\"dateModified\":\"2025-10-31T23:32:25+00:00\",\"breadcrumb\":{\"@id\":\"https:\\\/\\\/medicinaesteticarionegro.com\\\/rejuvenecimiento-facial-con-hilos\\\/#breadcrumb\"},\"inLanguage\":\"en-US\",\"potentialAction\":[{\"@type\":\"ReadAction\",\"target\":[\"https:\\\/\\\/medicinaesteticarionegro.com\\\/rejuvenecimiento-facial-con-hilos\\\/\"]}]},{\"@type\":\"ImageObject\",\"inLanguage\":\"en-US\",\"@id\":\"https:\\\/\\\/medicinaesteticarionegro.com\\\/rejuvenecimiento-facial-con-hilos\\\/#primaryimage\",\"url\":\"https:\\\/\\\/medicinaesteticarionegro.com\\\/wp-content\\\/uploads\\\/2025\\\/01\\\/HILOS-TENSORES-RIONEGRO-683x1024.jpg\",\"contentUrl\":\"https:\\\/\\\/medicinaesteticarionegro.com\\\/wp-content\\\/uploads\\\/2025\\\/01\\\/HILOS-TENSORES-RIONEGRO-683x1024.jpg\"},{\"@type\":\"BreadcrumbList\",\"@id\":\"https:\\\/\\\/medicinaesteticarionegro.com\\\/rejuvenecimiento-facial-con-hilos\\\/#breadcrumb\",\"itemListElement\":[{\"@type\":\"ListItem\",\"position\":1,\"name\":\"Home\",\"item\":\"https:\\\/\\\/medicinaesteticarionegro.com\\\/\"},{\"@type\":\"ListItem\",\"position\":2,\"name\":\"REJUVENECIMIENTO FACIAL CON HILOS\"}]},{\"@type\":\"WebSite\",\"@id\":\"https:\\\/\\\/medicinaesteticarionegro.com\\\/#website\",\"url\":\"https:\\\/\\\/medicinaesteticarionegro.com\\\/\",\"name\":\"Dra. Natalia Elejalde - Medicina Est\u00e9tica en Rionegro\",\"description\":\"\",\"publisher\":{\"@id\":\"https:\\\/\\\/medicinaesteticarionegro.com\\\/#\\\/schema\\\/person\\\/eb3b978a6515276f13759d6072cf20d2\"},\"alternateName\":\"Medicina Estetica Rionegro\",\"potentialAction\":[{\"@type\":\"SearchAction\",\"target\":{\"@type\":\"EntryPoint\",\"urlTemplate\":\"https:\\\/\\\/medicinaesteticarionegro.com\\\/?s={search_term_string}\"},\"query-input\":{\"@type\":\"PropertyValueSpecification\",\"valueRequired\":true,\"valueName\":\"search_term_string\"}}],\"inLanguage\":\"en-US\"},{\"@type\":[\"Person\",\"Organization\"],\"@id\":\"https:\\\/\\\/medicinaesteticarionegro.com\\\/#\\\/schema\\\/person\\\/eb3b978a6515276f13759d6072cf20d2\",\"name\":\"dranataliaelejalde@outlook.com\",\"image\":{\"@type\":\"ImageObject\",\"inLanguage\":\"en-US\",\"@id\":\"https:\\\/\\\/medicinaesteticarionegro.com\\\/wp-content\\\/uploads\\\/2025\\\/10\\\/cropped-LOGO-ANCHO.png\",\"url\":\"https:\\\/\\\/medicinaesteticarionegro.com\\\/wp-content\\\/uploads\\\/2025\\\/10\\\/cropped-LOGO-ANCHO.png\",\"contentUrl\":\"https:\\\/\\\/medicinaesteticarionegro.com\\\/wp-content\\\/uploads\\\/2025\\\/10\\\/cropped-LOGO-ANCHO.png\",\"width\":512,\"height\":512,\"caption\":\"dranataliaelejalde@outlook.com\"},\"logo\":{\"@id\":\"https:\\\/\\\/medicinaesteticarionegro.com\\\/wp-content\\\/uploads\\\/2025\\\/10\\\/cropped-LOGO-ANCHO.png\"},\"sameAs\":[\"https:\\\/\\\/medicinaesteticarionegro.com\"]}]}<\/script>\n<!-- \/ Yoast SEO Premium plugin. -->","yoast_head_json":{"title":"REJUVENECIMIENTO FACIAL CON HILOS | Dra. Natalia Elejalde","robots":{"index":"index","follow":"follow","max-snippet":"max-snippet:-1","max-image-preview":"max-image-preview:large","max-video-preview":"max-video-preview:-1"},"canonical":"https:\/\/medicinaesteticarionegro.com\/en\/rejuvenecimiento-facial-con-hilos\/","og_locale":"en_US","og_type":"article","og_title":"REJUVENECIMIENTO FACIAL CON HILOS","og_description":"Rejuvecimiento facial con hilos \u00bfEn qu\u00e9 consiste? Tratamiento est\u00e9tico no quir\u00fargico que redefine el contorno del rostro, mejora la firmeza de la piel y estimula la producci\u00f3n de col\u00e1geno. Mediante hilos reabsorbibles, se logra un efecto lifting natural, inmediato y progresivo, sin necesidad de cirug\u00eda ni largos tiempos de recuperaci\u00f3n. HILOS TENSORES Los\u00a0Hilos Tensores\u00a0son una [&hellip;]","og_url":"https:\/\/medicinaesteticarionegro.com\/en\/rejuvenecimiento-facial-con-hilos\/","og_site_name":"Dra. Natalia Elejalde","article_modified_time":"2025-10-31T23:32:25+00:00","og_image":[{"width":1707,"height":2560,"url":"https:\/\/medicinaesteticarionegro.com\/wp-content\/uploads\/2025\/01\/HILOS-TENSORES-RIONEGRO-scaled.jpg","type":"image\/jpeg"}],"twitter_card":"summary_large_image","twitter_misc":{"Est. reading time":"2 minutes"},"schema":{"@context":"https:\/\/schema.org","@graph":[{"@type":"WebPage","@id":"https:\/\/medicinaesteticarionegro.com\/rejuvenecimiento-facial-con-hilos\/","url":"https:\/\/medicinaesteticarionegro.com\/rejuvenecimiento-facial-con-hilos\/","name":"REJUVENECIMIENTO FACIAL CON HILOS | Dra. Natalia Elejalde","isPartOf":{"@id":"https:\/\/medicinaesteticarionegro.com\/#website"},"primaryImageOfPage":{"@id":"https:\/\/medicinaesteticarionegro.com\/rejuvenecimiento-facial-con-hilos\/#primaryimage"},"image":{"@id":"https:\/\/medicinaesteticarionegro.com\/rejuvenecimiento-facial-con-hilos\/#primaryimage"},"thumbnailUrl":"https:\/\/medicinaesteticarionegro.com\/wp-content\/uploads\/2025\/01\/HILOS-TENSORES-RIONEGRO-683x1024.jpg","datePublished":"2025-10-14T02:56:29+00:00","dateModified":"2025-10-31T23:32:25+00:00","breadcrumb":{"@id":"https:\/\/medicinaesteticarionegro.com\/rejuvenecimiento-facial-con-hilos\/#breadcrumb"},"inLanguage":"en-US","potentialAction":[{"@type":"ReadAction","target":["https:\/\/medicinaesteticarionegro.com\/rejuvenecimiento-facial-con-hilos\/"]}]},{"@type":"ImageObject","inLanguage":"en-US","@id":"https:\/\/medicinaesteticarionegro.com\/rejuvenecimiento-facial-con-hilos\/#primaryimage","url":"https:\/\/medicinaesteticarionegro.com\/wp-content\/uploads\/2025\/01\/HILOS-TENSORES-RIONEGRO-683x1024.jpg","contentUrl":"https:\/\/medicinaesteticarionegro.com\/wp-content\/uploads\/2025\/01\/HILOS-TENSORES-RIONEGRO-683x1024.jpg"},{"@type":"BreadcrumbList","@id":"https:\/\/medicinaesteticarionegro.com\/rejuvenecimiento-facial-con-hilos\/#breadcrumb","itemListElement":[{"@type":"ListItem","position":1,"name":"Home","item":"https:\/\/medicinaesteticarionegro.com\/"},{"@type":"ListItem","position":2,"name":"REJUVENECIMIENTO FACIAL CON HILOS"}]},{"@type":"WebSite","@id":"https:\/\/medicinaesteticarionegro.com\/#website","url":"https:\/\/medicinaesteticarionegro.com\/","name":"Dra. Natalia Elejalde - Medicina Est\u00e9tica en Rionegro","description":"","publisher":{"@id":"https:\/\/medicinaesteticarionegro.com\/#\/schema\/person\/eb3b978a6515276f13759d6072cf20d2"},"alternateName":"Medicina Estetica Rionegro","potentialAction":[{"@type":"SearchAction","target":{"@type":"EntryPoint","urlTemplate":"https:\/\/medicinaesteticarionegro.com\/?s={search_term_string}"},"query-input":{"@type":"PropertyValueSpecification","valueRequired":true,"valueName":"search_term_string"}}],"inLanguage":"en-US"},{"@type":["Person","Organization"],"@id":"https:\/\/medicinaesteticarionegro.com\/#\/schema\/person\/eb3b978a6515276f13759d6072cf20d2","name":"dranataliaelejalde@outlook.com","image":{"@type":"ImageObject","inLanguage":"en-US","@id":"https:\/\/medicinaesteticarionegro.com\/wp-content\/uploads\/2025\/10\/cropped-LOGO-ANCHO.png","url":"https:\/\/medicinaesteticarionegro.com\/wp-content\/uploads\/2025\/10\/cropped-LOGO-ANCHO.png","contentUrl":"https:\/\/medicinaesteticarionegro.com\/wp-content\/uploads\/2025\/10\/cropped-LOGO-ANCHO.png","width":512,"height":512,"caption":"dranataliaelejalde@outlook.com"},"logo":{"@id":"https:\/\/medicinaesteticarionegro.com\/wp-content\/uploads\/2025\/10\/cropped-LOGO-ANCHO.png"},"sameAs":["https:\/\/medicinaesteticarionegro.com"]}]}},"_hostinger_reach_plugin_has_subscription_block":false,"_hostinger_reach_plugin_is_elementor":false,"_links":{"self":[{"href":"https:\/\/medicinaesteticarionegro.com\/en\/wp-json\/wp\/v2\/pages\/1280","targetHints":{"allow":["GET"]}}],"collection":[{"href":"https:\/\/medicinaesteticarionegro.com\/en\/wp-json\/wp\/v2\/pages"}],"about":[{"href":"https:\/\/medicinaesteticarionegro.com\/en\/wp-json\/wp\/v2\/types\/page"}],"author":[{"embeddable":true,"href":"https:\/\/medicinaesteticarionegro.com\/en\/wp-json\/wp\/v2\/users\/1"}],"replies":[{"embeddable":true,"href":"https:\/\/medicinaesteticarionegro.com\/en\/wp-json\/wp\/v2\/comments?post=1280"}],"version-history":[{"count":12,"href":"https:\/\/medicinaesteticarionegro.com\/en\/wp-json\/wp\/v2\/pages\/1280\/revisions"}],"predecessor-version":[{"id":2980,"href":"https:\/\/medicinaesteticarionegro.com\/en\/wp-json\/wp\/v2\/pages\/1280\/revisions\/2980"}],"wp:attachment":[{"href":"https:\/\/medicinaesteticarionegro.com\/en\/wp-json\/wp\/v2\/media?parent=1280"}],"curies":[{"name":"wp","href":"https:\/\/api.w.org\/{rel}","templated":true}]}}