{"id":1312,"date":"2025-10-14T03:51:54","date_gmt":"2025-10-14T03:51:54","guid":{"rendered":"https:\/\/medicinaesteticarionegro.com\/?page_id=1312"},"modified":"2025-10-29T21:58:06","modified_gmt":"2025-10-29T21:58:06","slug":"bichectomia-no-invasiva","status":"publish","type":"page","link":"https:\/\/medicinaesteticarionegro.com\/en\/bichectomia-no-invasiva\/","title":{"rendered":"BICHECTOMIA NO INVASIVA"},"content":{"rendered":"<div data-elementor-type=\"wp-page\" data-elementor-id=\"1312\" class=\"elementor elementor-1312\" data-elementor-post-type=\"page\">\n\t\t\t\t<div class=\"elementor-element elementor-element-467a51c e-con-full gt3_parallax-yes e-flex e-con e-parent\" data-id=\"467a51c\" data-element_type=\"container\" data-e-type=\"container\" data-settings=\"{&quot;background_background&quot;:&quot;classic&quot;}\">\n\t\t\t\t<\/div>\n\t\t<div class=\"elementor-element elementor-element-76acb4d9 e-con-full e-flex e-con e-parent\" data-id=\"76acb4d9\" data-element_type=\"container\" data-e-type=\"container\" data-settings=\"{&quot;background_background&quot;:&quot;classic&quot;,&quot;shape_divider_bottom&quot;:&quot;mountains&quot;}\">\n\t\t\t\t<div class=\"elementor-shape elementor-shape-bottom\" aria-hidden=\"true\" data-negative=\"false\">\n\t\t\t<svg xmlns=\"http:\/\/www.w3.org\/2000\/svg\" viewbox=\"0 0 1000 100\" preserveaspectratio=\"none\">\n\t<path class=\"elementor-shape-fill\" opacity=\"0.33\" d=\"M473,67.3c-203.9,88.3-263.1-34-320.3,0C66,119.1,0,59.7,0,59.7V0h1000v59.7 c0,0-62.1,26.1-94.9,29.3c-32.8,3.3-62.8-12.3-75.8-22.1C806,49.6,745.3,8.7,694.9,4.7S492.4,59,473,67.3z\"\/>\n\t<path class=\"elementor-shape-fill\" opacity=\"0.66\" d=\"M734,67.3c-45.5,0-77.2-23.2-129.1-39.1c-28.6-8.7-150.3-10.1-254,39.1 s-91.7-34.4-149.2,0C115.7,118.3,0,39.8,0,39.8V0h1000v36.5c0,0-28.2-18.5-92.1-18.5C810.2,18.1,775.7,67.3,734,67.3z\"\/>\n\t<path class=\"elementor-shape-fill\" d=\"M766.1,28.9c-200-57.5-266,65.5-395.1,19.5C242,1.8,242,5.4,184.8,20.6C128,35.8,132.3,44.9,89.9,52.5C28.6,63.7,0,0,0,0 h1000c0,0-9.9,40.9-83.6,48.1S829.6,47,766.1,28.9z\"\/>\n<\/svg>\t\t<\/div>\n\t\t\t\t<div class=\"elementor-element elementor-element-7e12c757 elementor-widget-mobile__width-initial elementor-widget elementor-widget-heading\" data-id=\"7e12c757\" data-element_type=\"widget\" data-e-type=\"widget\" data-widget_type=\"heading.default\">\n\t\t\t\t<div class=\"elementor-widget-container\">\n\t\t\t\t\t<h2 class=\"elementor-heading-title elementor-size-default\">BICHECTOMIA NO INVASIVA<\/h2>\t\t\t\t<\/div>\n\t\t\t\t<\/div>\n\t\t\t\t<\/div>\n\t\t<div class=\"elementor-element elementor-element-4fd5dab e-flex e-con-boxed e-con e-parent\" data-id=\"4fd5dab\" data-element_type=\"container\" data-e-type=\"container\">\n\t\t\t\t\t<div class=\"e-con-inner\">\n\t\t\t\t<div class=\"elementor-element elementor-element-9216f9c elementor-widget elementor-widget-heading\" data-id=\"9216f9c\" data-element_type=\"widget\" data-e-type=\"widget\" data-widget_type=\"heading.default\">\n\t\t\t\t<div class=\"elementor-widget-container\">\n\t\t\t\t\t<h2 class=\"elementor-heading-title elementor-size-default\">\u00bfEn qu\u00e9 consiste?<\/h2>\t\t\t\t<\/div>\n\t\t\t\t<\/div>\n\t\t\t\t\t<\/div>\n\t\t\t\t<\/div>\n\t\t<div class=\"elementor-element elementor-element-e31acfe e-flex e-con-boxed e-con e-parent\" data-id=\"e31acfe\" data-element_type=\"container\" data-e-type=\"container\">\n\t\t\t\t\t<div class=\"e-con-inner\">\n\t\t<div class=\"elementor-element elementor-element-f89d52b e-con-full e-flex e-con e-child\" data-id=\"f89d52b\" data-element_type=\"container\" data-e-type=\"container\">\n\t\t\t\t<div class=\"elementor-element elementor-element-975ff67 elementor-widget elementor-widget-image\" data-id=\"975ff67\" data-element_type=\"widget\" data-e-type=\"widget\" data-widget_type=\"image.default\">\n\t\t\t\t<div class=\"elementor-widget-container\">\n\t\t\t\t\t\t\t\t\t\t\t\t\t\t\t<img decoding=\"async\" src=\"https:\/\/medicinaesteticarionegro.com\/wp-content\/uploads\/elementor\/thumbs\/BICHECTOMIA-NO-INVASIVA-RIONEGRO-scaled-r0qe0ooa9pivntj6mkukqt6g9gn92r9hwbyjt9svow.jpg\" title=\"BICHECTOMIA-NO-INVASIVA-RIONEGRO\" alt=\"BICHECTOMIA-NO-INVASIVA-RIONEGRO\" loading=\"lazy\" \/>\t\t\t\t\t\t\t\t\t\t\t\t\t\t\t<\/div>\n\t\t\t\t<\/div>\n\t\t\t\t<\/div>\n\t\t<div class=\"elementor-element elementor-element-5596c89 e-con-full e-flex e-con e-child\" data-id=\"5596c89\" data-element_type=\"container\" data-e-type=\"container\">\n\t\t\t\t<div class=\"elementor-element elementor-element-22e5e94 elementor-widget elementor-widget-text-editor\" data-id=\"22e5e94\" data-element_type=\"widget\" data-e-type=\"widget\" data-widget_type=\"text-editor.default\">\n\t\t\t\t<div class=\"elementor-widget-container\">\n\t\t\t\t\t\t\t\t\t<p><span style=\"font-weight: 400;\">La bichectom\u00eda qu\u00edmica, es un procedimiento por el cual, a trav\u00e9s de enzimas quemadoras de grasa localizada, se obtiene la destrucci\u00f3n del tejido adiposo localizado en peque\u00f1as zonas del rostro (Mejillas).<\/span><\/p><p><span style=\"font-weight: 400;\">La terapia enzim\u00e1tica es un m\u00e9todo moderno que inyecta enzimas locales como lipasa, colagenasa, hialuronidasa y liasa en la piel y el tejido subcut\u00e1neo para reducir la grasa localizada, en este caso la grasa ubicada en las mejillas.<\/span><\/p>\t\t\t\t\t\t\t\t<\/div>\n\t\t\t\t<\/div>\n\t\t\t\t<\/div>\n\t\t\t\t\t<\/div>\n\t\t\t\t<\/div>\n\t\t<div class=\"elementor-element elementor-element-1b57c5f e-flex e-con-boxed e-con e-parent\" data-id=\"1b57c5f\" data-element_type=\"container\" data-e-type=\"container\">\n\t\t\t\t\t<div class=\"e-con-inner\">\n\t\t\t\t<div class=\"elementor-element elementor-element-399e543 elementor-widget-divider--view-line elementor-widget elementor-widget-divider\" data-id=\"399e543\" data-element_type=\"widget\" data-e-type=\"widget\" data-widget_type=\"divider.default\">\n\t\t\t\t<div class=\"elementor-widget-container\">\n\t\t\t\t\t\t\t<div class=\"elementor-divider\">\n\t\t\t<span class=\"elementor-divider-separator\">\n\t\t\t\t\t\t<\/span>\n\t\t<\/div>\n\t\t\t\t\t\t<\/div>\n\t\t\t\t<\/div>\n\t\t\t\t\t<\/div>\n\t\t\t\t<\/div>\n\t\t<div class=\"elementor-element elementor-element-1204678 e-flex e-con-boxed e-con e-parent\" data-id=\"1204678\" data-element_type=\"container\" data-e-type=\"container\">\n\t\t\t\t\t<div class=\"e-con-inner\">\n\t\t\t\t<div class=\"elementor-element elementor-element-ab15c78 elementor-widget elementor-widget-text-editor\" data-id=\"ab15c78\" data-element_type=\"widget\" data-e-type=\"widget\" data-widget_type=\"text-editor.default\">\n\t\t\t\t<div class=\"elementor-widget-container\">\n\t\t\t\t\t\t\t\t\t<h6 style=\"text-align: left;\">\u00a0<\/h6><p><b>INDICACIONES:<\/b><\/p><ul><li style=\"font-weight: 400;\" aria-level=\"1\"><span style=\"font-weight: 400;\">Pacientes que buscan que las mejillas se vean m\u00e1s estilizadas y mejorar la apariencia de tu rostro<\/span><\/li><li style=\"font-weight: 400;\" aria-level=\"1\"><span style=\"font-weight: 400;\">Armonizaci\u00f3n f\u00e1cil\u00a0<\/span><\/li><li style=\"font-weight: 400;\" aria-level=\"1\"><span style=\"font-weight: 400;\">Pacientes con exceso de grasa en las mejillas\u00a0<\/span><\/li><li style=\"font-weight: 400;\" aria-level=\"1\"><span style=\"font-weight: 400;\">Rejuvenece la expresi\u00f3n facial y tensa la piel.<\/span><\/li><li style=\"font-weight: 400;\" aria-level=\"1\"><span style=\"font-weight: 400;\">Pacientes que prefieren los procedimientos no invasivos que ofrece resultados en poco tiempo, no requiere largos periodos de recuperaci\u00f3n y con resultados que persisten en el tiempo<\/span><\/li><\/ul><h6 style=\"text-align: left;\">\u00a0<\/h6><p><b>CUIDADOS PREVIOS:<\/b><\/p><ul><li style=\"font-weight: 400;\" aria-level=\"1\"><span style=\"font-weight: 400;\">No tener ning\u00fan tipo de cremas aplicadas en el rostro el d\u00eda de la sesi\u00f3n<\/span><\/li><\/ul><h6 style=\"text-align: left;\">\u00a0<\/h6><p><b>DURACION: <\/b><span style=\"font-weight: 400;\">30 minutos\u00a0\u00a0<\/span><\/p><h6 style=\"text-align: left;\">\u00a0<\/h6><p><b>DOLOR: <\/b><span style=\"font-weight: 400;\">4\/10\u00a0<\/span><\/p><h6 style=\"text-align: left;\">\u00a0<\/h6><p><b>CONTRAINDICACIONES:\u00a0<\/b><\/p><ul><li style=\"font-weight: 400;\" aria-level=\"1\"><span style=\"font-weight: 400;\">No realizarlo en estado de embarazo o lactancia.<\/span><\/li><li style=\"font-weight: 400;\" aria-level=\"1\"><span style=\"font-weight: 400;\">No realizarlo si hay historial de alergias al \u00e1cido hialur\u00f3nico o alguna de las enzimas.<\/span><\/li><li style=\"font-weight: 400;\" aria-level=\"1\"><span style=\"font-weight: 400;\">No realizar si se encuentra en tratamiento oncol\u00f3gico (activo en los \u00faltimos 6 meses).<\/span><\/li><li style=\"font-weight: 400;\" aria-level=\"1\"><span style=\"font-weight: 400;\">No realizarlo si se encuentra en tratamiento con antibi\u00f3ticos, antihistam\u00ednicos, corticoesteroides, betabloqueadores, retinoides, \u00e1cido azelaico, terapias anti acn\u00e9 o cuyo tratamiento haya finalizado en 2 semanas anteriores.<\/span><\/li><\/ul><h6 style=\"text-align: left;\">\u00a0<\/h6><p><b>CUIDADOS POSTERIORES:<\/b><\/p><ul><li style=\"font-weight: 400;\" aria-level=\"1\"><span style=\"font-weight: 400;\">Mantener una dieta balanceada.<\/span><\/li><li style=\"font-weight: 400;\" aria-level=\"1\"><span style=\"font-weight: 400;\">Beber abundante agua.<\/span><\/li><li style=\"font-weight: 400;\" aria-level=\"1\"><span style=\"font-weight: 400;\">No aplicar compresas fr\u00edas o hielo.<\/span><\/li><li style=\"font-weight: 400;\" aria-level=\"1\"><span style=\"font-weight: 400;\">Evitar piscinas y sauna por 1 semana.<\/span><\/li><li style=\"font-weight: 400;\" aria-level=\"1\"><span style=\"font-weight: 400;\">Seguir las instrucciones de su especialista.<\/span><\/li><li style=\"font-weight: 400;\" aria-level=\"1\"><span style=\"font-weight: 400;\">No realizar otros tratamientos en la zona posterior al tratamiento.<\/span><\/li><\/ul><h6 style=\"text-align: left;\">\u00a0<\/h6><p><b>EFECTOS SECUNDARIOS:<\/b><\/p><ul><li><span style=\"font-weight: 400;\">Eritema (rojez)<\/span><\/li><li><span style=\"font-weight: 400;\">Prurito (picaz\u00f3n)\u00a0<\/span><\/li><li><span style=\"font-weight: 400;\">Equimosis (morados)<\/span><\/li><li><span style=\"font-weight: 400;\">Edema (Inflamaci\u00f3n)<\/span><\/li><li><span style=\"font-weight: 400;\">Dolor en la zona de punci\u00f3n.<\/span><\/li><li><span style=\"font-weight: 400;\">Malestar general, que se reducen con el uso de analg\u00e9sicos antiinflamatorios no esteroides (AINEs).<\/span><\/li><\/ul>\t\t\t\t\t\t\t\t<\/div>\n\t\t\t\t<\/div>\n\t\t\t\t\t<\/div>\n\t\t\t\t<\/div>\n\t\t<div class=\"elementor-element elementor-element-9cd566a e-flex e-con-boxed e-con e-parent\" data-id=\"9cd566a\" data-element_type=\"container\" data-e-type=\"container\">\n\t\t\t\t\t<div class=\"e-con-inner\">\n\t\t\t\t<div class=\"elementor-element elementor-element-52def4f elementor-post-navigation-borders-yes elementor-widget elementor-widget-post-navigation\" data-id=\"52def4f\" data-element_type=\"widget\" data-e-type=\"widget\" data-widget_type=\"post-navigation.default\">\n\t\t\t\t<div class=\"elementor-widget-container\">\n\t\t\t\t\t\t\t<div class=\"elementor-post-navigation\" role=\"navigation\" aria-label=\"Post Navigation\">\n\t\t\t<div class=\"elementor-post-navigation__prev elementor-post-navigation__link\">\n\t\t\t\t<a href=\"https:\/\/medicinaesteticarionegro.com\/en\/relleno-de-ojeras\/\" rel=\"prev\"><span class=\"post-navigation__arrow-wrapper post-navigation__arrow-prev\"><svg aria-hidden=\"true\" class=\"e-font-icon-svg e-fas-angle-left\" viewbox=\"0 0 256 512\" xmlns=\"http:\/\/www.w3.org\/2000\/svg\"><path d=\"M31.7 239l136-136c9.4-9.4 24.6-9.4 33.9 0l22.6 22.6c9.4 9.4 9.4 24.6 0 33.9L127.9 256l96.4 96.4c9.4 9.4 9.4 24.6 0 33.9L201.7 409c-9.4 9.4-24.6 9.4-33.9 0l-136-136c-9.5-9.4-9.5-24.6-.1-34z\"><\/path><\/svg><span class=\"elementor-screen-only\">Prev<\/span><\/span><span class=\"elementor-post-navigation__link__prev\"><span class=\"post-navigation__prev--label\">Previous<\/span><span class=\"post-navigation__prev--title\">RELLENO DE OJERAS<\/span><\/span><\/a>\t\t\t<\/div>\n\t\t\t\t\t\t\t<div class=\"elementor-post-navigation__separator-wrapper\">\n\t\t\t\t\t<div class=\"elementor-post-navigation__separator\"><\/div>\n\t\t\t\t<\/div>\n\t\t\t\t\t\t<div class=\"elementor-post-navigation__next elementor-post-navigation__link\">\n\t\t\t\t<a href=\"https:\/\/medicinaesteticarionegro.com\/en\/rinomodelacion\/\" rel=\"next\"><span class=\"elementor-post-navigation__link__next\"><span class=\"post-navigation__next--label\">Next<\/span><span class=\"post-navigation__next--title\">RINOMODELACI\u00d3N<\/span><\/span><span class=\"post-navigation__arrow-wrapper post-navigation__arrow-next\"><svg aria-hidden=\"true\" class=\"e-font-icon-svg e-fas-angle-right\" viewbox=\"0 0 256 512\" xmlns=\"http:\/\/www.w3.org\/2000\/svg\"><path d=\"M224.3 273l-136 136c-9.4 9.4-24.6 9.4-33.9 0l-22.6-22.6c-9.4-9.4-9.4-24.6 0-33.9l96.4-96.4-96.4-96.4c-9.4-9.4-9.4-24.6 0-33.9L54.3 103c9.4-9.4 24.6-9.4 33.9 0l136 136c9.5 9.4 9.5 24.6.1 34z\"><\/path><\/svg><span class=\"elementor-screen-only\">Next<\/span><\/span><\/a>\t\t\t<\/div>\n\t\t<\/div>\n\t\t\t\t\t\t<\/div>\n\t\t\t\t<\/div>\n\t\t\t\t\t<\/div>\n\t\t\t\t<\/div>\n\t\t\t\t<\/div>","protected":false},"excerpt":{"rendered":"<p>BICHECTOMIA NO INVASIVA \u00bfEn qu\u00e9 consiste? La bichectom\u00eda qu\u00edmica, es un procedimiento por el cual, a trav\u00e9s de enzimas quemadoras de grasa localizada, se obtiene la destrucci\u00f3n del tejido adiposo localizado en peque\u00f1as zonas del rostro (Mejillas). La terapia enzim\u00e1tica es un m\u00e9todo moderno que inyecta enzimas locales como lipasa, colagenasa, hialuronidasa y liasa en [&hellip;]<\/p>\n","protected":false},"author":1,"featured_media":0,"parent":0,"menu_order":0,"comment_status":"closed","ping_status":"closed","template":"elementor_header_footer","meta":{"footnotes":""},"class_list":["post-1312","page","type-page","status-publish","hentry"],"yoast_head":"<!-- This site is optimized with the Yoast SEO Premium plugin v26.3 (Yoast SEO v27.5) - https:\/\/yoast.com\/product\/yoast-seo-premium-wordpress\/ -->\n<title>BICHECTOMIA NO INVASIVA | Dra. Natalia Elejalde<\/title>\n<meta name=\"robots\" content=\"index, follow, max-snippet:-1, max-image-preview:large, max-video-preview:-1\" \/>\n<link rel=\"canonical\" href=\"https:\/\/medicinaesteticarionegro.com\/en\/bichectomia-no-invasiva\/\" \/>\n<meta property=\"og:locale\" content=\"en_US\" \/>\n<meta property=\"og:type\" content=\"article\" \/>\n<meta property=\"og:title\" content=\"BICHECTOMIA NO INVASIVA\" \/>\n<meta property=\"og:description\" content=\"BICHECTOMIA NO INVASIVA \u00bfEn qu\u00e9 consiste? La bichectom\u00eda qu\u00edmica, es un procedimiento por el cual, a trav\u00e9s de enzimas quemadoras de grasa localizada, se obtiene la destrucci\u00f3n del tejido adiposo localizado en peque\u00f1as zonas del rostro (Mejillas). La terapia enzim\u00e1tica es un m\u00e9todo moderno que inyecta enzimas locales como lipasa, colagenasa, hialuronidasa y liasa en [&hellip;]\" \/>\n<meta property=\"og:url\" content=\"https:\/\/medicinaesteticarionegro.com\/en\/bichectomia-no-invasiva\/\" \/>\n<meta property=\"og:site_name\" content=\"Dra. Natalia Elejalde\" \/>\n<meta property=\"article:modified_time\" content=\"2025-10-29T21:58:06+00:00\" \/>\n<meta property=\"og:image\" content=\"https:\/\/medicinaesteticarionegro.com\/wp-content\/uploads\/elementor\/thumbs\/BICHECTOMIA-NO-INVASIVA-RIONEGRO-scaled-r0qe0ooa9pivntj6mkukqt6g9gn92r9hwbyjt9svow.jpg\" \/>\n<meta name=\"twitter:card\" content=\"summary_large_image\" \/>\n<meta name=\"twitter:label1\" content=\"Est. reading time\" \/>\n\t<meta name=\"twitter:data1\" content=\"2 minutes\" \/>\n<script type=\"application\/ld+json\" class=\"yoast-schema-graph\">{\"@context\":\"https:\\\/\\\/schema.org\",\"@graph\":[{\"@type\":\"WebPage\",\"@id\":\"https:\\\/\\\/medicinaesteticarionegro.com\\\/bichectomia-no-invasiva\\\/\",\"url\":\"https:\\\/\\\/medicinaesteticarionegro.com\\\/bichectomia-no-invasiva\\\/\",\"name\":\"BICHECTOMIA NO INVASIVA | Dra. Natalia Elejalde\",\"isPartOf\":{\"@id\":\"https:\\\/\\\/medicinaesteticarionegro.com\\\/#website\"},\"primaryImageOfPage\":{\"@id\":\"https:\\\/\\\/medicinaesteticarionegro.com\\\/bichectomia-no-invasiva\\\/#primaryimage\"},\"image\":{\"@id\":\"https:\\\/\\\/medicinaesteticarionegro.com\\\/bichectomia-no-invasiva\\\/#primaryimage\"},\"thumbnailUrl\":\"https:\\\/\\\/medicinaesteticarionegro.com\\\/wp-content\\\/uploads\\\/elementor\\\/thumbs\\\/BICHECTOMIA-NO-INVASIVA-RIONEGRO-scaled-r0qe0ooa9pivntj6mkukqt6g9gn92r9hwbyjt9svow.jpg\",\"datePublished\":\"2025-10-14T03:51:54+00:00\",\"dateModified\":\"2025-10-29T21:58:06+00:00\",\"breadcrumb\":{\"@id\":\"https:\\\/\\\/medicinaesteticarionegro.com\\\/bichectomia-no-invasiva\\\/#breadcrumb\"},\"inLanguage\":\"en-US\",\"potentialAction\":[{\"@type\":\"ReadAction\",\"target\":[\"https:\\\/\\\/medicinaesteticarionegro.com\\\/bichectomia-no-invasiva\\\/\"]}]},{\"@type\":\"ImageObject\",\"inLanguage\":\"en-US\",\"@id\":\"https:\\\/\\\/medicinaesteticarionegro.com\\\/bichectomia-no-invasiva\\\/#primaryimage\",\"url\":\"https:\\\/\\\/medicinaesteticarionegro.com\\\/wp-content\\\/uploads\\\/elementor\\\/thumbs\\\/BICHECTOMIA-NO-INVASIVA-RIONEGRO-scaled-r0qe0ooa9pivntj6mkukqt6g9gn92r9hwbyjt9svow.jpg\",\"contentUrl\":\"https:\\\/\\\/medicinaesteticarionegro.com\\\/wp-content\\\/uploads\\\/elementor\\\/thumbs\\\/BICHECTOMIA-NO-INVASIVA-RIONEGRO-scaled-r0qe0ooa9pivntj6mkukqt6g9gn92r9hwbyjt9svow.jpg\"},{\"@type\":\"BreadcrumbList\",\"@id\":\"https:\\\/\\\/medicinaesteticarionegro.com\\\/bichectomia-no-invasiva\\\/#breadcrumb\",\"itemListElement\":[{\"@type\":\"ListItem\",\"position\":1,\"name\":\"Home\",\"item\":\"https:\\\/\\\/medicinaesteticarionegro.com\\\/\"},{\"@type\":\"ListItem\",\"position\":2,\"name\":\"BICHECTOMIA NO INVASIVA\"}]},{\"@type\":\"WebSite\",\"@id\":\"https:\\\/\\\/medicinaesteticarionegro.com\\\/#website\",\"url\":\"https:\\\/\\\/medicinaesteticarionegro.com\\\/\",\"name\":\"Dra. Natalia Elejalde - Medicina Est\u00e9tica en Rionegro\",\"description\":\"\",\"publisher\":{\"@id\":\"https:\\\/\\\/medicinaesteticarionegro.com\\\/#\\\/schema\\\/person\\\/eb3b978a6515276f13759d6072cf20d2\"},\"alternateName\":\"Medicina Estetica Rionegro\",\"potentialAction\":[{\"@type\":\"SearchAction\",\"target\":{\"@type\":\"EntryPoint\",\"urlTemplate\":\"https:\\\/\\\/medicinaesteticarionegro.com\\\/?s={search_term_string}\"},\"query-input\":{\"@type\":\"PropertyValueSpecification\",\"valueRequired\":true,\"valueName\":\"search_term_string\"}}],\"inLanguage\":\"en-US\"},{\"@type\":[\"Person\",\"Organization\"],\"@id\":\"https:\\\/\\\/medicinaesteticarionegro.com\\\/#\\\/schema\\\/person\\\/eb3b978a6515276f13759d6072cf20d2\",\"name\":\"dranataliaelejalde@outlook.com\",\"image\":{\"@type\":\"ImageObject\",\"inLanguage\":\"en-US\",\"@id\":\"https:\\\/\\\/medicinaesteticarionegro.com\\\/wp-content\\\/uploads\\\/2025\\\/10\\\/cropped-LOGO-ANCHO.png\",\"url\":\"https:\\\/\\\/medicinaesteticarionegro.com\\\/wp-content\\\/uploads\\\/2025\\\/10\\\/cropped-LOGO-ANCHO.png\",\"contentUrl\":\"https:\\\/\\\/medicinaesteticarionegro.com\\\/wp-content\\\/uploads\\\/2025\\\/10\\\/cropped-LOGO-ANCHO.png\",\"width\":512,\"height\":512,\"caption\":\"dranataliaelejalde@outlook.com\"},\"logo\":{\"@id\":\"https:\\\/\\\/medicinaesteticarionegro.com\\\/wp-content\\\/uploads\\\/2025\\\/10\\\/cropped-LOGO-ANCHO.png\"},\"sameAs\":[\"https:\\\/\\\/medicinaesteticarionegro.com\"]}]}<\/script>\n<!-- \/ Yoast SEO Premium plugin. -->","yoast_head_json":{"title":"BICHECTOMIA NO INVASIVA | Dra. Natalia Elejalde","robots":{"index":"index","follow":"follow","max-snippet":"max-snippet:-1","max-image-preview":"max-image-preview:large","max-video-preview":"max-video-preview:-1"},"canonical":"https:\/\/medicinaesteticarionegro.com\/en\/bichectomia-no-invasiva\/","og_locale":"en_US","og_type":"article","og_title":"BICHECTOMIA NO INVASIVA","og_description":"BICHECTOMIA NO INVASIVA \u00bfEn qu\u00e9 consiste? La bichectom\u00eda qu\u00edmica, es un procedimiento por el cual, a trav\u00e9s de enzimas quemadoras de grasa localizada, se obtiene la destrucci\u00f3n del tejido adiposo localizado en peque\u00f1as zonas del rostro (Mejillas). La terapia enzim\u00e1tica es un m\u00e9todo moderno que inyecta enzimas locales como lipasa, colagenasa, hialuronidasa y liasa en [&hellip;]","og_url":"https:\/\/medicinaesteticarionegro.com\/en\/bichectomia-no-invasiva\/","og_site_name":"Dra. Natalia Elejalde","article_modified_time":"2025-10-29T21:58:06+00:00","og_image":[{"url":"https:\/\/medicinaesteticarionegro.com\/wp-content\/uploads\/elementor\/thumbs\/BICHECTOMIA-NO-INVASIVA-RIONEGRO-scaled-r0qe0ooa9pivntj6mkukqt6g9gn92r9hwbyjt9svow.jpg","type":"","width":"","height":""}],"twitter_card":"summary_large_image","twitter_misc":{"Est. reading time":"2 minutes"},"schema":{"@context":"https:\/\/schema.org","@graph":[{"@type":"WebPage","@id":"https:\/\/medicinaesteticarionegro.com\/bichectomia-no-invasiva\/","url":"https:\/\/medicinaesteticarionegro.com\/bichectomia-no-invasiva\/","name":"BICHECTOMIA NO INVASIVA | Dra. Natalia Elejalde","isPartOf":{"@id":"https:\/\/medicinaesteticarionegro.com\/#website"},"primaryImageOfPage":{"@id":"https:\/\/medicinaesteticarionegro.com\/bichectomia-no-invasiva\/#primaryimage"},"image":{"@id":"https:\/\/medicinaesteticarionegro.com\/bichectomia-no-invasiva\/#primaryimage"},"thumbnailUrl":"https:\/\/medicinaesteticarionegro.com\/wp-content\/uploads\/elementor\/thumbs\/BICHECTOMIA-NO-INVASIVA-RIONEGRO-scaled-r0qe0ooa9pivntj6mkukqt6g9gn92r9hwbyjt9svow.jpg","datePublished":"2025-10-14T03:51:54+00:00","dateModified":"2025-10-29T21:58:06+00:00","breadcrumb":{"@id":"https:\/\/medicinaesteticarionegro.com\/bichectomia-no-invasiva\/#breadcrumb"},"inLanguage":"en-US","potentialAction":[{"@type":"ReadAction","target":["https:\/\/medicinaesteticarionegro.com\/bichectomia-no-invasiva\/"]}]},{"@type":"ImageObject","inLanguage":"en-US","@id":"https:\/\/medicinaesteticarionegro.com\/bichectomia-no-invasiva\/#primaryimage","url":"https:\/\/medicinaesteticarionegro.com\/wp-content\/uploads\/elementor\/thumbs\/BICHECTOMIA-NO-INVASIVA-RIONEGRO-scaled-r0qe0ooa9pivntj6mkukqt6g9gn92r9hwbyjt9svow.jpg","contentUrl":"https:\/\/medicinaesteticarionegro.com\/wp-content\/uploads\/elementor\/thumbs\/BICHECTOMIA-NO-INVASIVA-RIONEGRO-scaled-r0qe0ooa9pivntj6mkukqt6g9gn92r9hwbyjt9svow.jpg"},{"@type":"BreadcrumbList","@id":"https:\/\/medicinaesteticarionegro.com\/bichectomia-no-invasiva\/#breadcrumb","itemListElement":[{"@type":"ListItem","position":1,"name":"Home","item":"https:\/\/medicinaesteticarionegro.com\/"},{"@type":"ListItem","position":2,"name":"BICHECTOMIA NO INVASIVA"}]},{"@type":"WebSite","@id":"https:\/\/medicinaesteticarionegro.com\/#website","url":"https:\/\/medicinaesteticarionegro.com\/","name":"Dra. Natalia Elejalde - Medicina Est\u00e9tica en Rionegro","description":"","publisher":{"@id":"https:\/\/medicinaesteticarionegro.com\/#\/schema\/person\/eb3b978a6515276f13759d6072cf20d2"},"alternateName":"Medicina Estetica Rionegro","potentialAction":[{"@type":"SearchAction","target":{"@type":"EntryPoint","urlTemplate":"https:\/\/medicinaesteticarionegro.com\/?s={search_term_string}"},"query-input":{"@type":"PropertyValueSpecification","valueRequired":true,"valueName":"search_term_string"}}],"inLanguage":"en-US"},{"@type":["Person","Organization"],"@id":"https:\/\/medicinaesteticarionegro.com\/#\/schema\/person\/eb3b978a6515276f13759d6072cf20d2","name":"dranataliaelejalde@outlook.com","image":{"@type":"ImageObject","inLanguage":"en-US","@id":"https:\/\/medicinaesteticarionegro.com\/wp-content\/uploads\/2025\/10\/cropped-LOGO-ANCHO.png","url":"https:\/\/medicinaesteticarionegro.com\/wp-content\/uploads\/2025\/10\/cropped-LOGO-ANCHO.png","contentUrl":"https:\/\/medicinaesteticarionegro.com\/wp-content\/uploads\/2025\/10\/cropped-LOGO-ANCHO.png","width":512,"height":512,"caption":"dranataliaelejalde@outlook.com"},"logo":{"@id":"https:\/\/medicinaesteticarionegro.com\/wp-content\/uploads\/2025\/10\/cropped-LOGO-ANCHO.png"},"sameAs":["https:\/\/medicinaesteticarionegro.com"]}]}},"_hostinger_reach_plugin_has_subscription_block":false,"_hostinger_reach_plugin_is_elementor":false,"_links":{"self":[{"href":"https:\/\/medicinaesteticarionegro.com\/en\/wp-json\/wp\/v2\/pages\/1312","targetHints":{"allow":["GET"]}}],"collection":[{"href":"https:\/\/medicinaesteticarionegro.com\/en\/wp-json\/wp\/v2\/pages"}],"about":[{"href":"https:\/\/medicinaesteticarionegro.com\/en\/wp-json\/wp\/v2\/types\/page"}],"author":[{"embeddable":true,"href":"https:\/\/medicinaesteticarionegro.com\/en\/wp-json\/wp\/v2\/users\/1"}],"replies":[{"embeddable":true,"href":"https:\/\/medicinaesteticarionegro.com\/en\/wp-json\/wp\/v2\/comments?post=1312"}],"version-history":[{"count":15,"href":"https:\/\/medicinaesteticarionegro.com\/en\/wp-json\/wp\/v2\/pages\/1312\/revisions"}],"predecessor-version":[{"id":2925,"href":"https:\/\/medicinaesteticarionegro.com\/en\/wp-json\/wp\/v2\/pages\/1312\/revisions\/2925"}],"wp:attachment":[{"href":"https:\/\/medicinaesteticarionegro.com\/en\/wp-json\/wp\/v2\/media?parent=1312"}],"curies":[{"name":"wp","href":"https:\/\/api.w.org\/{rel}","templated":true}]}}