{"id":1319,"date":"2025-10-14T03:54:41","date_gmt":"2025-10-14T03:54:41","guid":{"rendered":"https:\/\/medicinaesteticarionegro.com\/?page_id=1319"},"modified":"2025-10-31T23:47:27","modified_gmt":"2025-10-31T23:47:27","slug":"rinomodelacion","status":"publish","type":"page","link":"https:\/\/medicinaesteticarionegro.com\/en\/rinomodelacion\/","title":{"rendered":"RINOMODELACI\u00d3N"},"content":{"rendered":"<div data-elementor-type=\"wp-page\" data-elementor-id=\"1319\" class=\"elementor elementor-1319\" data-elementor-post-type=\"page\">\n\t\t\t\t<div class=\"elementor-element elementor-element-1ccc5db e-con-full gt3_parallax-yes e-flex e-con e-parent\" data-id=\"1ccc5db\" data-element_type=\"container\" data-e-type=\"container\" data-settings=\"{&quot;background_background&quot;:&quot;classic&quot;}\">\n\t\t\t\t<\/div>\n\t\t<div class=\"elementor-element elementor-element-1b8d5e86 e-con-full e-flex e-con e-parent\" data-id=\"1b8d5e86\" data-element_type=\"container\" data-e-type=\"container\" data-settings=\"{&quot;background_background&quot;:&quot;classic&quot;,&quot;shape_divider_bottom&quot;:&quot;mountains&quot;}\">\n\t\t\t\t<div class=\"elementor-shape elementor-shape-bottom\" aria-hidden=\"true\" data-negative=\"false\">\n\t\t\t<svg xmlns=\"http:\/\/www.w3.org\/2000\/svg\" viewbox=\"0 0 1000 100\" preserveaspectratio=\"none\">\n\t<path class=\"elementor-shape-fill\" opacity=\"0.33\" d=\"M473,67.3c-203.9,88.3-263.1-34-320.3,0C66,119.1,0,59.7,0,59.7V0h1000v59.7 c0,0-62.1,26.1-94.9,29.3c-32.8,3.3-62.8-12.3-75.8-22.1C806,49.6,745.3,8.7,694.9,4.7S492.4,59,473,67.3z\"\/>\n\t<path class=\"elementor-shape-fill\" opacity=\"0.66\" d=\"M734,67.3c-45.5,0-77.2-23.2-129.1-39.1c-28.6-8.7-150.3-10.1-254,39.1 s-91.7-34.4-149.2,0C115.7,118.3,0,39.8,0,39.8V0h1000v36.5c0,0-28.2-18.5-92.1-18.5C810.2,18.1,775.7,67.3,734,67.3z\"\/>\n\t<path class=\"elementor-shape-fill\" d=\"M766.1,28.9c-200-57.5-266,65.5-395.1,19.5C242,1.8,242,5.4,184.8,20.6C128,35.8,132.3,44.9,89.9,52.5C28.6,63.7,0,0,0,0 h1000c0,0-9.9,40.9-83.6,48.1S829.6,47,766.1,28.9z\"\/>\n<\/svg>\t\t<\/div>\n\t\t\t\t<div class=\"elementor-element elementor-element-67eae14c elementor-widget-mobile__width-initial elementor-widget elementor-widget-heading\" data-id=\"67eae14c\" data-element_type=\"widget\" data-e-type=\"widget\" data-widget_type=\"heading.default\">\n\t\t\t\t<div class=\"elementor-widget-container\">\n\t\t\t\t\t<h2 class=\"elementor-heading-title elementor-size-default\">Rinomodelaci\u00f3n<\/h2>\t\t\t\t<\/div>\n\t\t\t\t<\/div>\n\t\t\t\t<\/div>\n\t\t<div class=\"elementor-element elementor-element-4fd5dab e-flex e-con-boxed e-con e-parent\" data-id=\"4fd5dab\" data-element_type=\"container\" data-e-type=\"container\">\n\t\t\t\t\t<div class=\"e-con-inner\">\n\t\t\t\t<div class=\"elementor-element elementor-element-9216f9c elementor-widget elementor-widget-heading\" data-id=\"9216f9c\" data-element_type=\"widget\" data-e-type=\"widget\" data-widget_type=\"heading.default\">\n\t\t\t\t<div class=\"elementor-widget-container\">\n\t\t\t\t\t<h2 class=\"elementor-heading-title elementor-size-default\">\u00bfEn qu\u00e9 consiste?<\/h2>\t\t\t\t<\/div>\n\t\t\t\t<\/div>\n\t\t\t\t\t<\/div>\n\t\t\t\t<\/div>\n\t\t<div class=\"elementor-element elementor-element-e31acfe e-flex e-con-boxed e-con e-parent\" data-id=\"e31acfe\" data-element_type=\"container\" data-e-type=\"container\">\n\t\t\t\t\t<div class=\"e-con-inner\">\n\t\t<div class=\"elementor-element elementor-element-f89d52b e-con-full e-flex e-con e-child\" data-id=\"f89d52b\" data-element_type=\"container\" data-e-type=\"container\">\n\t\t\t\t<div class=\"elementor-element elementor-element-975ff67 elementor-widget elementor-widget-image\" data-id=\"975ff67\" data-element_type=\"widget\" data-e-type=\"widget\" data-widget_type=\"image.default\">\n\t\t\t\t<div class=\"elementor-widget-container\">\n\t\t\t\t\t\t\t\t\t\t\t\t\t\t\t<img fetchpriority=\"high\" decoding=\"async\" width=\"683\" height=\"1024\" src=\"https:\/\/medicinaesteticarionegro.com\/wp-content\/uploads\/2025\/01\/RINOMODELACION-RIONEGRO-683x1024.jpg\" class=\"attachment-large size-large wp-image-1091\" alt=\"\" srcset=\"https:\/\/medicinaesteticarionegro.com\/wp-content\/uploads\/2025\/01\/RINOMODELACION-RIONEGRO-683x1024.jpg 683w, https:\/\/medicinaesteticarionegro.com\/wp-content\/uploads\/2025\/01\/RINOMODELACION-RIONEGRO-200x300.jpg 200w, https:\/\/medicinaesteticarionegro.com\/wp-content\/uploads\/2025\/01\/RINOMODELACION-RIONEGRO-768x1152.jpg 768w, https:\/\/medicinaesteticarionegro.com\/wp-content\/uploads\/2025\/01\/RINOMODELACION-RIONEGRO-1024x1536.jpg 1024w, https:\/\/medicinaesteticarionegro.com\/wp-content\/uploads\/2025\/01\/RINOMODELACION-RIONEGRO-1365x2048.jpg 1365w, https:\/\/medicinaesteticarionegro.com\/wp-content\/uploads\/2025\/01\/RINOMODELACION-RIONEGRO-480x720.jpg 480w, https:\/\/medicinaesteticarionegro.com\/wp-content\/uploads\/2025\/01\/RINOMODELACION-RIONEGRO-scaled.jpg 1707w\" sizes=\"(max-width: 683px) 100vw, 683px\" title=\"RINOMODELACION-RIONEGRO\" \/>\t\t\t\t\t\t\t\t\t\t\t\t\t\t\t<\/div>\n\t\t\t\t<\/div>\n\t\t\t\t<\/div>\n\t\t<div class=\"elementor-element elementor-element-5596c89 e-con-full e-flex e-con e-child\" data-id=\"5596c89\" data-element_type=\"container\" data-e-type=\"container\">\n\t\t\t\t<div class=\"elementor-element elementor-element-22e5e94 elementor-widget elementor-widget-text-editor\" data-id=\"22e5e94\" data-element_type=\"widget\" data-e-type=\"widget\" data-widget_type=\"text-editor.default\">\n\t\t\t\t<div class=\"elementor-widget-container\">\n\t\t\t\t\t\t\t\t\t<p><span style=\"font-weight: 400;\">Es un procedimiento est\u00e9tico no quir\u00fargico que se utiliza para corregir y mejorar la forma de la nariz mediante la inyecci\u00f3n de rellenos d\u00e9rmicos, generalmente a base de \u00e1cido hialur\u00f3nico.<\/span><span style=\"font-weight: 400;\"><br \/><\/span><span style=\"font-weight: 400;\"><br \/><\/span><span style=\"font-weight: 400;\">La rinomodelaci\u00f3n tambi\u00e9n se puede realizar con hilos tensores siendo esta una t\u00e9cnica no quir\u00fargica que utiliza hilos para mejorar la forma y estructura de la nariz. En la consulta m\u00e9dica se determina si el paciente requiere la t\u00e9cnica combinada.<\/span><\/p>\t\t\t\t\t\t\t\t<\/div>\n\t\t\t\t<\/div>\n\t\t\t\t<\/div>\n\t\t\t\t\t<\/div>\n\t\t\t\t<\/div>\n\t\t<div class=\"elementor-element elementor-element-1b57c5f e-flex e-con-boxed e-con e-parent\" data-id=\"1b57c5f\" data-element_type=\"container\" data-e-type=\"container\">\n\t\t\t\t\t<div class=\"e-con-inner\">\n\t\t\t\t<div class=\"elementor-element elementor-element-399e543 elementor-widget-divider--view-line elementor-widget elementor-widget-divider\" data-id=\"399e543\" data-element_type=\"widget\" data-e-type=\"widget\" data-widget_type=\"divider.default\">\n\t\t\t\t<div class=\"elementor-widget-container\">\n\t\t\t\t\t\t\t<div class=\"elementor-divider\">\n\t\t\t<span class=\"elementor-divider-separator\">\n\t\t\t\t\t\t<\/span>\n\t\t<\/div>\n\t\t\t\t\t\t<\/div>\n\t\t\t\t<\/div>\n\t\t\t\t\t<\/div>\n\t\t\t\t<\/div>\n\t\t<div class=\"elementor-element elementor-element-1204678 e-flex e-con-boxed e-con e-parent\" data-id=\"1204678\" data-element_type=\"container\" data-e-type=\"container\">\n\t\t\t\t\t<div class=\"e-con-inner\">\n\t\t\t\t<div class=\"elementor-element elementor-element-ab15c78 elementor-widget elementor-widget-text-editor\" data-id=\"ab15c78\" data-element_type=\"widget\" data-e-type=\"widget\" data-widget_type=\"text-editor.default\">\n\t\t\t\t<div class=\"elementor-widget-container\">\n\t\t\t\t\t\t\t\t\t<p><b>INDICACIONES :<\/b><\/p>\n<ul>\n<li><span style=\"font-weight: 400;\">Correcci\u00f3n de peque\u00f1as irregularidades o asimetr\u00edas en la nariz&nbsp;<\/span><\/li>\n<li><span style=\"font-weight: 400;\">Mejorar la forma del tabique nasal&nbsp;<\/span><\/li>\n<li><span style=\"font-weight: 400;\">Levantar la punta de la nariz<\/span><\/li>\n<\/ul><div><span style=\"font-size: 16px;\"><br><\/span><\/div>\n<p><b>CUIDADOS PREVIOS:&nbsp;<\/b><\/p>\n<p><span style=\"font-weight: 400;\">No consumir alcohol dos d\u00edas antes del procedimiento<\/span><span style=\"font-weight: 400;\"><br><\/span><span style=\"font-weight: 400;\">Evitar el consumo de medicamentos como Aspirinas<\/span><span style=\"font-weight: 400;\"><br><\/span><span style=\"font-weight: 400;\">Asistir sin maquillaje <\/span><span style=\"font-weight: 400;\"><br><\/span><span style=\"font-weight: 400;\">Informar sobre alergias <\/span><span style=\"font-weight: 400;\"><\/span><\/p>\n<p><\/p>\n<p><b>DURACI\u00d3N: <\/b><span style=\"font-weight: 400;\">30 minutos&nbsp;<\/span><\/p>\n<p><b>DOLOR: <\/b><span style=\"font-weight: 400;\">3\/10 \u2013 Anestesia&nbsp;<\/span><\/p>\n<p><b>CONTRAINDICACIONES:<\/b><\/p>\n<ul>\n<li style=\"font-weight: 400;\" aria-level=\"1\"><span style=\"font-weight: 400;\">Pacientes al\u00e9rgicos al \u00e1cido hialur\u00f3nico<\/span><\/li>\n<li style=\"font-weight: 400;\" aria-level=\"1\"><span style=\"font-weight: 400;\">infecciones activas en la zona del tratamiento<\/span><\/li>\n<li style=\"font-weight: 400;\" aria-level=\"1\"><span style=\"font-weight: 400;\">Trastornos de la coagulaci\u00f3n<\/span><\/li>\n<li style=\"font-weight: 400;\" aria-level=\"1\"><span style=\"font-weight: 400;\">Embarazo o lactancia&nbsp;<\/span><\/li>\n<li style=\"font-weight: 400;\" aria-level=\"1\"><span style=\"font-weight: 400;\">Enfermedades autoinmunes sin control adecuado<\/span><\/li>\n<\/ul><div><span style=\"font-size: 16px;\"><br><\/span><\/div>\n<p><b>CUIDADOS POSTERIORES:<\/b><\/p>\n<ul>\n<li style=\"font-weight: 400;\" aria-level=\"1\"><span style=\"font-weight: 400;\">Evitar la exposici\u00f3n al sol<\/span><\/li>\n<li style=\"font-weight: 400;\" aria-level=\"1\"><span style=\"font-weight: 400;\">No aplicar presi\u00f3n o masaje en la zona durante las primeras 24 horas<\/span><\/li>\n<li style=\"font-weight: 400;\" aria-level=\"1\"><span style=\"font-weight: 400;\">Evitar ejercicio intenso y actividades que aumenten el flujo sangu\u00edneo al menos por 72 horas.<\/span><\/li>\n<li style=\"font-weight: 400;\" aria-level=\"1\"><span style=\"font-weight: 400;\">Seguir indicaciones del medico tratante <\/span><span style=\"font-weight: 400;\">\n<p><\/p><\/span><\/li>\n<\/ul><div><span style=\"font-size: 16px;\"><br><\/span><\/div>\n<p><b>EFECTOS SECUNDARIOS<\/b><\/p>\n<ul>\n<li style=\"font-weight: 400;\" aria-level=\"1\"><span style=\"font-weight: 400;\">Inflamaci\u00f3n y enrojecimiento&nbsp;<\/span><\/li>\n<li style=\"font-weight: 400;\" aria-level=\"1\"><span style=\"font-weight: 400;\">Equimosis&nbsp;<\/span><\/li>\n<li style=\"font-weight: 400;\" aria-level=\"1\"><span style=\"font-weight: 400;\">Zonas blanquecinas<\/span><\/li>\n<li style=\"font-weight: 400;\" aria-level=\"1\"><span style=\"font-weight: 400;\">Dolor&nbsp;<\/span><\/li>\n<li style=\"font-weight: 400;\" aria-level=\"1\"><span style=\"font-weight: 400;\">Asimetr\u00eda o irregularidades en la zona<\/span><\/li>\n<li style=\"font-weight: 400;\" aria-level=\"1\"><span style=\"font-weight: 400;\">Rechazo al hilo<\/span><\/li>\n<\/ul>\t\t\t\t\t\t\t\t<\/div>\n\t\t\t\t<\/div>\n\t\t\t\t\t<\/div>\n\t\t\t\t<\/div>\n\t\t\t\t<\/div>","protected":false},"excerpt":{"rendered":"<p>Rinomodelaci\u00f3n \u00bfEn qu\u00e9 consiste? Es un procedimiento est\u00e9tico no quir\u00fargico que se utiliza para corregir y mejorar la forma de la nariz mediante la inyecci\u00f3n de rellenos d\u00e9rmicos, generalmente a base de \u00e1cido hialur\u00f3nico. La rinomodelaci\u00f3n tambi\u00e9n se puede realizar con hilos tensores siendo esta una t\u00e9cnica no quir\u00fargica que utiliza hilos para mejorar la [&hellip;]<\/p>\n","protected":false},"author":1,"featured_media":0,"parent":0,"menu_order":0,"comment_status":"closed","ping_status":"closed","template":"elementor_header_footer","meta":{"footnotes":""},"class_list":["post-1319","page","type-page","status-publish","hentry"],"yoast_head":"<!-- This site is optimized with the Yoast SEO Premium plugin v26.3 (Yoast SEO v27.5) - https:\/\/yoast.com\/product\/yoast-seo-premium-wordpress\/ -->\n<title>RINOMODELACI\u00d3N | Dra. Natalia Elejalde<\/title>\n<meta name=\"robots\" content=\"index, follow, max-snippet:-1, max-image-preview:large, max-video-preview:-1\" \/>\n<link rel=\"canonical\" href=\"https:\/\/medicinaesteticarionegro.com\/en\/rinomodelacion\/\" \/>\n<meta property=\"og:locale\" content=\"en_US\" \/>\n<meta property=\"og:type\" content=\"article\" \/>\n<meta property=\"og:title\" content=\"RINOMODELACI\u00d3N\" \/>\n<meta property=\"og:description\" content=\"Rinomodelaci\u00f3n \u00bfEn qu\u00e9 consiste? Es un procedimiento est\u00e9tico no quir\u00fargico que se utiliza para corregir y mejorar la forma de la nariz mediante la inyecci\u00f3n de rellenos d\u00e9rmicos, generalmente a base de \u00e1cido hialur\u00f3nico. La rinomodelaci\u00f3n tambi\u00e9n se puede realizar con hilos tensores siendo esta una t\u00e9cnica no quir\u00fargica que utiliza hilos para mejorar la [&hellip;]\" \/>\n<meta property=\"og:url\" content=\"https:\/\/medicinaesteticarionegro.com\/en\/rinomodelacion\/\" \/>\n<meta property=\"og:site_name\" content=\"Dra. Natalia Elejalde\" \/>\n<meta property=\"article:modified_time\" content=\"2025-10-31T23:47:27+00:00\" \/>\n<meta property=\"og:image\" content=\"https:\/\/medicinaesteticarionegro.com\/wp-content\/uploads\/2025\/01\/RINOMODELACION-RIONEGRO-scaled.jpg\" \/>\n\t<meta property=\"og:image:width\" content=\"1707\" \/>\n\t<meta property=\"og:image:height\" content=\"2560\" \/>\n\t<meta property=\"og:image:type\" content=\"image\/jpeg\" \/>\n<meta name=\"twitter:card\" content=\"summary_large_image\" \/>\n<meta name=\"twitter:label1\" content=\"Est. reading time\" \/>\n\t<meta name=\"twitter:data1\" content=\"1 minute\" \/>\n<script type=\"application\/ld+json\" class=\"yoast-schema-graph\">{\"@context\":\"https:\\\/\\\/schema.org\",\"@graph\":[{\"@type\":\"WebPage\",\"@id\":\"https:\\\/\\\/medicinaesteticarionegro.com\\\/rinomodelacion\\\/\",\"url\":\"https:\\\/\\\/medicinaesteticarionegro.com\\\/rinomodelacion\\\/\",\"name\":\"RINOMODELACI\u00d3N | Dra. Natalia Elejalde\",\"isPartOf\":{\"@id\":\"https:\\\/\\\/medicinaesteticarionegro.com\\\/#website\"},\"primaryImageOfPage\":{\"@id\":\"https:\\\/\\\/medicinaesteticarionegro.com\\\/rinomodelacion\\\/#primaryimage\"},\"image\":{\"@id\":\"https:\\\/\\\/medicinaesteticarionegro.com\\\/rinomodelacion\\\/#primaryimage\"},\"thumbnailUrl\":\"https:\\\/\\\/medicinaesteticarionegro.com\\\/wp-content\\\/uploads\\\/2025\\\/01\\\/RINOMODELACION-RIONEGRO-683x1024.jpg\",\"datePublished\":\"2025-10-14T03:54:41+00:00\",\"dateModified\":\"2025-10-31T23:47:27+00:00\",\"breadcrumb\":{\"@id\":\"https:\\\/\\\/medicinaesteticarionegro.com\\\/rinomodelacion\\\/#breadcrumb\"},\"inLanguage\":\"en-US\",\"potentialAction\":[{\"@type\":\"ReadAction\",\"target\":[\"https:\\\/\\\/medicinaesteticarionegro.com\\\/rinomodelacion\\\/\"]}]},{\"@type\":\"ImageObject\",\"inLanguage\":\"en-US\",\"@id\":\"https:\\\/\\\/medicinaesteticarionegro.com\\\/rinomodelacion\\\/#primaryimage\",\"url\":\"https:\\\/\\\/medicinaesteticarionegro.com\\\/wp-content\\\/uploads\\\/2025\\\/01\\\/RINOMODELACION-RIONEGRO-683x1024.jpg\",\"contentUrl\":\"https:\\\/\\\/medicinaesteticarionegro.com\\\/wp-content\\\/uploads\\\/2025\\\/01\\\/RINOMODELACION-RIONEGRO-683x1024.jpg\"},{\"@type\":\"BreadcrumbList\",\"@id\":\"https:\\\/\\\/medicinaesteticarionegro.com\\\/rinomodelacion\\\/#breadcrumb\",\"itemListElement\":[{\"@type\":\"ListItem\",\"position\":1,\"name\":\"Home\",\"item\":\"https:\\\/\\\/medicinaesteticarionegro.com\\\/\"},{\"@type\":\"ListItem\",\"position\":2,\"name\":\"RINOMODELACI\u00d3N\"}]},{\"@type\":\"WebSite\",\"@id\":\"https:\\\/\\\/medicinaesteticarionegro.com\\\/#website\",\"url\":\"https:\\\/\\\/medicinaesteticarionegro.com\\\/\",\"name\":\"Dra. Natalia Elejalde - Medicina Est\u00e9tica en Rionegro\",\"description\":\"\",\"publisher\":{\"@id\":\"https:\\\/\\\/medicinaesteticarionegro.com\\\/#\\\/schema\\\/person\\\/eb3b978a6515276f13759d6072cf20d2\"},\"alternateName\":\"Medicina Estetica Rionegro\",\"potentialAction\":[{\"@type\":\"SearchAction\",\"target\":{\"@type\":\"EntryPoint\",\"urlTemplate\":\"https:\\\/\\\/medicinaesteticarionegro.com\\\/?s={search_term_string}\"},\"query-input\":{\"@type\":\"PropertyValueSpecification\",\"valueRequired\":true,\"valueName\":\"search_term_string\"}}],\"inLanguage\":\"en-US\"},{\"@type\":[\"Person\",\"Organization\"],\"@id\":\"https:\\\/\\\/medicinaesteticarionegro.com\\\/#\\\/schema\\\/person\\\/eb3b978a6515276f13759d6072cf20d2\",\"name\":\"dranataliaelejalde@outlook.com\",\"image\":{\"@type\":\"ImageObject\",\"inLanguage\":\"en-US\",\"@id\":\"https:\\\/\\\/medicinaesteticarionegro.com\\\/wp-content\\\/uploads\\\/2025\\\/10\\\/cropped-LOGO-ANCHO.png\",\"url\":\"https:\\\/\\\/medicinaesteticarionegro.com\\\/wp-content\\\/uploads\\\/2025\\\/10\\\/cropped-LOGO-ANCHO.png\",\"contentUrl\":\"https:\\\/\\\/medicinaesteticarionegro.com\\\/wp-content\\\/uploads\\\/2025\\\/10\\\/cropped-LOGO-ANCHO.png\",\"width\":512,\"height\":512,\"caption\":\"dranataliaelejalde@outlook.com\"},\"logo\":{\"@id\":\"https:\\\/\\\/medicinaesteticarionegro.com\\\/wp-content\\\/uploads\\\/2025\\\/10\\\/cropped-LOGO-ANCHO.png\"},\"sameAs\":[\"https:\\\/\\\/medicinaesteticarionegro.com\"]}]}<\/script>\n<!-- \/ Yoast SEO Premium plugin. -->","yoast_head_json":{"title":"RINOMODELACI\u00d3N | Dra. Natalia Elejalde","robots":{"index":"index","follow":"follow","max-snippet":"max-snippet:-1","max-image-preview":"max-image-preview:large","max-video-preview":"max-video-preview:-1"},"canonical":"https:\/\/medicinaesteticarionegro.com\/en\/rinomodelacion\/","og_locale":"en_US","og_type":"article","og_title":"RINOMODELACI\u00d3N","og_description":"Rinomodelaci\u00f3n \u00bfEn qu\u00e9 consiste? Es un procedimiento est\u00e9tico no quir\u00fargico que se utiliza para corregir y mejorar la forma de la nariz mediante la inyecci\u00f3n de rellenos d\u00e9rmicos, generalmente a base de \u00e1cido hialur\u00f3nico. La rinomodelaci\u00f3n tambi\u00e9n se puede realizar con hilos tensores siendo esta una t\u00e9cnica no quir\u00fargica que utiliza hilos para mejorar la [&hellip;]","og_url":"https:\/\/medicinaesteticarionegro.com\/en\/rinomodelacion\/","og_site_name":"Dra. Natalia Elejalde","article_modified_time":"2025-10-31T23:47:27+00:00","og_image":[{"width":1707,"height":2560,"url":"https:\/\/medicinaesteticarionegro.com\/wp-content\/uploads\/2025\/01\/RINOMODELACION-RIONEGRO-scaled.jpg","type":"image\/jpeg"}],"twitter_card":"summary_large_image","twitter_misc":{"Est. reading time":"1 minute"},"schema":{"@context":"https:\/\/schema.org","@graph":[{"@type":"WebPage","@id":"https:\/\/medicinaesteticarionegro.com\/rinomodelacion\/","url":"https:\/\/medicinaesteticarionegro.com\/rinomodelacion\/","name":"RINOMODELACI\u00d3N | Dra. Natalia Elejalde","isPartOf":{"@id":"https:\/\/medicinaesteticarionegro.com\/#website"},"primaryImageOfPage":{"@id":"https:\/\/medicinaesteticarionegro.com\/rinomodelacion\/#primaryimage"},"image":{"@id":"https:\/\/medicinaesteticarionegro.com\/rinomodelacion\/#primaryimage"},"thumbnailUrl":"https:\/\/medicinaesteticarionegro.com\/wp-content\/uploads\/2025\/01\/RINOMODELACION-RIONEGRO-683x1024.jpg","datePublished":"2025-10-14T03:54:41+00:00","dateModified":"2025-10-31T23:47:27+00:00","breadcrumb":{"@id":"https:\/\/medicinaesteticarionegro.com\/rinomodelacion\/#breadcrumb"},"inLanguage":"en-US","potentialAction":[{"@type":"ReadAction","target":["https:\/\/medicinaesteticarionegro.com\/rinomodelacion\/"]}]},{"@type":"ImageObject","inLanguage":"en-US","@id":"https:\/\/medicinaesteticarionegro.com\/rinomodelacion\/#primaryimage","url":"https:\/\/medicinaesteticarionegro.com\/wp-content\/uploads\/2025\/01\/RINOMODELACION-RIONEGRO-683x1024.jpg","contentUrl":"https:\/\/medicinaesteticarionegro.com\/wp-content\/uploads\/2025\/01\/RINOMODELACION-RIONEGRO-683x1024.jpg"},{"@type":"BreadcrumbList","@id":"https:\/\/medicinaesteticarionegro.com\/rinomodelacion\/#breadcrumb","itemListElement":[{"@type":"ListItem","position":1,"name":"Home","item":"https:\/\/medicinaesteticarionegro.com\/"},{"@type":"ListItem","position":2,"name":"RINOMODELACI\u00d3N"}]},{"@type":"WebSite","@id":"https:\/\/medicinaesteticarionegro.com\/#website","url":"https:\/\/medicinaesteticarionegro.com\/","name":"Dra. Natalia Elejalde - Medicina Est\u00e9tica en Rionegro","description":"","publisher":{"@id":"https:\/\/medicinaesteticarionegro.com\/#\/schema\/person\/eb3b978a6515276f13759d6072cf20d2"},"alternateName":"Medicina Estetica Rionegro","potentialAction":[{"@type":"SearchAction","target":{"@type":"EntryPoint","urlTemplate":"https:\/\/medicinaesteticarionegro.com\/?s={search_term_string}"},"query-input":{"@type":"PropertyValueSpecification","valueRequired":true,"valueName":"search_term_string"}}],"inLanguage":"en-US"},{"@type":["Person","Organization"],"@id":"https:\/\/medicinaesteticarionegro.com\/#\/schema\/person\/eb3b978a6515276f13759d6072cf20d2","name":"dranataliaelejalde@outlook.com","image":{"@type":"ImageObject","inLanguage":"en-US","@id":"https:\/\/medicinaesteticarionegro.com\/wp-content\/uploads\/2025\/10\/cropped-LOGO-ANCHO.png","url":"https:\/\/medicinaesteticarionegro.com\/wp-content\/uploads\/2025\/10\/cropped-LOGO-ANCHO.png","contentUrl":"https:\/\/medicinaesteticarionegro.com\/wp-content\/uploads\/2025\/10\/cropped-LOGO-ANCHO.png","width":512,"height":512,"caption":"dranataliaelejalde@outlook.com"},"logo":{"@id":"https:\/\/medicinaesteticarionegro.com\/wp-content\/uploads\/2025\/10\/cropped-LOGO-ANCHO.png"},"sameAs":["https:\/\/medicinaesteticarionegro.com"]}]}},"_hostinger_reach_plugin_has_subscription_block":false,"_hostinger_reach_plugin_is_elementor":false,"_links":{"self":[{"href":"https:\/\/medicinaesteticarionegro.com\/en\/wp-json\/wp\/v2\/pages\/1319","targetHints":{"allow":["GET"]}}],"collection":[{"href":"https:\/\/medicinaesteticarionegro.com\/en\/wp-json\/wp\/v2\/pages"}],"about":[{"href":"https:\/\/medicinaesteticarionegro.com\/en\/wp-json\/wp\/v2\/types\/page"}],"author":[{"embeddable":true,"href":"https:\/\/medicinaesteticarionegro.com\/en\/wp-json\/wp\/v2\/users\/1"}],"replies":[{"embeddable":true,"href":"https:\/\/medicinaesteticarionegro.com\/en\/wp-json\/wp\/v2\/comments?post=1319"}],"version-history":[{"count":15,"href":"https:\/\/medicinaesteticarionegro.com\/en\/wp-json\/wp\/v2\/pages\/1319\/revisions"}],"predecessor-version":[{"id":2992,"href":"https:\/\/medicinaesteticarionegro.com\/en\/wp-json\/wp\/v2\/pages\/1319\/revisions\/2992"}],"wp:attachment":[{"href":"https:\/\/medicinaesteticarionegro.com\/en\/wp-json\/wp\/v2\/media?parent=1319"}],"curies":[{"name":"wp","href":"https:\/\/api.w.org\/{rel}","templated":true}]}}