{"id":1365,"date":"2025-10-14T04:19:39","date_gmt":"2025-10-14T04:19:39","guid":{"rendered":"https:\/\/medicinaesteticarionegro.com\/?page_id=1365"},"modified":"2025-10-31T23:56:44","modified_gmt":"2025-10-31T23:56:44","slug":"tratamiento-de-bruxismo","status":"publish","type":"page","link":"https:\/\/medicinaesteticarionegro.com\/en\/tratamiento-de-bruxismo\/","title":{"rendered":"TRATAMIENTO DE BRUXISMO"},"content":{"rendered":"<div data-elementor-type=\"wp-page\" data-elementor-id=\"1365\" class=\"elementor elementor-1365\" data-elementor-post-type=\"page\">\n\t\t\t\t<div class=\"elementor-element elementor-element-8600130 e-con-full gt3_parallax-yes e-flex e-con e-parent\" data-id=\"8600130\" data-element_type=\"container\" data-e-type=\"container\" data-settings=\"{&quot;background_background&quot;:&quot;classic&quot;}\">\n\t\t\t\t<\/div>\n\t\t<div class=\"elementor-element elementor-element-7e55b12 e-con-full e-flex e-con e-parent\" data-id=\"7e55b12\" data-element_type=\"container\" data-e-type=\"container\" data-settings=\"{&quot;background_background&quot;:&quot;classic&quot;,&quot;shape_divider_bottom&quot;:&quot;mountains&quot;}\">\n\t\t\t\t<div class=\"elementor-shape elementor-shape-bottom\" aria-hidden=\"true\" data-negative=\"false\">\n\t\t\t<svg xmlns=\"http:\/\/www.w3.org\/2000\/svg\" viewbox=\"0 0 1000 100\" preserveaspectratio=\"none\">\n\t<path class=\"elementor-shape-fill\" opacity=\"0.33\" d=\"M473,67.3c-203.9,88.3-263.1-34-320.3,0C66,119.1,0,59.7,0,59.7V0h1000v59.7 c0,0-62.1,26.1-94.9,29.3c-32.8,3.3-62.8-12.3-75.8-22.1C806,49.6,745.3,8.7,694.9,4.7S492.4,59,473,67.3z\"\/>\n\t<path class=\"elementor-shape-fill\" opacity=\"0.66\" d=\"M734,67.3c-45.5,0-77.2-23.2-129.1-39.1c-28.6-8.7-150.3-10.1-254,39.1 s-91.7-34.4-149.2,0C115.7,118.3,0,39.8,0,39.8V0h1000v36.5c0,0-28.2-18.5-92.1-18.5C810.2,18.1,775.7,67.3,734,67.3z\"\/>\n\t<path class=\"elementor-shape-fill\" d=\"M766.1,28.9c-200-57.5-266,65.5-395.1,19.5C242,1.8,242,5.4,184.8,20.6C128,35.8,132.3,44.9,89.9,52.5C28.6,63.7,0,0,0,0 h1000c0,0-9.9,40.9-83.6,48.1S829.6,47,766.1,28.9z\"\/>\n<\/svg>\t\t<\/div>\n\t\t\t\t<div class=\"elementor-element elementor-element-3cc661b6 elementor-widget-mobile__width-initial elementor-widget elementor-widget-heading\" data-id=\"3cc661b6\" data-element_type=\"widget\" data-e-type=\"widget\" data-widget_type=\"heading.default\">\n\t\t\t\t<div class=\"elementor-widget-container\">\n\t\t\t\t\t<h2 class=\"elementor-heading-title elementor-size-default\">Tratamiento de Bruxismo<\/h2>\t\t\t\t<\/div>\n\t\t\t\t<\/div>\n\t\t\t\t<\/div>\n\t\t<div class=\"elementor-element elementor-element-4fd5dab e-flex e-con-boxed e-con e-parent\" data-id=\"4fd5dab\" data-element_type=\"container\" data-e-type=\"container\">\n\t\t\t\t\t<div class=\"e-con-inner\">\n\t\t\t\t<div class=\"elementor-element elementor-element-9216f9c elementor-widget elementor-widget-heading\" data-id=\"9216f9c\" data-element_type=\"widget\" data-e-type=\"widget\" data-widget_type=\"heading.default\">\n\t\t\t\t<div class=\"elementor-widget-container\">\n\t\t\t\t\t<h2 class=\"elementor-heading-title elementor-size-default\">\u00bfEn qu\u00e9 consiste?<\/h2>\t\t\t\t<\/div>\n\t\t\t\t<\/div>\n\t\t\t\t\t<\/div>\n\t\t\t\t<\/div>\n\t\t<div class=\"elementor-element elementor-element-e31acfe e-flex e-con-boxed e-con e-parent\" data-id=\"e31acfe\" data-element_type=\"container\" data-e-type=\"container\">\n\t\t\t\t\t<div class=\"e-con-inner\">\n\t\t<div class=\"elementor-element elementor-element-f89d52b e-con-full e-flex e-con e-child\" data-id=\"f89d52b\" data-element_type=\"container\" data-e-type=\"container\">\n\t\t\t\t<div class=\"elementor-element elementor-element-975ff67 elementor-widget elementor-widget-image\" data-id=\"975ff67\" data-element_type=\"widget\" data-e-type=\"widget\" data-widget_type=\"image.default\">\n\t\t\t\t<div class=\"elementor-widget-container\">\n\t\t\t\t\t\t\t\t\t\t\t\t\t\t\t<img fetchpriority=\"high\" decoding=\"async\" width=\"940\" height=\"627\" src=\"https:\/\/medicinaesteticarionegro.com\/wp-content\/uploads\/2025\/01\/TRATAMIENTO-PARA-BRUXISMO-RIONEGRO-1024x683.jpg\" class=\"attachment-large size-large wp-image-1097\" alt=\"\" srcset=\"https:\/\/medicinaesteticarionegro.com\/wp-content\/uploads\/2025\/01\/TRATAMIENTO-PARA-BRUXISMO-RIONEGRO-1024x683.jpg 1024w, https:\/\/medicinaesteticarionegro.com\/wp-content\/uploads\/2025\/01\/TRATAMIENTO-PARA-BRUXISMO-RIONEGRO-300x200.jpg 300w, https:\/\/medicinaesteticarionegro.com\/wp-content\/uploads\/2025\/01\/TRATAMIENTO-PARA-BRUXISMO-RIONEGRO-768x512.jpg 768w, https:\/\/medicinaesteticarionegro.com\/wp-content\/uploads\/2025\/01\/TRATAMIENTO-PARA-BRUXISMO-RIONEGRO-1536x1024.jpg 1536w, https:\/\/medicinaesteticarionegro.com\/wp-content\/uploads\/2025\/01\/TRATAMIENTO-PARA-BRUXISMO-RIONEGRO-480x320.jpg 480w\" sizes=\"(max-width: 940px) 100vw, 940px\" title=\"TRATAMIENTO-PARA-BRUXISMO-RIONEGRO\" \/>\t\t\t\t\t\t\t\t\t\t\t\t\t\t\t<\/div>\n\t\t\t\t<\/div>\n\t\t\t\t<\/div>\n\t\t<div class=\"elementor-element elementor-element-5596c89 e-con-full e-flex e-con e-child\" data-id=\"5596c89\" data-element_type=\"container\" data-e-type=\"container\">\n\t\t\t\t<div class=\"elementor-element elementor-element-22e5e94 elementor-widget elementor-widget-text-editor\" data-id=\"22e5e94\" data-element_type=\"widget\" data-e-type=\"widget\" data-widget_type=\"text-editor.default\">\n\t\t\t\t<div class=\"elementor-widget-container\">\n\t\t\t\t\t\t\t\t\t<p><span style=\"font-weight: 400;\">El bruxismo es un h\u00e1bito involuntario que provoca que las personas aprieten y contraigan la mand\u00edbula fuertemente, haciendo rechinar los dientes sin ning\u00fan objetivo funcional.<\/span><\/p><p><span style=\"font-weight: 400;\">El tratamiento para el bruxismo con b\u00f3tox consiste en la infiltraci\u00f3n de toxina botul\u00ednica en los m\u00fasculos maseteros con el objetivo de relajarlos y poder eliminar la fuerza excesiva que realizan a diario.<\/span><\/p><p><span style=\"font-weight: 400;\">Es un tratamiento ambulatorio y poco invasivo. El paciente ser\u00e1 sometido a una evaluaci\u00f3n est\u00e9tica integral, donde la doctora Natalia Elejalde evaluar\u00e1n su caso y estimar\u00e1n cu\u00e1ntas unidades de b\u00f3tox se utilizar\u00e1n seg\u00fan sus necesidades.<\/span><\/p>\t\t\t\t\t\t\t\t<\/div>\n\t\t\t\t<\/div>\n\t\t\t\t<\/div>\n\t\t\t\t\t<\/div>\n\t\t\t\t<\/div>\n\t\t<div class=\"elementor-element elementor-element-1b57c5f e-flex e-con-boxed e-con e-parent\" data-id=\"1b57c5f\" data-element_type=\"container\" data-e-type=\"container\">\n\t\t\t\t\t<div class=\"e-con-inner\">\n\t\t\t\t<div class=\"elementor-element elementor-element-399e543 elementor-widget-divider--view-line elementor-widget elementor-widget-divider\" data-id=\"399e543\" data-element_type=\"widget\" data-e-type=\"widget\" data-widget_type=\"divider.default\">\n\t\t\t\t<div class=\"elementor-widget-container\">\n\t\t\t\t\t\t\t<div class=\"elementor-divider\">\n\t\t\t<span class=\"elementor-divider-separator\">\n\t\t\t\t\t\t<\/span>\n\t\t<\/div>\n\t\t\t\t\t\t<\/div>\n\t\t\t\t<\/div>\n\t\t\t\t\t<\/div>\n\t\t\t\t<\/div>\n\t\t<div class=\"elementor-element elementor-element-1204678 e-flex e-con-boxed e-con e-parent\" data-id=\"1204678\" data-element_type=\"container\" data-e-type=\"container\">\n\t\t\t\t\t<div class=\"e-con-inner\">\n\t\t\t\t<div class=\"elementor-element elementor-element-ab15c78 elementor-widget elementor-widget-text-editor\" data-id=\"ab15c78\" data-element_type=\"widget\" data-e-type=\"widget\" data-widget_type=\"text-editor.default\">\n\t\t\t\t<div class=\"elementor-widget-container\">\n\t\t\t\t\t\t\t\t\t<p><b>INDICACIONES:<\/b><\/p>\n<ul>\n<li style=\"font-weight: 400;\" aria-level=\"1\"><span style=\"font-weight: 400;\">Disminuir la tensi\u00f3n y relajar los m\u00fasculos maseteros cuando existe bruxismo.<\/span><\/li>\n<\/ul>\n<p><b>CUIDADOS PREVIOS:<\/b><\/p>\n<ul>\n<li style=\"font-weight: 400;\" aria-level=\"1\"><span style=\"font-weight: 400;\">No tener ning\u00fan tipo de cremas aplicadas en el rostro el d\u00eda de la sesi\u00f3n<\/span><\/li>\n<\/ul>\n<div><span style=\"font-size: 16px;\"><br><\/span><\/div>\n<p><b>DURACION: <\/b><span style=\"font-weight: 400;\">20 minutos&nbsp;<\/span><\/p>\n<p><\/p>\n<p><b>DOLOR: <\/b><span style=\"font-weight: 400;\">3\/10&nbsp;<\/span><\/p>\n<p><\/p>\n<p><b>CONTRAINDICACIONES:&nbsp;<\/b><\/p>\n<ul>\n<li style=\"font-weight: 400;\" aria-level=\"1\"><span style=\"font-weight: 400;\">Embarazo y Lactancia.<\/span><\/li>\n<li style=\"font-weight: 400;\" aria-level=\"1\"><span style=\"font-weight: 400;\">Trastornos neuromusculares<\/span><\/li>\n<li style=\"font-weight: 400;\" aria-level=\"1\"><span style=\"font-weight: 400;\">Uso de antibi\u00f3ticos de tipo aminoglucosidos<\/span><\/li>\n<li style=\"font-weight: 400;\" aria-level=\"1\"><span style=\"font-weight: 400;\">Aplicaci\u00f3n reciente, 4 meses previos.<\/span><\/li>\n<\/ul>\n<div><span style=\"font-size: 16px;\"><br><\/span><\/div>\n<p><b>CUIDADOS POSTERIORES:<\/b><\/p>\n<ul>\n<li aria-level=\"1\"><span style=\"font-weight: 400;\">No hacer deporte durante 24 horas despu\u00e9s de su aplicaci\u00f3n&nbsp;<\/span><\/li>\n<\/ul>\n<ul>\n<li aria-level=\"1\"><span style=\"font-weight: 400;\">Evitar el sol&nbsp;<\/span><\/li>\n<\/ul>\n<ul>\n<li aria-level=\"1\"><span style=\"font-weight: 400;\">No tocar ni masajear la zona<\/span><\/li>\n<\/ul>\n<div><span style=\"font-size: 16px;\"><br><\/span><\/div>\n<p><b>EFECTOS SECUNDARIOS:<\/b><\/p>\n<ul>\n<li><span style=\"font-weight: 400;\">Eritema (rojez)<\/span><\/li>\n<li><span style=\"font-weight: 400;\">Equimosis (morados)<\/span><\/li>\n<li><span style=\"font-weight: 400;\">Edema (Inflamaci\u00f3n)<\/span><\/li>\n<li><span style=\"font-weight: 400;\">Dolor en la zona de punci\u00f3n<\/span><\/li>\n<\/ul>\t\t\t\t\t\t\t\t<\/div>\n\t\t\t\t<\/div>\n\t\t\t\t\t<\/div>\n\t\t\t\t<\/div>\n\t\t\t\t<\/div>","protected":false},"excerpt":{"rendered":"<p>Tratamiento de Bruxismo \u00bfEn qu\u00e9 consiste? El bruxismo es un h\u00e1bito involuntario que provoca que las personas aprieten y contraigan la mand\u00edbula fuertemente, haciendo rechinar los dientes sin ning\u00fan objetivo funcional. El tratamiento para el bruxismo con b\u00f3tox consiste en la infiltraci\u00f3n de toxina botul\u00ednica en los m\u00fasculos maseteros con el objetivo de relajarlos y [&hellip;]<\/p>\n","protected":false},"author":1,"featured_media":0,"parent":0,"menu_order":0,"comment_status":"closed","ping_status":"closed","template":"elementor_header_footer","meta":{"footnotes":""},"class_list":["post-1365","page","type-page","status-publish","hentry"],"yoast_head":"<!-- This site is optimized with the Yoast SEO Premium plugin v26.3 (Yoast SEO v27.5) - https:\/\/yoast.com\/product\/yoast-seo-premium-wordpress\/ -->\n<title>TRATAMIENTO DE BRUXISMO | Dra. Natalia Elejalde<\/title>\n<meta name=\"robots\" content=\"index, follow, max-snippet:-1, max-image-preview:large, max-video-preview:-1\" \/>\n<link rel=\"canonical\" href=\"https:\/\/medicinaesteticarionegro.com\/en\/tratamiento-de-bruxismo\/\" \/>\n<meta property=\"og:locale\" content=\"en_US\" \/>\n<meta property=\"og:type\" content=\"article\" \/>\n<meta property=\"og:title\" content=\"TRATAMIENTO DE BRUXISMO\" \/>\n<meta property=\"og:description\" content=\"Tratamiento de Bruxismo \u00bfEn qu\u00e9 consiste? El bruxismo es un h\u00e1bito involuntario que provoca que las personas aprieten y contraigan la mand\u00edbula fuertemente, haciendo rechinar los dientes sin ning\u00fan objetivo funcional. El tratamiento para el bruxismo con b\u00f3tox consiste en la infiltraci\u00f3n de toxina botul\u00ednica en los m\u00fasculos maseteros con el objetivo de relajarlos y [&hellip;]\" \/>\n<meta property=\"og:url\" content=\"https:\/\/medicinaesteticarionegro.com\/en\/tratamiento-de-bruxismo\/\" \/>\n<meta property=\"og:site_name\" content=\"Dra. Natalia Elejalde\" \/>\n<meta property=\"article:modified_time\" content=\"2025-10-31T23:56:44+00:00\" \/>\n<meta property=\"og:image\" content=\"https:\/\/medicinaesteticarionegro.com\/wp-content\/uploads\/2025\/01\/TRATAMIENTO-PARA-BRUXISMO-RIONEGRO-scaled.jpg\" \/>\n\t<meta property=\"og:image:width\" content=\"2560\" \/>\n\t<meta property=\"og:image:height\" content=\"1707\" \/>\n\t<meta property=\"og:image:type\" content=\"image\/jpeg\" \/>\n<meta name=\"twitter:card\" content=\"summary_large_image\" \/>\n<meta name=\"twitter:label1\" content=\"Est. reading time\" \/>\n\t<meta name=\"twitter:data1\" content=\"1 minute\" \/>\n<script type=\"application\/ld+json\" class=\"yoast-schema-graph\">{\"@context\":\"https:\\\/\\\/schema.org\",\"@graph\":[{\"@type\":\"WebPage\",\"@id\":\"https:\\\/\\\/medicinaesteticarionegro.com\\\/tratamiento-de-bruxismo\\\/\",\"url\":\"https:\\\/\\\/medicinaesteticarionegro.com\\\/tratamiento-de-bruxismo\\\/\",\"name\":\"TRATAMIENTO DE BRUXISMO | Dra. Natalia Elejalde\",\"isPartOf\":{\"@id\":\"https:\\\/\\\/medicinaesteticarionegro.com\\\/#website\"},\"primaryImageOfPage\":{\"@id\":\"https:\\\/\\\/medicinaesteticarionegro.com\\\/tratamiento-de-bruxismo\\\/#primaryimage\"},\"image\":{\"@id\":\"https:\\\/\\\/medicinaesteticarionegro.com\\\/tratamiento-de-bruxismo\\\/#primaryimage\"},\"thumbnailUrl\":\"https:\\\/\\\/medicinaesteticarionegro.com\\\/wp-content\\\/uploads\\\/2025\\\/01\\\/TRATAMIENTO-PARA-BRUXISMO-RIONEGRO-1024x683.jpg\",\"datePublished\":\"2025-10-14T04:19:39+00:00\",\"dateModified\":\"2025-10-31T23:56:44+00:00\",\"breadcrumb\":{\"@id\":\"https:\\\/\\\/medicinaesteticarionegro.com\\\/tratamiento-de-bruxismo\\\/#breadcrumb\"},\"inLanguage\":\"en-US\",\"potentialAction\":[{\"@type\":\"ReadAction\",\"target\":[\"https:\\\/\\\/medicinaesteticarionegro.com\\\/tratamiento-de-bruxismo\\\/\"]}]},{\"@type\":\"ImageObject\",\"inLanguage\":\"en-US\",\"@id\":\"https:\\\/\\\/medicinaesteticarionegro.com\\\/tratamiento-de-bruxismo\\\/#primaryimage\",\"url\":\"https:\\\/\\\/medicinaesteticarionegro.com\\\/wp-content\\\/uploads\\\/2025\\\/01\\\/TRATAMIENTO-PARA-BRUXISMO-RIONEGRO-1024x683.jpg\",\"contentUrl\":\"https:\\\/\\\/medicinaesteticarionegro.com\\\/wp-content\\\/uploads\\\/2025\\\/01\\\/TRATAMIENTO-PARA-BRUXISMO-RIONEGRO-1024x683.jpg\"},{\"@type\":\"BreadcrumbList\",\"@id\":\"https:\\\/\\\/medicinaesteticarionegro.com\\\/tratamiento-de-bruxismo\\\/#breadcrumb\",\"itemListElement\":[{\"@type\":\"ListItem\",\"position\":1,\"name\":\"Home\",\"item\":\"https:\\\/\\\/medicinaesteticarionegro.com\\\/\"},{\"@type\":\"ListItem\",\"position\":2,\"name\":\"TRATAMIENTO DE BRUXISMO\"}]},{\"@type\":\"WebSite\",\"@id\":\"https:\\\/\\\/medicinaesteticarionegro.com\\\/#website\",\"url\":\"https:\\\/\\\/medicinaesteticarionegro.com\\\/\",\"name\":\"Dra. Natalia Elejalde - Medicina Est\u00e9tica en Rionegro\",\"description\":\"\",\"publisher\":{\"@id\":\"https:\\\/\\\/medicinaesteticarionegro.com\\\/#\\\/schema\\\/person\\\/eb3b978a6515276f13759d6072cf20d2\"},\"alternateName\":\"Medicina Estetica Rionegro\",\"potentialAction\":[{\"@type\":\"SearchAction\",\"target\":{\"@type\":\"EntryPoint\",\"urlTemplate\":\"https:\\\/\\\/medicinaesteticarionegro.com\\\/?s={search_term_string}\"},\"query-input\":{\"@type\":\"PropertyValueSpecification\",\"valueRequired\":true,\"valueName\":\"search_term_string\"}}],\"inLanguage\":\"en-US\"},{\"@type\":[\"Person\",\"Organization\"],\"@id\":\"https:\\\/\\\/medicinaesteticarionegro.com\\\/#\\\/schema\\\/person\\\/eb3b978a6515276f13759d6072cf20d2\",\"name\":\"dranataliaelejalde@outlook.com\",\"image\":{\"@type\":\"ImageObject\",\"inLanguage\":\"en-US\",\"@id\":\"https:\\\/\\\/medicinaesteticarionegro.com\\\/wp-content\\\/uploads\\\/2025\\\/10\\\/cropped-LOGO-ANCHO.png\",\"url\":\"https:\\\/\\\/medicinaesteticarionegro.com\\\/wp-content\\\/uploads\\\/2025\\\/10\\\/cropped-LOGO-ANCHO.png\",\"contentUrl\":\"https:\\\/\\\/medicinaesteticarionegro.com\\\/wp-content\\\/uploads\\\/2025\\\/10\\\/cropped-LOGO-ANCHO.png\",\"width\":512,\"height\":512,\"caption\":\"dranataliaelejalde@outlook.com\"},\"logo\":{\"@id\":\"https:\\\/\\\/medicinaesteticarionegro.com\\\/wp-content\\\/uploads\\\/2025\\\/10\\\/cropped-LOGO-ANCHO.png\"},\"sameAs\":[\"https:\\\/\\\/medicinaesteticarionegro.com\"]}]}<\/script>\n<!-- \/ Yoast SEO Premium plugin. -->","yoast_head_json":{"title":"TRATAMIENTO DE BRUXISMO | Dra. Natalia Elejalde","robots":{"index":"index","follow":"follow","max-snippet":"max-snippet:-1","max-image-preview":"max-image-preview:large","max-video-preview":"max-video-preview:-1"},"canonical":"https:\/\/medicinaesteticarionegro.com\/en\/tratamiento-de-bruxismo\/","og_locale":"en_US","og_type":"article","og_title":"TRATAMIENTO DE BRUXISMO","og_description":"Tratamiento de Bruxismo \u00bfEn qu\u00e9 consiste? El bruxismo es un h\u00e1bito involuntario que provoca que las personas aprieten y contraigan la mand\u00edbula fuertemente, haciendo rechinar los dientes sin ning\u00fan objetivo funcional. El tratamiento para el bruxismo con b\u00f3tox consiste en la infiltraci\u00f3n de toxina botul\u00ednica en los m\u00fasculos maseteros con el objetivo de relajarlos y [&hellip;]","og_url":"https:\/\/medicinaesteticarionegro.com\/en\/tratamiento-de-bruxismo\/","og_site_name":"Dra. Natalia Elejalde","article_modified_time":"2025-10-31T23:56:44+00:00","og_image":[{"width":2560,"height":1707,"url":"https:\/\/medicinaesteticarionegro.com\/wp-content\/uploads\/2025\/01\/TRATAMIENTO-PARA-BRUXISMO-RIONEGRO-scaled.jpg","type":"image\/jpeg"}],"twitter_card":"summary_large_image","twitter_misc":{"Est. reading time":"1 minute"},"schema":{"@context":"https:\/\/schema.org","@graph":[{"@type":"WebPage","@id":"https:\/\/medicinaesteticarionegro.com\/tratamiento-de-bruxismo\/","url":"https:\/\/medicinaesteticarionegro.com\/tratamiento-de-bruxismo\/","name":"TRATAMIENTO DE BRUXISMO | Dra. Natalia Elejalde","isPartOf":{"@id":"https:\/\/medicinaesteticarionegro.com\/#website"},"primaryImageOfPage":{"@id":"https:\/\/medicinaesteticarionegro.com\/tratamiento-de-bruxismo\/#primaryimage"},"image":{"@id":"https:\/\/medicinaesteticarionegro.com\/tratamiento-de-bruxismo\/#primaryimage"},"thumbnailUrl":"https:\/\/medicinaesteticarionegro.com\/wp-content\/uploads\/2025\/01\/TRATAMIENTO-PARA-BRUXISMO-RIONEGRO-1024x683.jpg","datePublished":"2025-10-14T04:19:39+00:00","dateModified":"2025-10-31T23:56:44+00:00","breadcrumb":{"@id":"https:\/\/medicinaesteticarionegro.com\/tratamiento-de-bruxismo\/#breadcrumb"},"inLanguage":"en-US","potentialAction":[{"@type":"ReadAction","target":["https:\/\/medicinaesteticarionegro.com\/tratamiento-de-bruxismo\/"]}]},{"@type":"ImageObject","inLanguage":"en-US","@id":"https:\/\/medicinaesteticarionegro.com\/tratamiento-de-bruxismo\/#primaryimage","url":"https:\/\/medicinaesteticarionegro.com\/wp-content\/uploads\/2025\/01\/TRATAMIENTO-PARA-BRUXISMO-RIONEGRO-1024x683.jpg","contentUrl":"https:\/\/medicinaesteticarionegro.com\/wp-content\/uploads\/2025\/01\/TRATAMIENTO-PARA-BRUXISMO-RIONEGRO-1024x683.jpg"},{"@type":"BreadcrumbList","@id":"https:\/\/medicinaesteticarionegro.com\/tratamiento-de-bruxismo\/#breadcrumb","itemListElement":[{"@type":"ListItem","position":1,"name":"Home","item":"https:\/\/medicinaesteticarionegro.com\/"},{"@type":"ListItem","position":2,"name":"TRATAMIENTO DE BRUXISMO"}]},{"@type":"WebSite","@id":"https:\/\/medicinaesteticarionegro.com\/#website","url":"https:\/\/medicinaesteticarionegro.com\/","name":"Dra. Natalia Elejalde - Medicina Est\u00e9tica en Rionegro","description":"","publisher":{"@id":"https:\/\/medicinaesteticarionegro.com\/#\/schema\/person\/eb3b978a6515276f13759d6072cf20d2"},"alternateName":"Medicina Estetica Rionegro","potentialAction":[{"@type":"SearchAction","target":{"@type":"EntryPoint","urlTemplate":"https:\/\/medicinaesteticarionegro.com\/?s={search_term_string}"},"query-input":{"@type":"PropertyValueSpecification","valueRequired":true,"valueName":"search_term_string"}}],"inLanguage":"en-US"},{"@type":["Person","Organization"],"@id":"https:\/\/medicinaesteticarionegro.com\/#\/schema\/person\/eb3b978a6515276f13759d6072cf20d2","name":"dranataliaelejalde@outlook.com","image":{"@type":"ImageObject","inLanguage":"en-US","@id":"https:\/\/medicinaesteticarionegro.com\/wp-content\/uploads\/2025\/10\/cropped-LOGO-ANCHO.png","url":"https:\/\/medicinaesteticarionegro.com\/wp-content\/uploads\/2025\/10\/cropped-LOGO-ANCHO.png","contentUrl":"https:\/\/medicinaesteticarionegro.com\/wp-content\/uploads\/2025\/10\/cropped-LOGO-ANCHO.png","width":512,"height":512,"caption":"dranataliaelejalde@outlook.com"},"logo":{"@id":"https:\/\/medicinaesteticarionegro.com\/wp-content\/uploads\/2025\/10\/cropped-LOGO-ANCHO.png"},"sameAs":["https:\/\/medicinaesteticarionegro.com"]}]}},"_hostinger_reach_plugin_has_subscription_block":false,"_hostinger_reach_plugin_is_elementor":false,"_links":{"self":[{"href":"https:\/\/medicinaesteticarionegro.com\/en\/wp-json\/wp\/v2\/pages\/1365","targetHints":{"allow":["GET"]}}],"collection":[{"href":"https:\/\/medicinaesteticarionegro.com\/en\/wp-json\/wp\/v2\/pages"}],"about":[{"href":"https:\/\/medicinaesteticarionegro.com\/en\/wp-json\/wp\/v2\/types\/page"}],"author":[{"embeddable":true,"href":"https:\/\/medicinaesteticarionegro.com\/en\/wp-json\/wp\/v2\/users\/1"}],"replies":[{"embeddable":true,"href":"https:\/\/medicinaesteticarionegro.com\/en\/wp-json\/wp\/v2\/comments?post=1365"}],"version-history":[{"count":9,"href":"https:\/\/medicinaesteticarionegro.com\/en\/wp-json\/wp\/v2\/pages\/1365\/revisions"}],"predecessor-version":[{"id":3007,"href":"https:\/\/medicinaesteticarionegro.com\/en\/wp-json\/wp\/v2\/pages\/1365\/revisions\/3007"}],"wp:attachment":[{"href":"https:\/\/medicinaesteticarionegro.com\/en\/wp-json\/wp\/v2\/media?parent=1365"}],"curies":[{"name":"wp","href":"https:\/\/api.w.org\/{rel}","templated":true}]}}