{"id":1415,"date":"2025-10-14T14:44:45","date_gmt":"2025-10-14T14:44:45","guid":{"rendered":"https:\/\/medicinaesteticarionegro.com\/?page_id=1415"},"modified":"2025-11-01T00:54:04","modified_gmt":"2025-11-01T00:54:04","slug":"tratamietos-de-papada","status":"publish","type":"page","link":"https:\/\/medicinaesteticarionegro.com\/en\/tratamietos-de-papada\/","title":{"rendered":"TRATAMIETOS DE PAPADA"},"content":{"rendered":"<div data-elementor-type=\"wp-page\" data-elementor-id=\"1415\" class=\"elementor elementor-1415\" data-elementor-post-type=\"page\">\n\t\t\t\t<div class=\"elementor-element elementor-element-4cf7136 e-con-full gt3_parallax-yes e-flex e-con e-parent\" data-id=\"4cf7136\" data-element_type=\"container\" data-e-type=\"container\" data-settings=\"{&quot;background_background&quot;:&quot;classic&quot;}\">\n\t\t\t\t<\/div>\n\t\t<div class=\"elementor-element elementor-element-58350841 e-con-full e-flex e-con e-parent\" data-id=\"58350841\" data-element_type=\"container\" data-e-type=\"container\" data-settings=\"{&quot;background_background&quot;:&quot;classic&quot;,&quot;shape_divider_bottom&quot;:&quot;mountains&quot;}\">\n\t\t\t\t<div class=\"elementor-shape elementor-shape-bottom\" aria-hidden=\"true\" data-negative=\"false\">\n\t\t\t<svg xmlns=\"http:\/\/www.w3.org\/2000\/svg\" viewbox=\"0 0 1000 100\" preserveaspectratio=\"none\">\n\t<path class=\"elementor-shape-fill\" opacity=\"0.33\" d=\"M473,67.3c-203.9,88.3-263.1-34-320.3,0C66,119.1,0,59.7,0,59.7V0h1000v59.7 c0,0-62.1,26.1-94.9,29.3c-32.8,3.3-62.8-12.3-75.8-22.1C806,49.6,745.3,8.7,694.9,4.7S492.4,59,473,67.3z\"\/>\n\t<path class=\"elementor-shape-fill\" opacity=\"0.66\" d=\"M734,67.3c-45.5,0-77.2-23.2-129.1-39.1c-28.6-8.7-150.3-10.1-254,39.1 s-91.7-34.4-149.2,0C115.7,118.3,0,39.8,0,39.8V0h1000v36.5c0,0-28.2-18.5-92.1-18.5C810.2,18.1,775.7,67.3,734,67.3z\"\/>\n\t<path class=\"elementor-shape-fill\" d=\"M766.1,28.9c-200-57.5-266,65.5-395.1,19.5C242,1.8,242,5.4,184.8,20.6C128,35.8,132.3,44.9,89.9,52.5C28.6,63.7,0,0,0,0 h1000c0,0-9.9,40.9-83.6,48.1S829.6,47,766.1,28.9z\"\/>\n<\/svg>\t\t<\/div>\n\t\t\t\t<div class=\"elementor-element elementor-element-679b7709 elementor-widget-mobile__width-initial elementor-widget elementor-widget-heading\" data-id=\"679b7709\" data-element_type=\"widget\" data-e-type=\"widget\" data-widget_type=\"heading.default\">\n\t\t\t\t<div class=\"elementor-widget-container\">\n\t\t\t\t\t<h2 class=\"elementor-heading-title elementor-size-default\">Tratamientos De Papada<\/h2>\t\t\t\t<\/div>\n\t\t\t\t<\/div>\n\t\t\t\t<\/div>\n\t\t<div class=\"elementor-element elementor-element-4fd5dab e-flex e-con-boxed e-con e-parent\" data-id=\"4fd5dab\" data-element_type=\"container\" data-e-type=\"container\">\n\t\t\t\t\t<div class=\"e-con-inner\">\n\t\t\t\t<div class=\"elementor-element elementor-element-9216f9c elementor-widget elementor-widget-heading\" data-id=\"9216f9c\" data-element_type=\"widget\" data-e-type=\"widget\" data-widget_type=\"heading.default\">\n\t\t\t\t<div class=\"elementor-widget-container\">\n\t\t\t\t\t<h2 class=\"elementor-heading-title elementor-size-default\">\u00bfEn qu\u00e9 consiste?<\/h2>\t\t\t\t<\/div>\n\t\t\t\t<\/div>\n\t\t\t\t\t<\/div>\n\t\t\t\t<\/div>\n\t\t<div class=\"elementor-element elementor-element-e31acfe e-flex e-con-boxed e-con e-parent\" data-id=\"e31acfe\" data-element_type=\"container\" data-e-type=\"container\">\n\t\t\t\t\t<div class=\"e-con-inner\">\n\t\t<div class=\"elementor-element elementor-element-f89d52b e-con-full e-flex e-con e-child\" data-id=\"f89d52b\" data-element_type=\"container\" data-e-type=\"container\">\n\t\t\t\t<div class=\"elementor-element elementor-element-975ff67 elementor-widget elementor-widget-image\" data-id=\"975ff67\" data-element_type=\"widget\" data-e-type=\"widget\" data-widget_type=\"image.default\">\n\t\t\t\t<div class=\"elementor-widget-container\">\n\t\t\t\t\t\t\t\t\t\t\t\t\t\t\t<img fetchpriority=\"high\" decoding=\"async\" width=\"683\" height=\"1024\" src=\"https:\/\/medicinaesteticarionegro.com\/wp-content\/uploads\/2025\/01\/TRATAMIENTOS-DE-PAPADA-RIONEGRO-683x1024.jpg\" class=\"attachment-large size-large wp-image-1104\" alt=\"\" srcset=\"https:\/\/medicinaesteticarionegro.com\/wp-content\/uploads\/2025\/01\/TRATAMIENTOS-DE-PAPADA-RIONEGRO-683x1024.jpg 683w, https:\/\/medicinaesteticarionegro.com\/wp-content\/uploads\/2025\/01\/TRATAMIENTOS-DE-PAPADA-RIONEGRO-200x300.jpg 200w, https:\/\/medicinaesteticarionegro.com\/wp-content\/uploads\/2025\/01\/TRATAMIENTOS-DE-PAPADA-RIONEGRO-768x1152.jpg 768w, https:\/\/medicinaesteticarionegro.com\/wp-content\/uploads\/2025\/01\/TRATAMIENTOS-DE-PAPADA-RIONEGRO-1024x1536.jpg 1024w, https:\/\/medicinaesteticarionegro.com\/wp-content\/uploads\/2025\/01\/TRATAMIENTOS-DE-PAPADA-RIONEGRO-1365x2048.jpg 1365w, https:\/\/medicinaesteticarionegro.com\/wp-content\/uploads\/2025\/01\/TRATAMIENTOS-DE-PAPADA-RIONEGRO-480x720.jpg 480w, https:\/\/medicinaesteticarionegro.com\/wp-content\/uploads\/2025\/01\/TRATAMIENTOS-DE-PAPADA-RIONEGRO-scaled.jpg 1707w\" sizes=\"(max-width: 683px) 100vw, 683px\" title=\"TRATAMIENTOS-DE-PAPADA-RIONEGRO\" \/>\t\t\t\t\t\t\t\t\t\t\t\t\t\t\t<\/div>\n\t\t\t\t<\/div>\n\t\t\t\t<\/div>\n\t\t<div class=\"elementor-element elementor-element-5596c89 e-con-full e-flex e-con e-child\" data-id=\"5596c89\" data-element_type=\"container\" data-e-type=\"container\">\n\t\t\t\t<div class=\"elementor-element elementor-element-22e5e94 elementor-widget elementor-widget-text-editor\" data-id=\"22e5e94\" data-element_type=\"widget\" data-e-type=\"widget\" data-widget_type=\"text-editor.default\">\n\t\t\t\t<div class=\"elementor-widget-container\">\n\t\t\t\t\t\t\t\t\t<p>Procedimientos est\u00e9ticos que ayudan a reducir el exceso de grasa submentoniana y mejorar la firmeza de la piel en la zona del cuello y mand\u00edbula. Se pueden aplicar t\u00e9cnicas como lip\u00f3lisis con enzimas, radiofrecuencia, ultrasonido focalizado (HIFU) o hilos tensores, seg\u00fan las necesidades del paciente. El objetivo es lograr un perfil m\u00e1s definido, estilizado y rejuvenecido sin cirug\u00eda<\/p>\t\t\t\t\t\t\t\t<\/div>\n\t\t\t\t<\/div>\n\t\t\t\t<\/div>\n\t\t\t\t\t<\/div>\n\t\t\t\t<\/div>\n\t\t<div class=\"elementor-element elementor-element-1b57c5f e-flex e-con-boxed e-con e-parent\" data-id=\"1b57c5f\" data-element_type=\"container\" data-e-type=\"container\">\n\t\t\t\t\t<div class=\"e-con-inner\">\n\t\t\t\t<div class=\"elementor-element elementor-element-399e543 elementor-widget-divider--view-line elementor-widget elementor-widget-divider\" data-id=\"399e543\" data-element_type=\"widget\" data-e-type=\"widget\" data-widget_type=\"divider.default\">\n\t\t\t\t<div class=\"elementor-widget-container\">\n\t\t\t\t\t\t\t<div class=\"elementor-divider\">\n\t\t\t<span class=\"elementor-divider-separator\">\n\t\t\t\t\t\t<\/span>\n\t\t<\/div>\n\t\t\t\t\t\t<\/div>\n\t\t\t\t<\/div>\n\t\t\t\t\t<\/div>\n\t\t\t\t<\/div>\n\t\t<div class=\"elementor-element elementor-element-1204678 e-flex e-con-boxed e-con e-parent\" data-id=\"1204678\" data-element_type=\"container\" data-e-type=\"container\">\n\t\t\t\t\t<div class=\"e-con-inner\">\n\t\t\t\t<div class=\"elementor-element elementor-element-ab15c78 elementor-widget elementor-widget-text-editor\" data-id=\"ab15c78\" data-element_type=\"widget\" data-e-type=\"widget\" data-widget_type=\"text-editor.default\">\n\t\t\t\t<div class=\"elementor-widget-container\">\n\t\t\t\t\t\t\t\t\t<p><span style=\"font-weight: 400;\">El tratamiento para reducir la papada puede variar dependiendo de la causa y la severidad del problema\u00a0<\/span><\/p><p><b style=\"font-size: 16px;\">CON ENZIMAS<\/b><\/p><p><span style=\"font-weight: 400;\">Esta, consiste en microinyecciones de diferentes enzimas que son infiltradas en el tejido adiposo a nivel de la papada.\u00a0<\/span><\/p><p><span style=\"font-weight: 400;\">Las enzimas son mol\u00e9culas de naturaleza proteica que existen de forma natural en nuestro cuerpo y que mantienen el 100% de sus propiedades alcanzando los m\u00e1s altos est\u00e1ndares de pureza.<\/span><\/p><p><span style=\"font-weight: 400;\">Al combinarlas, se obtiene un tratamiento altamente efectivo para reducir significativamente la grasa acumulada en zonas espec\u00edficas.<\/span><\/p><p>\u00a0<\/p><p><b>INDICACIONES:<\/b><\/p><ul><li aria-level=\"1\"><span style=\"font-weight: 400;\">Armonizaci\u00f3n facial\u00a0<\/span><\/li><\/ul><ul><li aria-level=\"1\"><span style=\"font-weight: 400;\">Perfilaci\u00f3n facial\u00a0<\/span><\/li><\/ul><ul><li aria-level=\"1\"><span style=\"font-weight: 400;\">Papada\u00a0<\/span><\/li><\/ul><p><b>CUIDADOS PREVIOS:\u00a0<\/b><\/p><ul><li style=\"font-weight: 400;\" aria-level=\"1\"><span style=\"font-weight: 400;\">No tener ning\u00fan tipo de cremas aplicadas en la zona a tratar\u00a0 el d\u00eda de la sesi\u00f3n<\/span><\/li><\/ul><p><b>DURACION: <\/b><span style=\"font-weight: 400;\">30 minutos\u00a0<\/span><\/p><p>\u00a0<\/p><p><b>DOLOR: <\/b><span style=\"font-weight: 400;\">4\/10<\/span><\/p><p>\u00a0<\/p><p><b>CONTRAINDICACIONES:\u00a0<\/b><\/p><ul><li aria-level=\"1\"><span style=\"font-weight: 400;\">no estar tomando anticoagulantes<\/span><\/li><\/ul><ul><li aria-level=\"1\"><span style=\"font-weight: 400;\">embarazo o lactancia<\/span><\/li><\/ul><ul><li aria-level=\"1\"><span style=\"font-weight: 400;\">infecci\u00f3n cut\u00e1nea activa<\/span><\/li><\/ul><ul><li aria-level=\"1\"><span style=\"font-weight: 400;\">alergias<\/span><\/li><\/ul><p><b>CUIDADOS POSTERIORES:<\/b><\/p><ul><li aria-level=\"1\"><span style=\"font-weight: 400;\">tomar abundante agua\u00a0<\/span><\/li><\/ul><ul><li style=\"font-weight: 400;\" aria-level=\"1\"><span style=\"font-weight: 400;\">No aplicar compresas fr\u00edas o hielo.<\/span><\/li><li style=\"font-weight: 400;\" aria-level=\"1\"><span style=\"font-weight: 400;\">Evitar piscinas y sauna por 1 semana.<\/span><\/li><li style=\"font-weight: 400;\" aria-level=\"1\"><span style=\"font-weight: 400;\">Seguir las instrucciones de su especialista.<\/span><\/li><li style=\"font-weight: 400;\" aria-level=\"1\"><span style=\"font-weight: 400;\">Realizar los masajes post indicados por la m\u00e9dico tratante\u00a0<\/span><\/li><\/ul><p><b>EFECTOS SECUNDARIOS:<\/b><\/p><ul><li style=\"font-weight: 400;\" aria-level=\"1\"><span style=\"font-weight: 400;\">Eritema (rojez)<\/span><\/li><li style=\"font-weight: 400;\" aria-level=\"1\"><span style=\"font-weight: 400;\">Prurito (picaz\u00f3n)\u00a0<\/span><\/li><li style=\"font-weight: 400;\" aria-level=\"1\"><span style=\"font-weight: 400;\">Equimosis (morados)<\/span><\/li><li style=\"font-weight: 400;\" aria-level=\"1\"><span style=\"font-weight: 400;\">Edema (Inflamaci\u00f3n)<\/span><\/li><li style=\"font-weight: 400;\" aria-level=\"1\"><span style=\"font-weight: 400;\">Dolor en la zona de punci\u00f3n.<\/span><\/li><\/ul><p>\u00a0<\/p><p><b>CON CRISTAL ICE LIPO\u00a0<\/b><\/p><p><span style=\"font-weight: 400;\">Es un tratamiento dermatol\u00f3gico no invasivo, cuyo objetivo es destruir las c\u00e9lulas grasas (adiposos) bajando su temperatura para que se descompongan y sean eliminadas, sin da\u00f1ar el resto de las c\u00e9lulas de la piel. Las temperaturas utilizadas son por debajo de los ceros grados. sin cirug\u00edas ni incapacidades\u00a0\u00a0<\/span><\/p><p>\u00a0<\/p><p><b>INDICACIONES:<\/b><\/p><ul><li style=\"font-weight: 400;\" aria-level=\"1\"><span style=\"font-weight: 400;\">Pacientes con exceso de grasa localizada\u00a0<\/span><\/li><\/ul><p><b>CUIDADOS PREVIOS:\u00a0<\/b><\/p><ul><li style=\"font-weight: 400;\" aria-level=\"1\"><span style=\"font-weight: 400;\">No tener aplicados ning\u00fan tipo de cremas en la zona a tratar el d\u00eda de la sesi\u00f3n<\/span><\/li><li style=\"font-weight: 400;\" aria-level=\"1\"><span style=\"font-weight: 400;\">Asistir con topa c\u00f3moda\u00a0<\/span><\/li><\/ul><p><b>DURACION: <\/b><span style=\"font-weight: 400;\">60 minutos\u00a0<\/span><\/p><p>\u00a0<\/p><p><b>DOLOR: <\/b><span style=\"font-weight: 400;\">6\/10<\/span><\/p><p>\u00a0<\/p><p><b>CONTRAINDICACIONES:\u00a0<\/b><\/p><ul><li style=\"font-weight: 400;\" aria-level=\"1\"><span style=\"font-weight: 400;\">Embarazo o en proceso de lactancia<\/span><\/li><li style=\"font-weight: 400;\" aria-level=\"1\"><span style=\"font-weight: 400;\">No es recomendable en menores de edad\u00a0<\/span><\/li><li style=\"font-weight: 400;\" aria-level=\"1\"><span style=\"font-weight: 400;\">Personas con enfermedades cardiovasculares\u00a0<\/span><\/li><li style=\"font-weight: 400;\" aria-level=\"1\"><span style=\"font-weight: 400;\">Personas con enfermedad de Raynaud<\/span><\/li><\/ul><p><b>CUIDADOS POSTERIORES:<\/b><\/p><ul><li style=\"font-weight: 400;\" aria-level=\"1\"><span style=\"font-weight: 400;\">Mantener buena hidrataci\u00f3n (8 a 10 vasos de agua al d\u00eda)<\/span><\/li><li style=\"font-weight: 400;\" aria-level=\"1\"><span style=\"font-weight: 400;\">Tener un estilo de vida saludable, incluyendo una dieta balanceada y nutricional<\/span><\/li><li style=\"font-weight: 400;\" aria-level=\"1\"><span style=\"font-weight: 400;\">Masajear el \u00e1rea tratada dos o tres veces al d\u00eda con el m\u00e9todo de \u201cpalpate-roll\u201d durante la primera semana despu\u00e9s del tratamiento<\/span><\/li><li style=\"font-weight: 400;\" aria-level=\"1\"><span style=\"font-weight: 400;\">Hacer ejercicio diariamente (m\u00ednimo 30 minutos de caminata diarios)<\/span><\/li><li style=\"font-weight: 400;\" aria-level=\"1\"><span style=\"font-weight: 400;\">Evitar el consumo del alcohol y cae durante el proceso de drenaje linf\u00e1tico. Tambi\u00e9n se recomienda combinar otros tipos de tratamiento, como drenaje linf\u00e1tico, masaje de drenaje\u00a0<\/span><\/li><li style=\"font-weight: 400;\" aria-level=\"1\"><span style=\"font-weight: 400;\">Realizar los masajes post indicados por la medico tratante\u00a0<\/span><\/li><\/ul><p><b>EFECTOS SECUNDARIOS:<\/b><\/p><ul><li style=\"font-weight: 400;\" aria-level=\"1\"><span style=\"font-weight: 400;\">Enrojecimiento\u00a0<\/span><\/li><li style=\"font-weight: 400;\" aria-level=\"1\"><span style=\"font-weight: 400;\">Dolor del teiido muscular\u00a0<\/span><\/li><li style=\"font-weight: 400;\" aria-level=\"1\"><span style=\"font-weight: 400;\">Picaz\u00f3n<\/span><\/li><li style=\"font-weight: 400;\" aria-level=\"1\"><span style=\"font-weight: 400;\">Hinchaz\u00f3n<\/span><\/li><li style=\"font-weight: 400;\" aria-level=\"1\"><span style=\"font-weight: 400;\">peque\u00f1os moretones<\/span><\/li><li style=\"font-weight: 400;\" aria-level=\"1\"><span style=\"font-weight: 400;\">sensaci\u00f3n de entumecimiento en las \u00e1reas tratadas<\/span><\/li><li style=\"font-weight: 400;\" aria-level=\"1\"><span style=\"font-weight: 400;\">Quemadura o congelamiento<\/span><\/li><li style=\"font-weight: 400;\" aria-level=\"1\"><span style=\"font-weight: 400;\">Hiperpigmentaci\u00f3n o manchas<\/span><\/li><\/ul>\t\t\t\t\t\t\t\t<\/div>\n\t\t\t\t<\/div>\n\t\t\t\t\t<\/div>\n\t\t\t\t<\/div>\n\t\t\t\t<\/div>","protected":false},"excerpt":{"rendered":"<p>Tratamientos De Papada \u00bfEn qu\u00e9 consiste? Procedimientos est\u00e9ticos que ayudan a reducir el exceso de grasa submentoniana y mejorar la firmeza de la piel en la zona del cuello y mand\u00edbula. Se pueden aplicar t\u00e9cnicas como lip\u00f3lisis con enzimas, radiofrecuencia, ultrasonido focalizado (HIFU) o hilos tensores, seg\u00fan las necesidades del paciente. El objetivo es lograr [&hellip;]<\/p>\n","protected":false},"author":1,"featured_media":0,"parent":0,"menu_order":0,"comment_status":"closed","ping_status":"closed","template":"elementor_header_footer","meta":{"footnotes":""},"class_list":["post-1415","page","type-page","status-publish","hentry"],"yoast_head":"<!-- This site is optimized with the Yoast SEO Premium plugin v26.3 (Yoast SEO v27.5) - https:\/\/yoast.com\/product\/yoast-seo-premium-wordpress\/ -->\n<title>TRATAMIETOS DE PAPADA | Dra. Natalia Elejalde<\/title>\n<meta name=\"robots\" content=\"index, follow, max-snippet:-1, max-image-preview:large, max-video-preview:-1\" \/>\n<link rel=\"canonical\" href=\"https:\/\/medicinaesteticarionegro.com\/en\/tratamietos-de-papada\/\" \/>\n<meta property=\"og:locale\" content=\"en_US\" \/>\n<meta property=\"og:type\" content=\"article\" \/>\n<meta property=\"og:title\" content=\"TRATAMIETOS DE PAPADA\" \/>\n<meta property=\"og:description\" content=\"Tratamientos De Papada \u00bfEn qu\u00e9 consiste? Procedimientos est\u00e9ticos que ayudan a reducir el exceso de grasa submentoniana y mejorar la firmeza de la piel en la zona del cuello y mand\u00edbula. Se pueden aplicar t\u00e9cnicas como lip\u00f3lisis con enzimas, radiofrecuencia, ultrasonido focalizado (HIFU) o hilos tensores, seg\u00fan las necesidades del paciente. El objetivo es lograr [&hellip;]\" \/>\n<meta property=\"og:url\" content=\"https:\/\/medicinaesteticarionegro.com\/en\/tratamietos-de-papada\/\" \/>\n<meta property=\"og:site_name\" content=\"Dra. Natalia Elejalde\" \/>\n<meta property=\"article:modified_time\" content=\"2025-11-01T00:54:04+00:00\" \/>\n<meta property=\"og:image\" content=\"https:\/\/medicinaesteticarionegro.com\/wp-content\/uploads\/2025\/01\/TRATAMIENTOS-DE-PAPADA-RIONEGRO-scaled.jpg\" \/>\n\t<meta property=\"og:image:width\" content=\"1707\" \/>\n\t<meta property=\"og:image:height\" content=\"2560\" \/>\n\t<meta property=\"og:image:type\" content=\"image\/jpeg\" \/>\n<meta name=\"twitter:card\" content=\"summary_large_image\" \/>\n<meta name=\"twitter:label1\" content=\"Est. reading time\" \/>\n\t<meta name=\"twitter:data1\" content=\"2 minutes\" \/>\n<script type=\"application\/ld+json\" class=\"yoast-schema-graph\">{\"@context\":\"https:\\\/\\\/schema.org\",\"@graph\":[{\"@type\":\"WebPage\",\"@id\":\"https:\\\/\\\/medicinaesteticarionegro.com\\\/tratamietos-de-papada\\\/\",\"url\":\"https:\\\/\\\/medicinaesteticarionegro.com\\\/tratamietos-de-papada\\\/\",\"name\":\"TRATAMIETOS DE PAPADA | Dra. Natalia Elejalde\",\"isPartOf\":{\"@id\":\"https:\\\/\\\/medicinaesteticarionegro.com\\\/#website\"},\"primaryImageOfPage\":{\"@id\":\"https:\\\/\\\/medicinaesteticarionegro.com\\\/tratamietos-de-papada\\\/#primaryimage\"},\"image\":{\"@id\":\"https:\\\/\\\/medicinaesteticarionegro.com\\\/tratamietos-de-papada\\\/#primaryimage\"},\"thumbnailUrl\":\"https:\\\/\\\/medicinaesteticarionegro.com\\\/wp-content\\\/uploads\\\/2025\\\/01\\\/TRATAMIENTOS-DE-PAPADA-RIONEGRO-683x1024.jpg\",\"datePublished\":\"2025-10-14T14:44:45+00:00\",\"dateModified\":\"2025-11-01T00:54:04+00:00\",\"breadcrumb\":{\"@id\":\"https:\\\/\\\/medicinaesteticarionegro.com\\\/tratamietos-de-papada\\\/#breadcrumb\"},\"inLanguage\":\"en-US\",\"potentialAction\":[{\"@type\":\"ReadAction\",\"target\":[\"https:\\\/\\\/medicinaesteticarionegro.com\\\/tratamietos-de-papada\\\/\"]}]},{\"@type\":\"ImageObject\",\"inLanguage\":\"en-US\",\"@id\":\"https:\\\/\\\/medicinaesteticarionegro.com\\\/tratamietos-de-papada\\\/#primaryimage\",\"url\":\"https:\\\/\\\/medicinaesteticarionegro.com\\\/wp-content\\\/uploads\\\/2025\\\/01\\\/TRATAMIENTOS-DE-PAPADA-RIONEGRO-683x1024.jpg\",\"contentUrl\":\"https:\\\/\\\/medicinaesteticarionegro.com\\\/wp-content\\\/uploads\\\/2025\\\/01\\\/TRATAMIENTOS-DE-PAPADA-RIONEGRO-683x1024.jpg\"},{\"@type\":\"BreadcrumbList\",\"@id\":\"https:\\\/\\\/medicinaesteticarionegro.com\\\/tratamietos-de-papada\\\/#breadcrumb\",\"itemListElement\":[{\"@type\":\"ListItem\",\"position\":1,\"name\":\"Home\",\"item\":\"https:\\\/\\\/medicinaesteticarionegro.com\\\/\"},{\"@type\":\"ListItem\",\"position\":2,\"name\":\"TRATAMIETOS DE PAPADA\"}]},{\"@type\":\"WebSite\",\"@id\":\"https:\\\/\\\/medicinaesteticarionegro.com\\\/#website\",\"url\":\"https:\\\/\\\/medicinaesteticarionegro.com\\\/\",\"name\":\"Dra. Natalia Elejalde - Medicina Est\u00e9tica en Rionegro\",\"description\":\"\",\"publisher\":{\"@id\":\"https:\\\/\\\/medicinaesteticarionegro.com\\\/#\\\/schema\\\/person\\\/eb3b978a6515276f13759d6072cf20d2\"},\"alternateName\":\"Medicina Estetica Rionegro\",\"potentialAction\":[{\"@type\":\"SearchAction\",\"target\":{\"@type\":\"EntryPoint\",\"urlTemplate\":\"https:\\\/\\\/medicinaesteticarionegro.com\\\/?s={search_term_string}\"},\"query-input\":{\"@type\":\"PropertyValueSpecification\",\"valueRequired\":true,\"valueName\":\"search_term_string\"}}],\"inLanguage\":\"en-US\"},{\"@type\":[\"Person\",\"Organization\"],\"@id\":\"https:\\\/\\\/medicinaesteticarionegro.com\\\/#\\\/schema\\\/person\\\/eb3b978a6515276f13759d6072cf20d2\",\"name\":\"dranataliaelejalde@outlook.com\",\"image\":{\"@type\":\"ImageObject\",\"inLanguage\":\"en-US\",\"@id\":\"https:\\\/\\\/medicinaesteticarionegro.com\\\/wp-content\\\/uploads\\\/2025\\\/10\\\/cropped-LOGO-ANCHO.png\",\"url\":\"https:\\\/\\\/medicinaesteticarionegro.com\\\/wp-content\\\/uploads\\\/2025\\\/10\\\/cropped-LOGO-ANCHO.png\",\"contentUrl\":\"https:\\\/\\\/medicinaesteticarionegro.com\\\/wp-content\\\/uploads\\\/2025\\\/10\\\/cropped-LOGO-ANCHO.png\",\"width\":512,\"height\":512,\"caption\":\"dranataliaelejalde@outlook.com\"},\"logo\":{\"@id\":\"https:\\\/\\\/medicinaesteticarionegro.com\\\/wp-content\\\/uploads\\\/2025\\\/10\\\/cropped-LOGO-ANCHO.png\"},\"sameAs\":[\"https:\\\/\\\/medicinaesteticarionegro.com\"]}]}<\/script>\n<!-- \/ Yoast SEO Premium plugin. -->","yoast_head_json":{"title":"TRATAMIETOS DE PAPADA | Dra. Natalia Elejalde","robots":{"index":"index","follow":"follow","max-snippet":"max-snippet:-1","max-image-preview":"max-image-preview:large","max-video-preview":"max-video-preview:-1"},"canonical":"https:\/\/medicinaesteticarionegro.com\/en\/tratamietos-de-papada\/","og_locale":"en_US","og_type":"article","og_title":"TRATAMIETOS DE PAPADA","og_description":"Tratamientos De Papada \u00bfEn qu\u00e9 consiste? Procedimientos est\u00e9ticos que ayudan a reducir el exceso de grasa submentoniana y mejorar la firmeza de la piel en la zona del cuello y mand\u00edbula. Se pueden aplicar t\u00e9cnicas como lip\u00f3lisis con enzimas, radiofrecuencia, ultrasonido focalizado (HIFU) o hilos tensores, seg\u00fan las necesidades del paciente. El objetivo es lograr [&hellip;]","og_url":"https:\/\/medicinaesteticarionegro.com\/en\/tratamietos-de-papada\/","og_site_name":"Dra. Natalia Elejalde","article_modified_time":"2025-11-01T00:54:04+00:00","og_image":[{"width":1707,"height":2560,"url":"https:\/\/medicinaesteticarionegro.com\/wp-content\/uploads\/2025\/01\/TRATAMIENTOS-DE-PAPADA-RIONEGRO-scaled.jpg","type":"image\/jpeg"}],"twitter_card":"summary_large_image","twitter_misc":{"Est. reading time":"2 minutes"},"schema":{"@context":"https:\/\/schema.org","@graph":[{"@type":"WebPage","@id":"https:\/\/medicinaesteticarionegro.com\/tratamietos-de-papada\/","url":"https:\/\/medicinaesteticarionegro.com\/tratamietos-de-papada\/","name":"TRATAMIETOS DE PAPADA | Dra. Natalia Elejalde","isPartOf":{"@id":"https:\/\/medicinaesteticarionegro.com\/#website"},"primaryImageOfPage":{"@id":"https:\/\/medicinaesteticarionegro.com\/tratamietos-de-papada\/#primaryimage"},"image":{"@id":"https:\/\/medicinaesteticarionegro.com\/tratamietos-de-papada\/#primaryimage"},"thumbnailUrl":"https:\/\/medicinaesteticarionegro.com\/wp-content\/uploads\/2025\/01\/TRATAMIENTOS-DE-PAPADA-RIONEGRO-683x1024.jpg","datePublished":"2025-10-14T14:44:45+00:00","dateModified":"2025-11-01T00:54:04+00:00","breadcrumb":{"@id":"https:\/\/medicinaesteticarionegro.com\/tratamietos-de-papada\/#breadcrumb"},"inLanguage":"en-US","potentialAction":[{"@type":"ReadAction","target":["https:\/\/medicinaesteticarionegro.com\/tratamietos-de-papada\/"]}]},{"@type":"ImageObject","inLanguage":"en-US","@id":"https:\/\/medicinaesteticarionegro.com\/tratamietos-de-papada\/#primaryimage","url":"https:\/\/medicinaesteticarionegro.com\/wp-content\/uploads\/2025\/01\/TRATAMIENTOS-DE-PAPADA-RIONEGRO-683x1024.jpg","contentUrl":"https:\/\/medicinaesteticarionegro.com\/wp-content\/uploads\/2025\/01\/TRATAMIENTOS-DE-PAPADA-RIONEGRO-683x1024.jpg"},{"@type":"BreadcrumbList","@id":"https:\/\/medicinaesteticarionegro.com\/tratamietos-de-papada\/#breadcrumb","itemListElement":[{"@type":"ListItem","position":1,"name":"Home","item":"https:\/\/medicinaesteticarionegro.com\/"},{"@type":"ListItem","position":2,"name":"TRATAMIETOS DE PAPADA"}]},{"@type":"WebSite","@id":"https:\/\/medicinaesteticarionegro.com\/#website","url":"https:\/\/medicinaesteticarionegro.com\/","name":"Dra. Natalia Elejalde - Medicina Est\u00e9tica en Rionegro","description":"","publisher":{"@id":"https:\/\/medicinaesteticarionegro.com\/#\/schema\/person\/eb3b978a6515276f13759d6072cf20d2"},"alternateName":"Medicina Estetica Rionegro","potentialAction":[{"@type":"SearchAction","target":{"@type":"EntryPoint","urlTemplate":"https:\/\/medicinaesteticarionegro.com\/?s={search_term_string}"},"query-input":{"@type":"PropertyValueSpecification","valueRequired":true,"valueName":"search_term_string"}}],"inLanguage":"en-US"},{"@type":["Person","Organization"],"@id":"https:\/\/medicinaesteticarionegro.com\/#\/schema\/person\/eb3b978a6515276f13759d6072cf20d2","name":"dranataliaelejalde@outlook.com","image":{"@type":"ImageObject","inLanguage":"en-US","@id":"https:\/\/medicinaesteticarionegro.com\/wp-content\/uploads\/2025\/10\/cropped-LOGO-ANCHO.png","url":"https:\/\/medicinaesteticarionegro.com\/wp-content\/uploads\/2025\/10\/cropped-LOGO-ANCHO.png","contentUrl":"https:\/\/medicinaesteticarionegro.com\/wp-content\/uploads\/2025\/10\/cropped-LOGO-ANCHO.png","width":512,"height":512,"caption":"dranataliaelejalde@outlook.com"},"logo":{"@id":"https:\/\/medicinaesteticarionegro.com\/wp-content\/uploads\/2025\/10\/cropped-LOGO-ANCHO.png"},"sameAs":["https:\/\/medicinaesteticarionegro.com"]}]}},"_hostinger_reach_plugin_has_subscription_block":false,"_hostinger_reach_plugin_is_elementor":false,"_links":{"self":[{"href":"https:\/\/medicinaesteticarionegro.com\/en\/wp-json\/wp\/v2\/pages\/1415","targetHints":{"allow":["GET"]}}],"collection":[{"href":"https:\/\/medicinaesteticarionegro.com\/en\/wp-json\/wp\/v2\/pages"}],"about":[{"href":"https:\/\/medicinaesteticarionegro.com\/en\/wp-json\/wp\/v2\/types\/page"}],"author":[{"embeddable":true,"href":"https:\/\/medicinaesteticarionegro.com\/en\/wp-json\/wp\/v2\/users\/1"}],"replies":[{"embeddable":true,"href":"https:\/\/medicinaesteticarionegro.com\/en\/wp-json\/wp\/v2\/comments?post=1415"}],"version-history":[{"count":9,"href":"https:\/\/medicinaesteticarionegro.com\/en\/wp-json\/wp\/v2\/pages\/1415\/revisions"}],"predecessor-version":[{"id":3083,"href":"https:\/\/medicinaesteticarionegro.com\/en\/wp-json\/wp\/v2\/pages\/1415\/revisions\/3083"}],"wp:attachment":[{"href":"https:\/\/medicinaesteticarionegro.com\/en\/wp-json\/wp\/v2\/media?parent=1415"}],"curies":[{"name":"wp","href":"https:\/\/api.w.org\/{rel}","templated":true}]}}