{"id":1455,"date":"2025-10-14T18:58:31","date_gmt":"2025-10-14T18:58:31","guid":{"rendered":"https:\/\/medicinaesteticarionegro.com\/?page_id=1455"},"modified":"2025-10-31T23:28:08","modified_gmt":"2025-10-31T23:28:08","slug":"mascarillas","status":"publish","type":"page","link":"https:\/\/medicinaesteticarionegro.com\/en\/mascarillas\/","title":{"rendered":"Mascarillas"},"content":{"rendered":"<div data-elementor-type=\"wp-page\" data-elementor-id=\"1455\" class=\"elementor elementor-1455\" data-elementor-post-type=\"page\">\n\t\t\t\t<div class=\"elementor-element elementor-element-1c72978 e-con-full gt3_parallax-yes e-flex e-con e-parent\" data-id=\"1c72978\" data-element_type=\"container\" data-e-type=\"container\" data-settings=\"{&quot;background_background&quot;:&quot;classic&quot;}\">\n\t\t\t\t<\/div>\n\t\t<div class=\"elementor-element elementor-element-14192018 e-con-full e-flex e-con e-parent\" data-id=\"14192018\" data-element_type=\"container\" data-e-type=\"container\" data-settings=\"{&quot;background_background&quot;:&quot;classic&quot;,&quot;shape_divider_bottom&quot;:&quot;mountains&quot;}\">\n\t\t\t\t<div class=\"elementor-shape elementor-shape-bottom\" aria-hidden=\"true\" data-negative=\"false\">\n\t\t\t<svg xmlns=\"http:\/\/www.w3.org\/2000\/svg\" viewbox=\"0 0 1000 100\" preserveaspectratio=\"none\">\n\t<path class=\"elementor-shape-fill\" opacity=\"0.33\" d=\"M473,67.3c-203.9,88.3-263.1-34-320.3,0C66,119.1,0,59.7,0,59.7V0h1000v59.7 c0,0-62.1,26.1-94.9,29.3c-32.8,3.3-62.8-12.3-75.8-22.1C806,49.6,745.3,8.7,694.9,4.7S492.4,59,473,67.3z\"\/>\n\t<path class=\"elementor-shape-fill\" opacity=\"0.66\" d=\"M734,67.3c-45.5,0-77.2-23.2-129.1-39.1c-28.6-8.7-150.3-10.1-254,39.1 s-91.7-34.4-149.2,0C115.7,118.3,0,39.8,0,39.8V0h1000v36.5c0,0-28.2-18.5-92.1-18.5C810.2,18.1,775.7,67.3,734,67.3z\"\/>\n\t<path class=\"elementor-shape-fill\" d=\"M766.1,28.9c-200-57.5-266,65.5-395.1,19.5C242,1.8,242,5.4,184.8,20.6C128,35.8,132.3,44.9,89.9,52.5C28.6,63.7,0,0,0,0 h1000c0,0-9.9,40.9-83.6,48.1S829.6,47,766.1,28.9z\"\/>\n<\/svg>\t\t<\/div>\n\t\t\t\t<div class=\"elementor-element elementor-element-3005e061 elementor-widget-mobile__width-initial elementor-widget elementor-widget-heading\" data-id=\"3005e061\" data-element_type=\"widget\" data-e-type=\"widget\" data-widget_type=\"heading.default\">\n\t\t\t\t<div class=\"elementor-widget-container\">\n\t\t\t\t\t<h2 class=\"elementor-heading-title elementor-size-default\">Mascarillas<\/h2>\t\t\t\t<\/div>\n\t\t\t\t<\/div>\n\t\t\t\t<\/div>\n\t\t<div class=\"elementor-element elementor-element-4fd5dab e-flex e-con-boxed e-con e-parent\" data-id=\"4fd5dab\" data-element_type=\"container\" data-e-type=\"container\">\n\t\t\t\t\t<div class=\"e-con-inner\">\n\t\t\t\t<div class=\"elementor-element elementor-element-9216f9c elementor-widget elementor-widget-heading\" data-id=\"9216f9c\" data-element_type=\"widget\" data-e-type=\"widget\" data-widget_type=\"heading.default\">\n\t\t\t\t<div class=\"elementor-widget-container\">\n\t\t\t\t\t<h2 class=\"elementor-heading-title elementor-size-default\">\u00bfEn qu\u00e9 consiste?<\/h2>\t\t\t\t<\/div>\n\t\t\t\t<\/div>\n\t\t\t\t\t<\/div>\n\t\t\t\t<\/div>\n\t\t<div class=\"elementor-element elementor-element-e31acfe e-flex e-con-boxed e-con e-parent\" data-id=\"e31acfe\" data-element_type=\"container\" data-e-type=\"container\">\n\t\t\t\t\t<div class=\"e-con-inner\">\n\t\t<div class=\"elementor-element elementor-element-f89d52b e-con-full e-flex e-con e-child\" data-id=\"f89d52b\" data-element_type=\"container\" data-e-type=\"container\">\n\t\t\t\t<div class=\"elementor-element elementor-element-975ff67 elementor-widget elementor-widget-image\" data-id=\"975ff67\" data-element_type=\"widget\" data-e-type=\"widget\" data-widget_type=\"image.default\">\n\t\t\t\t<div class=\"elementor-widget-container\">\n\t\t\t\t\t\t\t\t\t\t\t\t\t\t\t<img decoding=\"async\" src=\"https:\/\/medicinaesteticarionegro.com\/wp-content\/uploads\/elementor\/thumbs\/PEELINGS-Y-MASCARILLAS-RIONEGRO-scaled-r0qktne3dcv1ddpi7gsdjzt1ih8x31r6wsk0bala40.jpg\" title=\"PEELINGS-Y-MASCARILLAS-RIONEGRO\" alt=\"PEELINGS-Y-MASCARILLAS-RIONEGRO\" loading=\"lazy\" \/>\t\t\t\t\t\t\t\t\t\t\t\t\t\t\t<\/div>\n\t\t\t\t<\/div>\n\t\t\t\t<\/div>\n\t\t<div class=\"elementor-element elementor-element-5596c89 e-con-full e-flex e-con e-child\" data-id=\"5596c89\" data-element_type=\"container\" data-e-type=\"container\">\n\t\t\t\t<div class=\"elementor-element elementor-element-22e5e94 elementor-widget elementor-widget-text-editor\" data-id=\"22e5e94\" data-element_type=\"widget\" data-e-type=\"widget\" data-widget_type=\"text-editor.default\">\n\t\t\t\t<div class=\"elementor-widget-container\">\n\t\t\t\t\t\t\t\t\t<p><span style=\"font-weight: 400;\">Son tratamientos t\u00f3picos que se aplican sobre la piel del rostro para proporcionar beneficios espec\u00edficos, dependiendo de los ingredientes y la formulaci\u00f3n.<\/span><\/p>\t\t\t\t\t\t\t\t<\/div>\n\t\t\t\t<\/div>\n\t\t\t\t<\/div>\n\t\t\t\t\t<\/div>\n\t\t\t\t<\/div>\n\t\t<div class=\"elementor-element elementor-element-1b57c5f e-flex e-con-boxed e-con e-parent\" data-id=\"1b57c5f\" data-element_type=\"container\" data-e-type=\"container\">\n\t\t\t\t\t<div class=\"e-con-inner\">\n\t\t\t\t<div class=\"elementor-element elementor-element-399e543 elementor-widget-divider--view-line elementor-widget elementor-widget-divider\" data-id=\"399e543\" data-element_type=\"widget\" data-e-type=\"widget\" data-widget_type=\"divider.default\">\n\t\t\t\t<div class=\"elementor-widget-container\">\n\t\t\t\t\t\t\t<div class=\"elementor-divider\">\n\t\t\t<span class=\"elementor-divider-separator\">\n\t\t\t\t\t\t<\/span>\n\t\t<\/div>\n\t\t\t\t\t\t<\/div>\n\t\t\t\t<\/div>\n\t\t\t\t\t<\/div>\n\t\t\t\t<\/div>\n\t\t<div class=\"elementor-element elementor-element-1204678 e-flex e-con-boxed e-con e-parent\" data-id=\"1204678\" data-element_type=\"container\" data-e-type=\"container\">\n\t\t\t\t\t<div class=\"e-con-inner\">\n\t\t\t\t<div class=\"elementor-element elementor-element-ab15c78 elementor-widget elementor-widget-text-editor\" data-id=\"ab15c78\" data-element_type=\"widget\" data-e-type=\"widget\" data-widget_type=\"text-editor.default\">\n\t\t\t\t<div class=\"elementor-widget-container\">\n\t\t\t\t\t\t\t\t\t<p><b>INDICACIONES:<\/b><\/p><ul><li aria-level=\"1\"><span style=\"font-weight: 400;\">Las mascarillas est\u00e1n indicadas para una amplia variedad de personas y su uso depende de las caracter\u00edsticas y necesidades espec\u00edficas de la piel<\/span><b>.<\/b><\/li><\/ul><p><b>CUIDADOS PREVIOS:<\/b><\/p><ul><li aria-level=\"1\"><span style=\"font-weight: 400;\">Asistir sin maquillaje<\/span><b>\u00a0<\/b><\/li><\/ul><p><b>DURACI\u00d3N:<\/b><span style=\"font-weight: 400;\">30 minutos<\/span><b>\u00a0<\/b><\/p><p><b>DOLOR: <\/b><span style=\"font-weight: 400;\">0 \/10<\/span><b>\u00a0<\/b><\/p><p><b>CONTRAINDICACIONES:\u00a0<\/b><\/p><ul><li style=\"font-weight: 400;\" aria-level=\"1\"><span style=\"font-weight: 400;\">Alergia a productos<\/span><\/li><li style=\"font-weight: 400;\" aria-level=\"1\"><span style=\"font-weight: 400;\">Hipersensibilidad<\/span><b>\u00a0<\/b><\/li><li style=\"font-weight: 400;\" aria-level=\"1\"><span style=\"font-weight: 400;\">Enfermedades de la piel<\/span><b>\u00a0<\/b><\/li><li style=\"font-weight: 400;\" aria-level=\"1\"><span style=\"font-weight: 400;\">Heridas abiertas<\/span> <b><br \/><br \/><\/b><\/li><\/ul><p><b>CUIDADOS POSTERIORES:<\/b><\/p><ul><li aria-level=\"1\"><span style=\"font-weight: 400;\">Aplicar protecci\u00f3n solar<\/span><\/li><\/ul><ul><li aria-level=\"1\"><span style=\"font-weight: 400;\">Aplicar crema hidratante\u00a0<\/span><\/li><\/ul><ul><li aria-level=\"1\"><span style=\"font-weight: 400;\">Evitar el uso de productos irritantes<\/span><b>\u00a0<\/b><\/li><\/ul><ul><li aria-level=\"1\"><span style=\"font-weight: 400;\">No tocarse el rostro<\/span><b>\u00a0<\/b><\/li><\/ul><ul><li aria-level=\"1\"><span style=\"font-weight: 400;\">Evitar el maquillaje inmediato<\/span><\/li><\/ul><p><b>EFECTOS SECUNDARIOS:\u00a0<\/b><\/p><ul><li aria-level=\"1\"><span style=\"font-weight: 400;\">Enrojecimiento<\/span><\/li><\/ul><ul><li aria-level=\"1\"><span style=\"font-weight: 400;\">Tirantez<\/span><b>\u00a0<\/b><\/li><\/ul><ul><li aria-level=\"1\"><span style=\"font-weight: 400;\">Irritaci\u00f3n\u00a0<\/span><\/li><li aria-level=\"1\"><span style=\"font-weight: 400;\">Sensibilidad<\/span><\/li><\/ul>\t\t\t\t\t\t\t\t<\/div>\n\t\t\t\t<\/div>\n\t\t\t\t\t<\/div>\n\t\t\t\t<\/div>\n\t\t<div class=\"elementor-element elementor-element-3e6b391 e-flex e-con-boxed e-con e-parent\" data-id=\"3e6b391\" data-element_type=\"container\" data-e-type=\"container\">\n\t\t\t\t\t<div class=\"e-con-inner\">\n\t\t\t\t<div class=\"elementor-element elementor-element-b75eb7f elementor-post-navigation-borders-yes elementor-widget elementor-widget-post-navigation\" data-id=\"b75eb7f\" data-element_type=\"widget\" data-e-type=\"widget\" data-widget_type=\"post-navigation.default\">\n\t\t\t\t<div class=\"elementor-widget-container\">\n\t\t\t\t\t\t\t<div class=\"elementor-post-navigation\" role=\"navigation\" aria-label=\"Post Navigation\">\n\t\t\t<div class=\"elementor-post-navigation__prev elementor-post-navigation__link\">\n\t\t\t\t<a href=\"https:\/\/medicinaesteticarionegro.com\/en\/peeling\/\" rel=\"prev\"><span class=\"post-navigation__arrow-wrapper post-navigation__arrow-prev\"><svg aria-hidden=\"true\" class=\"e-font-icon-svg e-fas-angle-left\" viewbox=\"0 0 256 512\" xmlns=\"http:\/\/www.w3.org\/2000\/svg\"><path d=\"M31.7 239l136-136c9.4-9.4 24.6-9.4 33.9 0l22.6 22.6c9.4 9.4 9.4 24.6 0 33.9L127.9 256l96.4 96.4c9.4 9.4 9.4 24.6 0 33.9L201.7 409c-9.4 9.4-24.6 9.4-33.9 0l-136-136c-9.5-9.4-9.5-24.6-.1-34z\"><\/path><\/svg><span class=\"elementor-screen-only\">Prev<\/span><\/span><span class=\"elementor-post-navigation__link__prev\"><span class=\"post-navigation__prev--label\">Previous<\/span><span class=\"post-navigation__prev--title\">PEELING<\/span><\/span><\/a>\t\t\t<\/div>\n\t\t\t\t\t\t\t<div class=\"elementor-post-navigation__separator-wrapper\">\n\t\t\t\t\t<div class=\"elementor-post-navigation__separator\"><\/div>\n\t\t\t\t<\/div>\n\t\t\t\t\t\t<div class=\"elementor-post-navigation__next elementor-post-navigation__link\">\n\t\t\t\t<a href=\"https:\/\/medicinaesteticarionegro.com\/en\/despigmentacion-de-zonas-delicadas-codos-rodillas-entrepiernas-axilas-y-zona-intima\/\" rel=\"next\"><span class=\"elementor-post-navigation__link__next\"><span class=\"post-navigation__next--label\">Next<\/span><span class=\"post-navigation__next--title\">DESPIGMENTACION DE ZONAS DELICADAS (CODOS, RODILLAS, ENTREPIERNAS, AXILAS Y ZONA INTIMA)<\/span><\/span><span class=\"post-navigation__arrow-wrapper post-navigation__arrow-next\"><svg aria-hidden=\"true\" class=\"e-font-icon-svg e-fas-angle-right\" viewbox=\"0 0 256 512\" xmlns=\"http:\/\/www.w3.org\/2000\/svg\"><path d=\"M224.3 273l-136 136c-9.4 9.4-24.6 9.4-33.9 0l-22.6-22.6c-9.4-9.4-9.4-24.6 0-33.9l96.4-96.4-96.4-96.4c-9.4-9.4-9.4-24.6 0-33.9L54.3 103c9.4-9.4 24.6-9.4 33.9 0l136 136c9.5 9.4 9.5 24.6.1 34z\"><\/path><\/svg><span class=\"elementor-screen-only\">Next<\/span><\/span><\/a>\t\t\t<\/div>\n\t\t<\/div>\n\t\t\t\t\t\t<\/div>\n\t\t\t\t<\/div>\n\t\t\t\t\t<\/div>\n\t\t\t\t<\/div>\n\t\t\t\t<\/div>","protected":false},"excerpt":{"rendered":"<p>Mascarillas \u00bfEn qu\u00e9 consiste? Son tratamientos t\u00f3picos que se aplican sobre la piel del rostro para proporcionar beneficios espec\u00edficos, dependiendo de los ingredientes y la formulaci\u00f3n. INDICACIONES: Las mascarillas est\u00e1n indicadas para una amplia variedad de personas y su uso depende de las caracter\u00edsticas y necesidades espec\u00edficas de la piel. CUIDADOS PREVIOS: Asistir sin maquillaje\u00a0 [&hellip;]<\/p>\n","protected":false},"author":1,"featured_media":0,"parent":0,"menu_order":0,"comment_status":"closed","ping_status":"closed","template":"elementor_header_footer","meta":{"footnotes":""},"class_list":["post-1455","page","type-page","status-publish","hentry"],"yoast_head":"<!-- This site is optimized with the Yoast SEO Premium plugin v26.3 (Yoast SEO v27.5) - https:\/\/yoast.com\/product\/yoast-seo-premium-wordpress\/ -->\n<title>Mascarillas | Dra. Natalia Elejalde<\/title>\n<meta name=\"robots\" content=\"index, follow, max-snippet:-1, max-image-preview:large, max-video-preview:-1\" \/>\n<link rel=\"canonical\" href=\"https:\/\/medicinaesteticarionegro.com\/en\/mascarillas\/\" \/>\n<meta property=\"og:locale\" content=\"en_US\" \/>\n<meta property=\"og:type\" content=\"article\" \/>\n<meta property=\"og:title\" content=\"Mascarillas\" \/>\n<meta property=\"og:description\" content=\"Mascarillas \u00bfEn qu\u00e9 consiste? Son tratamientos t\u00f3picos que se aplican sobre la piel del rostro para proporcionar beneficios espec\u00edficos, dependiendo de los ingredientes y la formulaci\u00f3n. INDICACIONES: Las mascarillas est\u00e1n indicadas para una amplia variedad de personas y su uso depende de las caracter\u00edsticas y necesidades espec\u00edficas de la piel. CUIDADOS PREVIOS: Asistir sin maquillaje\u00a0 [&hellip;]\" \/>\n<meta property=\"og:url\" content=\"https:\/\/medicinaesteticarionegro.com\/en\/mascarillas\/\" \/>\n<meta property=\"og:site_name\" content=\"Dra. Natalia Elejalde\" \/>\n<meta property=\"article:modified_time\" content=\"2025-10-31T23:28:08+00:00\" \/>\n<meta property=\"og:image\" content=\"https:\/\/medicinaesteticarionegro.com\/wp-content\/uploads\/elementor\/thumbs\/PEELINGS-Y-MASCARILLAS-RIONEGRO-scaled-r0qktne3dcv1ddpi7gsdjzt1ih8x31r6wsk0bala40.jpg\" \/>\n<meta name=\"twitter:card\" content=\"summary_large_image\" \/>\n<meta name=\"twitter:label1\" content=\"Est. reading time\" \/>\n\t<meta name=\"twitter:data1\" content=\"1 minute\" \/>\n<script type=\"application\/ld+json\" class=\"yoast-schema-graph\">{\"@context\":\"https:\\\/\\\/schema.org\",\"@graph\":[{\"@type\":\"WebPage\",\"@id\":\"https:\\\/\\\/medicinaesteticarionegro.com\\\/mascarillas\\\/\",\"url\":\"https:\\\/\\\/medicinaesteticarionegro.com\\\/mascarillas\\\/\",\"name\":\"Mascarillas | Dra. Natalia Elejalde\",\"isPartOf\":{\"@id\":\"https:\\\/\\\/medicinaesteticarionegro.com\\\/#website\"},\"primaryImageOfPage\":{\"@id\":\"https:\\\/\\\/medicinaesteticarionegro.com\\\/mascarillas\\\/#primaryimage\"},\"image\":{\"@id\":\"https:\\\/\\\/medicinaesteticarionegro.com\\\/mascarillas\\\/#primaryimage\"},\"thumbnailUrl\":\"https:\\\/\\\/medicinaesteticarionegro.com\\\/wp-content\\\/uploads\\\/elementor\\\/thumbs\\\/PEELINGS-Y-MASCARILLAS-RIONEGRO-scaled-r0qktne3dcv1ddpi7gsdjzt1ih8x31r6wsk0bala40.jpg\",\"datePublished\":\"2025-10-14T18:58:31+00:00\",\"dateModified\":\"2025-10-31T23:28:08+00:00\",\"breadcrumb\":{\"@id\":\"https:\\\/\\\/medicinaesteticarionegro.com\\\/mascarillas\\\/#breadcrumb\"},\"inLanguage\":\"en-US\",\"potentialAction\":[{\"@type\":\"ReadAction\",\"target\":[\"https:\\\/\\\/medicinaesteticarionegro.com\\\/mascarillas\\\/\"]}]},{\"@type\":\"ImageObject\",\"inLanguage\":\"en-US\",\"@id\":\"https:\\\/\\\/medicinaesteticarionegro.com\\\/mascarillas\\\/#primaryimage\",\"url\":\"https:\\\/\\\/medicinaesteticarionegro.com\\\/wp-content\\\/uploads\\\/elementor\\\/thumbs\\\/PEELINGS-Y-MASCARILLAS-RIONEGRO-scaled-r0qktne3dcv1ddpi7gsdjzt1ih8x31r6wsk0bala40.jpg\",\"contentUrl\":\"https:\\\/\\\/medicinaesteticarionegro.com\\\/wp-content\\\/uploads\\\/elementor\\\/thumbs\\\/PEELINGS-Y-MASCARILLAS-RIONEGRO-scaled-r0qktne3dcv1ddpi7gsdjzt1ih8x31r6wsk0bala40.jpg\"},{\"@type\":\"BreadcrumbList\",\"@id\":\"https:\\\/\\\/medicinaesteticarionegro.com\\\/mascarillas\\\/#breadcrumb\",\"itemListElement\":[{\"@type\":\"ListItem\",\"position\":1,\"name\":\"Home\",\"item\":\"https:\\\/\\\/medicinaesteticarionegro.com\\\/\"},{\"@type\":\"ListItem\",\"position\":2,\"name\":\"Mascarillas\"}]},{\"@type\":\"WebSite\",\"@id\":\"https:\\\/\\\/medicinaesteticarionegro.com\\\/#website\",\"url\":\"https:\\\/\\\/medicinaesteticarionegro.com\\\/\",\"name\":\"Dra. Natalia Elejalde - Medicina Est\u00e9tica en Rionegro\",\"description\":\"\",\"publisher\":{\"@id\":\"https:\\\/\\\/medicinaesteticarionegro.com\\\/#\\\/schema\\\/person\\\/eb3b978a6515276f13759d6072cf20d2\"},\"alternateName\":\"Medicina Estetica Rionegro\",\"potentialAction\":[{\"@type\":\"SearchAction\",\"target\":{\"@type\":\"EntryPoint\",\"urlTemplate\":\"https:\\\/\\\/medicinaesteticarionegro.com\\\/?s={search_term_string}\"},\"query-input\":{\"@type\":\"PropertyValueSpecification\",\"valueRequired\":true,\"valueName\":\"search_term_string\"}}],\"inLanguage\":\"en-US\"},{\"@type\":[\"Person\",\"Organization\"],\"@id\":\"https:\\\/\\\/medicinaesteticarionegro.com\\\/#\\\/schema\\\/person\\\/eb3b978a6515276f13759d6072cf20d2\",\"name\":\"dranataliaelejalde@outlook.com\",\"image\":{\"@type\":\"ImageObject\",\"inLanguage\":\"en-US\",\"@id\":\"https:\\\/\\\/medicinaesteticarionegro.com\\\/wp-content\\\/uploads\\\/2025\\\/10\\\/cropped-LOGO-ANCHO.png\",\"url\":\"https:\\\/\\\/medicinaesteticarionegro.com\\\/wp-content\\\/uploads\\\/2025\\\/10\\\/cropped-LOGO-ANCHO.png\",\"contentUrl\":\"https:\\\/\\\/medicinaesteticarionegro.com\\\/wp-content\\\/uploads\\\/2025\\\/10\\\/cropped-LOGO-ANCHO.png\",\"width\":512,\"height\":512,\"caption\":\"dranataliaelejalde@outlook.com\"},\"logo\":{\"@id\":\"https:\\\/\\\/medicinaesteticarionegro.com\\\/wp-content\\\/uploads\\\/2025\\\/10\\\/cropped-LOGO-ANCHO.png\"},\"sameAs\":[\"https:\\\/\\\/medicinaesteticarionegro.com\"]}]}<\/script>\n<!-- \/ Yoast SEO Premium plugin. -->","yoast_head_json":{"title":"Mascarillas | Dra. Natalia Elejalde","robots":{"index":"index","follow":"follow","max-snippet":"max-snippet:-1","max-image-preview":"max-image-preview:large","max-video-preview":"max-video-preview:-1"},"canonical":"https:\/\/medicinaesteticarionegro.com\/en\/mascarillas\/","og_locale":"en_US","og_type":"article","og_title":"Mascarillas","og_description":"Mascarillas \u00bfEn qu\u00e9 consiste? Son tratamientos t\u00f3picos que se aplican sobre la piel del rostro para proporcionar beneficios espec\u00edficos, dependiendo de los ingredientes y la formulaci\u00f3n. INDICACIONES: Las mascarillas est\u00e1n indicadas para una amplia variedad de personas y su uso depende de las caracter\u00edsticas y necesidades espec\u00edficas de la piel. CUIDADOS PREVIOS: Asistir sin maquillaje\u00a0 [&hellip;]","og_url":"https:\/\/medicinaesteticarionegro.com\/en\/mascarillas\/","og_site_name":"Dra. Natalia Elejalde","article_modified_time":"2025-10-31T23:28:08+00:00","og_image":[{"url":"https:\/\/medicinaesteticarionegro.com\/wp-content\/uploads\/elementor\/thumbs\/PEELINGS-Y-MASCARILLAS-RIONEGRO-scaled-r0qktne3dcv1ddpi7gsdjzt1ih8x31r6wsk0bala40.jpg","type":"","width":"","height":""}],"twitter_card":"summary_large_image","twitter_misc":{"Est. reading time":"1 minute"},"schema":{"@context":"https:\/\/schema.org","@graph":[{"@type":"WebPage","@id":"https:\/\/medicinaesteticarionegro.com\/mascarillas\/","url":"https:\/\/medicinaesteticarionegro.com\/mascarillas\/","name":"Mascarillas | Dra. Natalia Elejalde","isPartOf":{"@id":"https:\/\/medicinaesteticarionegro.com\/#website"},"primaryImageOfPage":{"@id":"https:\/\/medicinaesteticarionegro.com\/mascarillas\/#primaryimage"},"image":{"@id":"https:\/\/medicinaesteticarionegro.com\/mascarillas\/#primaryimage"},"thumbnailUrl":"https:\/\/medicinaesteticarionegro.com\/wp-content\/uploads\/elementor\/thumbs\/PEELINGS-Y-MASCARILLAS-RIONEGRO-scaled-r0qktne3dcv1ddpi7gsdjzt1ih8x31r6wsk0bala40.jpg","datePublished":"2025-10-14T18:58:31+00:00","dateModified":"2025-10-31T23:28:08+00:00","breadcrumb":{"@id":"https:\/\/medicinaesteticarionegro.com\/mascarillas\/#breadcrumb"},"inLanguage":"en-US","potentialAction":[{"@type":"ReadAction","target":["https:\/\/medicinaesteticarionegro.com\/mascarillas\/"]}]},{"@type":"ImageObject","inLanguage":"en-US","@id":"https:\/\/medicinaesteticarionegro.com\/mascarillas\/#primaryimage","url":"https:\/\/medicinaesteticarionegro.com\/wp-content\/uploads\/elementor\/thumbs\/PEELINGS-Y-MASCARILLAS-RIONEGRO-scaled-r0qktne3dcv1ddpi7gsdjzt1ih8x31r6wsk0bala40.jpg","contentUrl":"https:\/\/medicinaesteticarionegro.com\/wp-content\/uploads\/elementor\/thumbs\/PEELINGS-Y-MASCARILLAS-RIONEGRO-scaled-r0qktne3dcv1ddpi7gsdjzt1ih8x31r6wsk0bala40.jpg"},{"@type":"BreadcrumbList","@id":"https:\/\/medicinaesteticarionegro.com\/mascarillas\/#breadcrumb","itemListElement":[{"@type":"ListItem","position":1,"name":"Home","item":"https:\/\/medicinaesteticarionegro.com\/"},{"@type":"ListItem","position":2,"name":"Mascarillas"}]},{"@type":"WebSite","@id":"https:\/\/medicinaesteticarionegro.com\/#website","url":"https:\/\/medicinaesteticarionegro.com\/","name":"Dra. Natalia Elejalde - Medicina Est\u00e9tica en Rionegro","description":"","publisher":{"@id":"https:\/\/medicinaesteticarionegro.com\/#\/schema\/person\/eb3b978a6515276f13759d6072cf20d2"},"alternateName":"Medicina Estetica Rionegro","potentialAction":[{"@type":"SearchAction","target":{"@type":"EntryPoint","urlTemplate":"https:\/\/medicinaesteticarionegro.com\/?s={search_term_string}"},"query-input":{"@type":"PropertyValueSpecification","valueRequired":true,"valueName":"search_term_string"}}],"inLanguage":"en-US"},{"@type":["Person","Organization"],"@id":"https:\/\/medicinaesteticarionegro.com\/#\/schema\/person\/eb3b978a6515276f13759d6072cf20d2","name":"dranataliaelejalde@outlook.com","image":{"@type":"ImageObject","inLanguage":"en-US","@id":"https:\/\/medicinaesteticarionegro.com\/wp-content\/uploads\/2025\/10\/cropped-LOGO-ANCHO.png","url":"https:\/\/medicinaesteticarionegro.com\/wp-content\/uploads\/2025\/10\/cropped-LOGO-ANCHO.png","contentUrl":"https:\/\/medicinaesteticarionegro.com\/wp-content\/uploads\/2025\/10\/cropped-LOGO-ANCHO.png","width":512,"height":512,"caption":"dranataliaelejalde@outlook.com"},"logo":{"@id":"https:\/\/medicinaesteticarionegro.com\/wp-content\/uploads\/2025\/10\/cropped-LOGO-ANCHO.png"},"sameAs":["https:\/\/medicinaesteticarionegro.com"]}]}},"_hostinger_reach_plugin_has_subscription_block":false,"_hostinger_reach_plugin_is_elementor":false,"_links":{"self":[{"href":"https:\/\/medicinaesteticarionegro.com\/en\/wp-json\/wp\/v2\/pages\/1455","targetHints":{"allow":["GET"]}}],"collection":[{"href":"https:\/\/medicinaesteticarionegro.com\/en\/wp-json\/wp\/v2\/pages"}],"about":[{"href":"https:\/\/medicinaesteticarionegro.com\/en\/wp-json\/wp\/v2\/types\/page"}],"author":[{"embeddable":true,"href":"https:\/\/medicinaesteticarionegro.com\/en\/wp-json\/wp\/v2\/users\/1"}],"replies":[{"embeddable":true,"href":"https:\/\/medicinaesteticarionegro.com\/en\/wp-json\/wp\/v2\/comments?post=1455"}],"version-history":[{"count":15,"href":"https:\/\/medicinaesteticarionegro.com\/en\/wp-json\/wp\/v2\/pages\/1455\/revisions"}],"predecessor-version":[{"id":2968,"href":"https:\/\/medicinaesteticarionegro.com\/en\/wp-json\/wp\/v2\/pages\/1455\/revisions\/2968"}],"wp:attachment":[{"href":"https:\/\/medicinaesteticarionegro.com\/en\/wp-json\/wp\/v2\/media?parent=1455"}],"curies":[{"name":"wp","href":"https:\/\/api.w.org\/{rel}","templated":true}]}}