{"id":1582,"date":"2025-10-15T00:57:22","date_gmt":"2025-10-15T00:57:22","guid":{"rendered":"https:\/\/medicinaesteticarionegro.com\/?page_id=1582"},"modified":"2025-11-01T00:40:39","modified_gmt":"2025-11-01T00:40:39","slug":"tratamientos-para-fibrosis","status":"publish","type":"page","link":"https:\/\/medicinaesteticarionegro.com\/en\/tratamientos-para-fibrosis\/","title":{"rendered":"TRATAMIENTOS PARA FIBROSIS"},"content":{"rendered":"<div data-elementor-type=\"wp-page\" data-elementor-id=\"1582\" class=\"elementor elementor-1582\" data-elementor-post-type=\"page\">\n\t\t\t\t<div class=\"elementor-element elementor-element-a79af33 e-con-full gt3_parallax-yes e-flex e-con e-parent\" data-id=\"a79af33\" data-element_type=\"container\" data-e-type=\"container\" data-settings=\"{&quot;background_background&quot;:&quot;classic&quot;}\">\n\t\t\t\t<\/div>\n\t\t<div class=\"elementor-element elementor-element-60ad24a4 e-con-full e-flex e-con e-parent\" data-id=\"60ad24a4\" data-element_type=\"container\" data-e-type=\"container\" data-settings=\"{&quot;background_background&quot;:&quot;classic&quot;,&quot;shape_divider_bottom&quot;:&quot;mountains&quot;}\">\n\t\t\t\t<div class=\"elementor-shape elementor-shape-bottom\" aria-hidden=\"true\" data-negative=\"false\">\n\t\t\t<svg xmlns=\"http:\/\/www.w3.org\/2000\/svg\" viewbox=\"0 0 1000 100\" preserveaspectratio=\"none\">\n\t<path class=\"elementor-shape-fill\" opacity=\"0.33\" d=\"M473,67.3c-203.9,88.3-263.1-34-320.3,0C66,119.1,0,59.7,0,59.7V0h1000v59.7 c0,0-62.1,26.1-94.9,29.3c-32.8,3.3-62.8-12.3-75.8-22.1C806,49.6,745.3,8.7,694.9,4.7S492.4,59,473,67.3z\"\/>\n\t<path class=\"elementor-shape-fill\" opacity=\"0.66\" d=\"M734,67.3c-45.5,0-77.2-23.2-129.1-39.1c-28.6-8.7-150.3-10.1-254,39.1 s-91.7-34.4-149.2,0C115.7,118.3,0,39.8,0,39.8V0h1000v36.5c0,0-28.2-18.5-92.1-18.5C810.2,18.1,775.7,67.3,734,67.3z\"\/>\n\t<path class=\"elementor-shape-fill\" d=\"M766.1,28.9c-200-57.5-266,65.5-395.1,19.5C242,1.8,242,5.4,184.8,20.6C128,35.8,132.3,44.9,89.9,52.5C28.6,63.7,0,0,0,0 h1000c0,0-9.9,40.9-83.6,48.1S829.6,47,766.1,28.9z\"\/>\n<\/svg>\t\t<\/div>\n\t\t\t\t<div class=\"elementor-element elementor-element-7a2ec066 elementor-widget-mobile__width-initial elementor-widget elementor-widget-heading\" data-id=\"7a2ec066\" data-element_type=\"widget\" data-e-type=\"widget\" data-widget_type=\"heading.default\">\n\t\t\t\t<div class=\"elementor-widget-container\">\n\t\t\t\t\t<h2 class=\"elementor-heading-title elementor-size-default\">Tratamientos Para Fibrosis<\/h2>\t\t\t\t<\/div>\n\t\t\t\t<\/div>\n\t\t\t\t<\/div>\n\t\t<div class=\"elementor-element elementor-element-4fd5dab e-flex e-con-boxed e-con e-parent\" data-id=\"4fd5dab\" data-element_type=\"container\" data-e-type=\"container\">\n\t\t\t\t\t<div class=\"e-con-inner\">\n\t\t\t\t<div class=\"elementor-element elementor-element-9216f9c elementor-widget elementor-widget-heading\" data-id=\"9216f9c\" data-element_type=\"widget\" data-e-type=\"widget\" data-widget_type=\"heading.default\">\n\t\t\t\t<div class=\"elementor-widget-container\">\n\t\t\t\t\t<h2 class=\"elementor-heading-title elementor-size-default\">\u00bfEn qu\u00e9 consiste?<\/h2>\t\t\t\t<\/div>\n\t\t\t\t<\/div>\n\t\t\t\t\t<\/div>\n\t\t\t\t<\/div>\n\t\t<div class=\"elementor-element elementor-element-e31acfe e-flex e-con-boxed e-con e-parent\" data-id=\"e31acfe\" data-element_type=\"container\" data-e-type=\"container\">\n\t\t\t\t\t<div class=\"e-con-inner\">\n\t\t<div class=\"elementor-element elementor-element-f89d52b e-con-full e-flex e-con e-child\" data-id=\"f89d52b\" data-element_type=\"container\" data-e-type=\"container\">\n\t\t\t\t<div class=\"elementor-element elementor-element-975ff67 elementor-widget elementor-widget-image\" data-id=\"975ff67\" data-element_type=\"widget\" data-e-type=\"widget\" data-widget_type=\"image.default\">\n\t\t\t\t<div class=\"elementor-widget-container\">\n\t\t\t\t\t\t\t\t\t\t\t\t\t\t\t<img fetchpriority=\"high\" decoding=\"async\" width=\"940\" height=\"627\" src=\"https:\/\/medicinaesteticarionegro.com\/wp-content\/uploads\/2025\/01\/TRATAMIENTOS-PARA-FIBROSIS-RIONEGRO-1024x683.jpg\" class=\"attachment-large size-large wp-image-1125\" alt=\"\" srcset=\"https:\/\/medicinaesteticarionegro.com\/wp-content\/uploads\/2025\/01\/TRATAMIENTOS-PARA-FIBROSIS-RIONEGRO-1024x683.jpg 1024w, https:\/\/medicinaesteticarionegro.com\/wp-content\/uploads\/2025\/01\/TRATAMIENTOS-PARA-FIBROSIS-RIONEGRO-300x200.jpg 300w, https:\/\/medicinaesteticarionegro.com\/wp-content\/uploads\/2025\/01\/TRATAMIENTOS-PARA-FIBROSIS-RIONEGRO-768x512.jpg 768w, https:\/\/medicinaesteticarionegro.com\/wp-content\/uploads\/2025\/01\/TRATAMIENTOS-PARA-FIBROSIS-RIONEGRO-1536x1024.jpg 1536w, https:\/\/medicinaesteticarionegro.com\/wp-content\/uploads\/2025\/01\/TRATAMIENTOS-PARA-FIBROSIS-RIONEGRO-480x320.jpg 480w\" sizes=\"(max-width: 940px) 100vw, 940px\" title=\"TRATAMIENTOS-PARA-FIBROSIS-RIONEGRO\" \/>\t\t\t\t\t\t\t\t\t\t\t\t\t\t\t<\/div>\n\t\t\t\t<\/div>\n\t\t\t\t<\/div>\n\t\t<div class=\"elementor-element elementor-element-5596c89 e-con-full e-flex e-con e-child\" data-id=\"5596c89\" data-element_type=\"container\" data-e-type=\"container\">\n\t\t\t\t<div class=\"elementor-element elementor-element-22e5e94 elementor-widget elementor-widget-text-editor\" data-id=\"22e5e94\" data-element_type=\"widget\" data-e-type=\"widget\" data-widget_type=\"text-editor.default\">\n\t\t\t\t<div class=\"elementor-widget-container\">\n\t\t\t\t\t\t\t\t\t<p>En medicina est\u00e9tica, los tratamientos para la fibrosis buscan suavizar las zonas endurecidas de la piel, mejorar la textura y reducir molestias causadas por acumulaciones de tejido cicatricial, especialmente despu\u00e9s de cirug\u00edas como liposucci\u00f3n o abdominoplastia.<\/p>\t\t\t\t\t\t\t\t<\/div>\n\t\t\t\t<\/div>\n\t\t\t\t<\/div>\n\t\t\t\t\t<\/div>\n\t\t\t\t<\/div>\n\t\t<div class=\"elementor-element elementor-element-1b57c5f e-flex e-con-boxed e-con e-parent\" data-id=\"1b57c5f\" data-element_type=\"container\" data-e-type=\"container\">\n\t\t\t\t\t<div class=\"e-con-inner\">\n\t\t\t\t<div class=\"elementor-element elementor-element-399e543 elementor-widget-divider--view-line elementor-widget elementor-widget-divider\" data-id=\"399e543\" data-element_type=\"widget\" data-e-type=\"widget\" data-widget_type=\"divider.default\">\n\t\t\t\t<div class=\"elementor-widget-container\">\n\t\t\t\t\t\t\t<div class=\"elementor-divider\">\n\t\t\t<span class=\"elementor-divider-separator\">\n\t\t\t\t\t\t<\/span>\n\t\t<\/div>\n\t\t\t\t\t\t<\/div>\n\t\t\t\t<\/div>\n\t\t\t\t\t<\/div>\n\t\t\t\t<\/div>\n\t\t<div class=\"elementor-element elementor-element-1204678 e-flex e-con-boxed e-con e-parent\" data-id=\"1204678\" data-element_type=\"container\" data-e-type=\"container\">\n\t\t\t\t\t<div class=\"e-con-inner\">\n\t\t\t\t<div class=\"elementor-element elementor-element-ab15c78 elementor-widget elementor-widget-text-editor\" data-id=\"ab15c78\" data-element_type=\"widget\" data-e-type=\"widget\" data-widget_type=\"text-editor.default\">\n\t\t\t\t<div class=\"elementor-widget-container\">\n\t\t\t\t\t\t\t\t\t<p><b>CON ENZIMAS<\/b><\/p><p>\u00a0<\/p><p><span style=\"font-weight: 400;\">Las enzimas recombinantes son una serie de enzimas (espec\u00edficamente tres: hialuronidasa, colagenasa y lipasa) que act\u00faan en los tejidos para mejorar las zonas que requieran de reafirmaci\u00f3n, eliminaci\u00f3n de fibrosis e incluso eliminaci\u00f3n de peque\u00f1as cantidades de grasa, dando resultados geniales a partir de la primera sesi\u00f3n que son permanentes.<\/span> <span style=\"font-weight: 400;\">se usan para casos de fibrosis posterior a alguna cicatriz por un traumatismo tipo quemadura o alguna fibrosis postoperatoria disminuy\u00e9ndola e incluso elimin\u00e1ndola<\/span><\/p><p>\u00a0<\/p><p><b>INDICACIONES:<\/b><\/p><ul><li style=\"font-weight: 400;\" aria-level=\"1\"><span style=\"font-weight: 400;\">Pacientes que presentan fibrosis\u00a0<\/span><\/li><\/ul><p>\u00a0<\/p><p><b>CUIDADOS PREVIOS:<\/b><\/p><ul><li style=\"font-weight: 400;\" aria-level=\"1\"><span style=\"font-weight: 400;\">no tener aplicado ning\u00fan tipo de cremas en la zona el d\u00eda de la sesi\u00f3n<\/span><\/li><\/ul><p>\u00a0<\/p><p><b>CONTRAINDICACIONES:\u00a0<\/b><\/p><ul><li style=\"font-weight: 400;\" aria-level=\"1\"><span style=\"font-weight: 400;\">No realizarlo en estado de embarazo o lactancia.<\/span><\/li><li style=\"font-weight: 400;\" aria-level=\"1\"><span style=\"font-weight: 400;\">No realizarlo si hay historial de alergias al \u00e1cido hialur\u00f3nico o alguna de las enzimas.<\/span><\/li><li style=\"font-weight: 400;\" aria-level=\"1\"><span style=\"font-weight: 400;\">No realizar si se encuentra en tratamiento oncol\u00f3gico (activo en los \u00faltimos 6 meses).<\/span><\/li><li style=\"font-weight: 400;\" aria-level=\"1\"><span style=\"font-weight: 400;\">No realizarlo si se encuentra en tratamiento con antibi\u00f3ticos, antihistam\u00ednicos, corticoesteroides, betabloqueadores, retinoides, \u00e1cido azelaico, terapias anti acn\u00e9 o cuyo tratamiento haya finalizado en 2 semanas anteriores.<\/span><\/li><\/ul><p>\u00a0<\/p><p><b>CUIDADOS POSTERIORES:<\/b><\/p><ul><li style=\"font-weight: 400;\" aria-level=\"1\"><span style=\"font-weight: 400;\">Mantener una dieta balanceada.<\/span><\/li><li style=\"font-weight: 400;\" aria-level=\"1\"><span style=\"font-weight: 400;\">Beber abundante agua.<\/span><\/li><li style=\"font-weight: 400;\" aria-level=\"1\"><span style=\"font-weight: 400;\">No aplicar compresas fr\u00edas o hielo.<\/span><\/li><li style=\"font-weight: 400;\" aria-level=\"1\"><span style=\"font-weight: 400;\">Evitar piscinas y sauna por 1 semana.<\/span><\/li><li style=\"font-weight: 400;\" aria-level=\"1\"><span style=\"font-weight: 400;\">Seguir las instrucciones de su especialista.<\/span><\/li><li style=\"font-weight: 400;\" aria-level=\"1\"><span style=\"font-weight: 400;\">No realizar otros tratamientos en la zona posterior al tratamiento.<\/span><\/li><\/ul><p>\u00a0<\/p><p><b>EFECTOS SECUNDARIOS:<\/b><\/p><ul><li><span style=\"font-weight: 400;\">Rojez\u00a0<\/span><\/li><li><span style=\"font-weight: 400;\">Picazon<\/span><\/li><li><span style=\"font-weight: 400;\">Morados\u00a0<\/span><\/li><li><span style=\"font-weight: 400;\">Inflamacion<\/span><\/li><li style=\"list-style-type: none;\">\u00a0<\/li><\/ul><ul><li aria-level=\"1\"><span style=\"font-weight: 400;\">Dolor en la zona de punci\u00f3n<\/span><\/li><li aria-level=\"1\"><span style=\"font-weight: 400;\">Malestar general<\/span><\/li><\/ul><p>\u00a0<\/p><p><b>CON CONTOURPRO<\/b><\/p><p>\u00a0<\/p><p><span style=\"font-weight: 400;\">Contour pro por medio de su radiofrecuencia monopolar, logra activar la circulaci\u00f3n sangu\u00ednea y reactivar los mecanismos celulares alterados responsables de diferentes problemas est\u00e9ticos como son, flacidez, fibrosis, celulitis entre otros.<\/span><\/p><p>\u00a0<\/p><p><b>INDICACIONES:<\/b><\/p><ul><li aria-level=\"1\"><span style=\"font-weight: 400;\">Pacientes con fibrosis\u00a0<\/span><\/li><\/ul><p>\u00a0<\/p><p><b>CUIDADOS PREVIOS:<\/b><\/p><ul><li aria-level=\"1\"><span style=\"font-weight: 400;\">Tomar un vaso de agua antes de la sesi\u00f3n\u00a0<\/span><\/li><\/ul><ul><li aria-level=\"1\"><span style=\"font-weight: 400;\">Tener la piel limpia el d\u00eda de la sesi\u00f3n<\/span><\/li><\/ul><ul><li aria-level=\"1\"><span style=\"font-weight: 400;\">Asistir con ropa c\u00f3moda\u00a0<\/span><\/li><\/ul><p>\u00a0<\/p><p><b>DURACION: <\/b><span style=\"font-weight: 400;\">30 minutos dependiendo de la zona a tratar\u00a0<\/span><\/p><p>\u00a0<\/p><p><b>DOLOR: <\/b><span style=\"font-weight: 400;\">2\/10<\/span><\/p><p>\u00a0<\/p><p><b>CONTRAINDICACIONES:\u00a0<\/b><\/p><ul><li style=\"font-weight: 400;\" aria-level=\"1\"><span style=\"font-weight: 400;\">Pacientes con marcapasos, desfibriladores o cardioversores.<\/span><\/li><li style=\"font-weight: 400;\" aria-level=\"1\"><span style=\"font-weight: 400;\">Pacientes con cardiapatias graves<\/span><\/li><li style=\"font-weight: 400;\" aria-level=\"1\"><span style=\"font-weight: 400;\">Antecedentes de c\u00e1ncer\u00a0<\/span><\/li><li style=\"font-weight: 400;\" aria-level=\"1\"><span style=\"font-weight: 400;\">Pacientes con infecciones cut\u00e1neas o enfermedades de la piel en el \u00e1rea a tratar.<\/span><\/li><li style=\"font-weight: 400;\" aria-level=\"1\"><span style=\"font-weight: 400;\">Embarazo o lactancia<\/span><\/li><li style=\"font-weight: 400;\" aria-level=\"1\"><span style=\"font-weight: 400;\">Pacientes con alteraci\u00f3n de la coagulaci\u00f3n\u00a0<\/span><\/li><li style=\"font-weight: 400;\" aria-level=\"1\"><span style=\"font-weight: 400;\">Pacientes con pr\u00f3tesis met\u00e1licas\u00a0\u00a0<\/span><\/li><\/ul><p>\u00a0<\/p><p><b>CUIDADOS POSTERIORES:<\/b><\/p><ul><li aria-level=\"1\"><span style=\"font-weight: 400;\">realizar ejercicio\u00a0<\/span><\/li><\/ul><ul><li aria-level=\"1\"><span style=\"font-weight: 400;\">llevar una dieta balanceada\u00a0<\/span><\/li><\/ul><ul><li aria-level=\"1\"><span style=\"font-weight: 400;\">seguir instrucciones de la doctora\u00a0<\/span><\/li><\/ul><ul><li aria-level=\"1\"><span style=\"font-weight: 400;\">Tomar abundante liquido\u00a0<\/span><\/li><\/ul><ul><li aria-level=\"1\"><span style=\"font-weight: 400;\">Evite la exposici\u00f3n solar y uso de c\u00e1maras de bronceo\u00a0<\/span><\/li><\/ul><ul><li style=\"font-weight: 400;\" aria-level=\"1\"><span style=\"font-weight: 400;\">No manipule el \u00e1rea ni la ponga en contacto con fuentes de frio, paquetes de hielo o compresas posterior al d\u00eda del procedimiento.<\/span><\/li><li style=\"font-weight: 400;\" aria-level=\"1\"><span style=\"font-weight: 400;\">Si presenta dolor, calor, enrojecimiento persistente, costras o lesiones lineales en el \u00e1rea, consulte e informe al m\u00e9dico.<\/span><\/li><li style=\"font-weight: 400;\" aria-level=\"1\"><span style=\"font-weight: 400;\">No realizar ning\u00fan tipo de depilaci\u00f3n en la zona tratada posterior al procedimiento.<\/span><\/li><\/ul><p>\u00a0<\/p><p><b>EFECTOS SECUNDARIOS:<\/b><\/p><ul><li aria-level=\"1\"><span style=\"font-weight: 400;\">Enrojecimiento leve<\/span><\/li><\/ul><ul><li aria-level=\"1\"><span style=\"font-weight: 400;\">Leve picaz\u00f3n<\/span><\/li><\/ul><ul><li aria-level=\"1\"><span style=\"font-weight: 400;\">Peque\u00f1as costras o ampollas<\/span><\/li><\/ul><p>\u00a0<\/p>\t\t\t\t\t\t\t\t<\/div>\n\t\t\t\t<\/div>\n\t\t\t\t\t<\/div>\n\t\t\t\t<\/div>\n\t\t\t\t<\/div>","protected":false},"excerpt":{"rendered":"<p>Tratamientos Para Fibrosis \u00bfEn qu\u00e9 consiste? En medicina est\u00e9tica, los tratamientos para la fibrosis buscan suavizar las zonas endurecidas de la piel, mejorar la textura y reducir molestias causadas por acumulaciones de tejido cicatricial, especialmente despu\u00e9s de cirug\u00edas como liposucci\u00f3n o abdominoplastia. CON ENZIMAS \u00a0 Las enzimas recombinantes son una serie de enzimas (espec\u00edficamente tres: [&hellip;]<\/p>\n","protected":false},"author":1,"featured_media":0,"parent":0,"menu_order":0,"comment_status":"closed","ping_status":"closed","template":"elementor_header_footer","meta":{"footnotes":""},"class_list":["post-1582","page","type-page","status-publish","hentry"],"yoast_head":"<!-- This site is optimized with the Yoast SEO Premium plugin v26.3 (Yoast SEO v27.5) - https:\/\/yoast.com\/product\/yoast-seo-premium-wordpress\/ -->\n<title>TRATAMIENTOS PARA FIBROSIS | Dra. Natalia Elejalde<\/title>\n<meta name=\"robots\" content=\"index, follow, max-snippet:-1, max-image-preview:large, max-video-preview:-1\" \/>\n<link rel=\"canonical\" href=\"https:\/\/medicinaesteticarionegro.com\/en\/tratamientos-para-fibrosis\/\" \/>\n<meta property=\"og:locale\" content=\"en_US\" \/>\n<meta property=\"og:type\" content=\"article\" \/>\n<meta property=\"og:title\" content=\"TRATAMIENTOS PARA FIBROSIS\" \/>\n<meta property=\"og:description\" content=\"Tratamientos Para Fibrosis \u00bfEn qu\u00e9 consiste? En medicina est\u00e9tica, los tratamientos para la fibrosis buscan suavizar las zonas endurecidas de la piel, mejorar la textura y reducir molestias causadas por acumulaciones de tejido cicatricial, especialmente despu\u00e9s de cirug\u00edas como liposucci\u00f3n o abdominoplastia. CON ENZIMAS \u00a0 Las enzimas recombinantes son una serie de enzimas (espec\u00edficamente tres: [&hellip;]\" \/>\n<meta property=\"og:url\" content=\"https:\/\/medicinaesteticarionegro.com\/en\/tratamientos-para-fibrosis\/\" \/>\n<meta property=\"og:site_name\" content=\"Dra. Natalia Elejalde\" \/>\n<meta property=\"article:modified_time\" content=\"2025-11-01T00:40:39+00:00\" \/>\n<meta property=\"og:image\" content=\"https:\/\/medicinaesteticarionegro.com\/wp-content\/uploads\/2025\/01\/TRATAMIENTOS-PARA-FIBROSIS-RIONEGRO-scaled.jpg\" \/>\n\t<meta property=\"og:image:width\" content=\"2560\" \/>\n\t<meta property=\"og:image:height\" content=\"1707\" \/>\n\t<meta property=\"og:image:type\" content=\"image\/jpeg\" \/>\n<meta name=\"twitter:card\" content=\"summary_large_image\" \/>\n<meta name=\"twitter:label1\" content=\"Est. reading time\" \/>\n\t<meta name=\"twitter:data1\" content=\"2 minutes\" \/>\n<script type=\"application\/ld+json\" class=\"yoast-schema-graph\">{\"@context\":\"https:\\\/\\\/schema.org\",\"@graph\":[{\"@type\":\"WebPage\",\"@id\":\"https:\\\/\\\/medicinaesteticarionegro.com\\\/tratamientos-para-fibrosis\\\/\",\"url\":\"https:\\\/\\\/medicinaesteticarionegro.com\\\/tratamientos-para-fibrosis\\\/\",\"name\":\"TRATAMIENTOS PARA FIBROSIS | Dra. Natalia Elejalde\",\"isPartOf\":{\"@id\":\"https:\\\/\\\/medicinaesteticarionegro.com\\\/#website\"},\"primaryImageOfPage\":{\"@id\":\"https:\\\/\\\/medicinaesteticarionegro.com\\\/tratamientos-para-fibrosis\\\/#primaryimage\"},\"image\":{\"@id\":\"https:\\\/\\\/medicinaesteticarionegro.com\\\/tratamientos-para-fibrosis\\\/#primaryimage\"},\"thumbnailUrl\":\"https:\\\/\\\/medicinaesteticarionegro.com\\\/wp-content\\\/uploads\\\/2025\\\/01\\\/TRATAMIENTOS-PARA-FIBROSIS-RIONEGRO-1024x683.jpg\",\"datePublished\":\"2025-10-15T00:57:22+00:00\",\"dateModified\":\"2025-11-01T00:40:39+00:00\",\"breadcrumb\":{\"@id\":\"https:\\\/\\\/medicinaesteticarionegro.com\\\/tratamientos-para-fibrosis\\\/#breadcrumb\"},\"inLanguage\":\"en-US\",\"potentialAction\":[{\"@type\":\"ReadAction\",\"target\":[\"https:\\\/\\\/medicinaesteticarionegro.com\\\/tratamientos-para-fibrosis\\\/\"]}]},{\"@type\":\"ImageObject\",\"inLanguage\":\"en-US\",\"@id\":\"https:\\\/\\\/medicinaesteticarionegro.com\\\/tratamientos-para-fibrosis\\\/#primaryimage\",\"url\":\"https:\\\/\\\/medicinaesteticarionegro.com\\\/wp-content\\\/uploads\\\/2025\\\/01\\\/TRATAMIENTOS-PARA-FIBROSIS-RIONEGRO-1024x683.jpg\",\"contentUrl\":\"https:\\\/\\\/medicinaesteticarionegro.com\\\/wp-content\\\/uploads\\\/2025\\\/01\\\/TRATAMIENTOS-PARA-FIBROSIS-RIONEGRO-1024x683.jpg\"},{\"@type\":\"BreadcrumbList\",\"@id\":\"https:\\\/\\\/medicinaesteticarionegro.com\\\/tratamientos-para-fibrosis\\\/#breadcrumb\",\"itemListElement\":[{\"@type\":\"ListItem\",\"position\":1,\"name\":\"Home\",\"item\":\"https:\\\/\\\/medicinaesteticarionegro.com\\\/\"},{\"@type\":\"ListItem\",\"position\":2,\"name\":\"TRATAMIENTOS PARA FIBROSIS\"}]},{\"@type\":\"WebSite\",\"@id\":\"https:\\\/\\\/medicinaesteticarionegro.com\\\/#website\",\"url\":\"https:\\\/\\\/medicinaesteticarionegro.com\\\/\",\"name\":\"Dra. Natalia Elejalde - Medicina Est\u00e9tica en Rionegro\",\"description\":\"\",\"publisher\":{\"@id\":\"https:\\\/\\\/medicinaesteticarionegro.com\\\/#\\\/schema\\\/person\\\/eb3b978a6515276f13759d6072cf20d2\"},\"alternateName\":\"Medicina Estetica Rionegro\",\"potentialAction\":[{\"@type\":\"SearchAction\",\"target\":{\"@type\":\"EntryPoint\",\"urlTemplate\":\"https:\\\/\\\/medicinaesteticarionegro.com\\\/?s={search_term_string}\"},\"query-input\":{\"@type\":\"PropertyValueSpecification\",\"valueRequired\":true,\"valueName\":\"search_term_string\"}}],\"inLanguage\":\"en-US\"},{\"@type\":[\"Person\",\"Organization\"],\"@id\":\"https:\\\/\\\/medicinaesteticarionegro.com\\\/#\\\/schema\\\/person\\\/eb3b978a6515276f13759d6072cf20d2\",\"name\":\"dranataliaelejalde@outlook.com\",\"image\":{\"@type\":\"ImageObject\",\"inLanguage\":\"en-US\",\"@id\":\"https:\\\/\\\/medicinaesteticarionegro.com\\\/wp-content\\\/uploads\\\/2025\\\/10\\\/cropped-LOGO-ANCHO.png\",\"url\":\"https:\\\/\\\/medicinaesteticarionegro.com\\\/wp-content\\\/uploads\\\/2025\\\/10\\\/cropped-LOGO-ANCHO.png\",\"contentUrl\":\"https:\\\/\\\/medicinaesteticarionegro.com\\\/wp-content\\\/uploads\\\/2025\\\/10\\\/cropped-LOGO-ANCHO.png\",\"width\":512,\"height\":512,\"caption\":\"dranataliaelejalde@outlook.com\"},\"logo\":{\"@id\":\"https:\\\/\\\/medicinaesteticarionegro.com\\\/wp-content\\\/uploads\\\/2025\\\/10\\\/cropped-LOGO-ANCHO.png\"},\"sameAs\":[\"https:\\\/\\\/medicinaesteticarionegro.com\"]}]}<\/script>\n<!-- \/ Yoast SEO Premium plugin. -->","yoast_head_json":{"title":"TRATAMIENTOS PARA FIBROSIS | Dra. Natalia Elejalde","robots":{"index":"index","follow":"follow","max-snippet":"max-snippet:-1","max-image-preview":"max-image-preview:large","max-video-preview":"max-video-preview:-1"},"canonical":"https:\/\/medicinaesteticarionegro.com\/en\/tratamientos-para-fibrosis\/","og_locale":"en_US","og_type":"article","og_title":"TRATAMIENTOS PARA FIBROSIS","og_description":"Tratamientos Para Fibrosis \u00bfEn qu\u00e9 consiste? En medicina est\u00e9tica, los tratamientos para la fibrosis buscan suavizar las zonas endurecidas de la piel, mejorar la textura y reducir molestias causadas por acumulaciones de tejido cicatricial, especialmente despu\u00e9s de cirug\u00edas como liposucci\u00f3n o abdominoplastia. CON ENZIMAS \u00a0 Las enzimas recombinantes son una serie de enzimas (espec\u00edficamente tres: [&hellip;]","og_url":"https:\/\/medicinaesteticarionegro.com\/en\/tratamientos-para-fibrosis\/","og_site_name":"Dra. Natalia Elejalde","article_modified_time":"2025-11-01T00:40:39+00:00","og_image":[{"width":2560,"height":1707,"url":"https:\/\/medicinaesteticarionegro.com\/wp-content\/uploads\/2025\/01\/TRATAMIENTOS-PARA-FIBROSIS-RIONEGRO-scaled.jpg","type":"image\/jpeg"}],"twitter_card":"summary_large_image","twitter_misc":{"Est. reading time":"2 minutes"},"schema":{"@context":"https:\/\/schema.org","@graph":[{"@type":"WebPage","@id":"https:\/\/medicinaesteticarionegro.com\/tratamientos-para-fibrosis\/","url":"https:\/\/medicinaesteticarionegro.com\/tratamientos-para-fibrosis\/","name":"TRATAMIENTOS PARA FIBROSIS | Dra. Natalia Elejalde","isPartOf":{"@id":"https:\/\/medicinaesteticarionegro.com\/#website"},"primaryImageOfPage":{"@id":"https:\/\/medicinaesteticarionegro.com\/tratamientos-para-fibrosis\/#primaryimage"},"image":{"@id":"https:\/\/medicinaesteticarionegro.com\/tratamientos-para-fibrosis\/#primaryimage"},"thumbnailUrl":"https:\/\/medicinaesteticarionegro.com\/wp-content\/uploads\/2025\/01\/TRATAMIENTOS-PARA-FIBROSIS-RIONEGRO-1024x683.jpg","datePublished":"2025-10-15T00:57:22+00:00","dateModified":"2025-11-01T00:40:39+00:00","breadcrumb":{"@id":"https:\/\/medicinaesteticarionegro.com\/tratamientos-para-fibrosis\/#breadcrumb"},"inLanguage":"en-US","potentialAction":[{"@type":"ReadAction","target":["https:\/\/medicinaesteticarionegro.com\/tratamientos-para-fibrosis\/"]}]},{"@type":"ImageObject","inLanguage":"en-US","@id":"https:\/\/medicinaesteticarionegro.com\/tratamientos-para-fibrosis\/#primaryimage","url":"https:\/\/medicinaesteticarionegro.com\/wp-content\/uploads\/2025\/01\/TRATAMIENTOS-PARA-FIBROSIS-RIONEGRO-1024x683.jpg","contentUrl":"https:\/\/medicinaesteticarionegro.com\/wp-content\/uploads\/2025\/01\/TRATAMIENTOS-PARA-FIBROSIS-RIONEGRO-1024x683.jpg"},{"@type":"BreadcrumbList","@id":"https:\/\/medicinaesteticarionegro.com\/tratamientos-para-fibrosis\/#breadcrumb","itemListElement":[{"@type":"ListItem","position":1,"name":"Home","item":"https:\/\/medicinaesteticarionegro.com\/"},{"@type":"ListItem","position":2,"name":"TRATAMIENTOS PARA FIBROSIS"}]},{"@type":"WebSite","@id":"https:\/\/medicinaesteticarionegro.com\/#website","url":"https:\/\/medicinaesteticarionegro.com\/","name":"Dra. Natalia Elejalde - Medicina Est\u00e9tica en Rionegro","description":"","publisher":{"@id":"https:\/\/medicinaesteticarionegro.com\/#\/schema\/person\/eb3b978a6515276f13759d6072cf20d2"},"alternateName":"Medicina Estetica Rionegro","potentialAction":[{"@type":"SearchAction","target":{"@type":"EntryPoint","urlTemplate":"https:\/\/medicinaesteticarionegro.com\/?s={search_term_string}"},"query-input":{"@type":"PropertyValueSpecification","valueRequired":true,"valueName":"search_term_string"}}],"inLanguage":"en-US"},{"@type":["Person","Organization"],"@id":"https:\/\/medicinaesteticarionegro.com\/#\/schema\/person\/eb3b978a6515276f13759d6072cf20d2","name":"dranataliaelejalde@outlook.com","image":{"@type":"ImageObject","inLanguage":"en-US","@id":"https:\/\/medicinaesteticarionegro.com\/wp-content\/uploads\/2025\/10\/cropped-LOGO-ANCHO.png","url":"https:\/\/medicinaesteticarionegro.com\/wp-content\/uploads\/2025\/10\/cropped-LOGO-ANCHO.png","contentUrl":"https:\/\/medicinaesteticarionegro.com\/wp-content\/uploads\/2025\/10\/cropped-LOGO-ANCHO.png","width":512,"height":512,"caption":"dranataliaelejalde@outlook.com"},"logo":{"@id":"https:\/\/medicinaesteticarionegro.com\/wp-content\/uploads\/2025\/10\/cropped-LOGO-ANCHO.png"},"sameAs":["https:\/\/medicinaesteticarionegro.com"]}]}},"_hostinger_reach_plugin_has_subscription_block":false,"_hostinger_reach_plugin_is_elementor":false,"_links":{"self":[{"href":"https:\/\/medicinaesteticarionegro.com\/en\/wp-json\/wp\/v2\/pages\/1582","targetHints":{"allow":["GET"]}}],"collection":[{"href":"https:\/\/medicinaesteticarionegro.com\/en\/wp-json\/wp\/v2\/pages"}],"about":[{"href":"https:\/\/medicinaesteticarionegro.com\/en\/wp-json\/wp\/v2\/types\/page"}],"author":[{"embeddable":true,"href":"https:\/\/medicinaesteticarionegro.com\/en\/wp-json\/wp\/v2\/users\/1"}],"replies":[{"embeddable":true,"href":"https:\/\/medicinaesteticarionegro.com\/en\/wp-json\/wp\/v2\/comments?post=1582"}],"version-history":[{"count":9,"href":"https:\/\/medicinaesteticarionegro.com\/en\/wp-json\/wp\/v2\/pages\/1582\/revisions"}],"predecessor-version":[{"id":3071,"href":"https:\/\/medicinaesteticarionegro.com\/en\/wp-json\/wp\/v2\/pages\/1582\/revisions\/3071"}],"wp:attachment":[{"href":"https:\/\/medicinaesteticarionegro.com\/en\/wp-json\/wp\/v2\/media?parent=1582"}],"curies":[{"name":"wp","href":"https:\/\/api.w.org\/{rel}","templated":true}]}}