{"id":1597,"date":"2025-10-15T01:26:43","date_gmt":"2025-10-15T01:26:43","guid":{"rendered":"https:\/\/medicinaesteticarionegro.com\/?page_id=1597"},"modified":"2025-11-01T00:09:34","modified_gmt":"2025-11-01T00:09:34","slug":"tratamiento-de-tonificacion-muscular","status":"publish","type":"page","link":"https:\/\/medicinaesteticarionegro.com\/en\/tratamiento-de-tonificacion-muscular\/","title":{"rendered":"TRATAMIENTO DE TONIFICACION MUSCULAR"},"content":{"rendered":"<div data-elementor-type=\"wp-page\" data-elementor-id=\"1597\" class=\"elementor elementor-1597\" data-elementor-post-type=\"page\">\n\t\t\t\t<div class=\"elementor-element elementor-element-efe3533 e-con-full gt3_parallax-yes e-flex e-con e-parent\" data-id=\"efe3533\" data-element_type=\"container\" data-e-type=\"container\" data-settings=\"{&quot;background_background&quot;:&quot;classic&quot;}\">\n\t\t\t\t<\/div>\n\t\t<div class=\"elementor-element elementor-element-7c64bd74 e-con-full e-flex e-con e-parent\" data-id=\"7c64bd74\" data-element_type=\"container\" data-e-type=\"container\" data-settings=\"{&quot;background_background&quot;:&quot;classic&quot;,&quot;shape_divider_bottom&quot;:&quot;mountains&quot;}\">\n\t\t\t\t<div class=\"elementor-shape elementor-shape-bottom\" aria-hidden=\"true\" data-negative=\"false\">\n\t\t\t<svg xmlns=\"http:\/\/www.w3.org\/2000\/svg\" viewbox=\"0 0 1000 100\" preserveaspectratio=\"none\">\n\t<path class=\"elementor-shape-fill\" opacity=\"0.33\" d=\"M473,67.3c-203.9,88.3-263.1-34-320.3,0C66,119.1,0,59.7,0,59.7V0h1000v59.7 c0,0-62.1,26.1-94.9,29.3c-32.8,3.3-62.8-12.3-75.8-22.1C806,49.6,745.3,8.7,694.9,4.7S492.4,59,473,67.3z\"\/>\n\t<path class=\"elementor-shape-fill\" opacity=\"0.66\" d=\"M734,67.3c-45.5,0-77.2-23.2-129.1-39.1c-28.6-8.7-150.3-10.1-254,39.1 s-91.7-34.4-149.2,0C115.7,118.3,0,39.8,0,39.8V0h1000v36.5c0,0-28.2-18.5-92.1-18.5C810.2,18.1,775.7,67.3,734,67.3z\"\/>\n\t<path class=\"elementor-shape-fill\" d=\"M766.1,28.9c-200-57.5-266,65.5-395.1,19.5C242,1.8,242,5.4,184.8,20.6C128,35.8,132.3,44.9,89.9,52.5C28.6,63.7,0,0,0,0 h1000c0,0-9.9,40.9-83.6,48.1S829.6,47,766.1,28.9z\"\/>\n<\/svg>\t\t<\/div>\n\t\t\t\t<div class=\"elementor-element elementor-element-5f2a74b9 elementor-widget-mobile__width-initial elementor-widget elementor-widget-heading\" data-id=\"5f2a74b9\" data-element_type=\"widget\" data-e-type=\"widget\" data-widget_type=\"heading.default\">\n\t\t\t\t<div class=\"elementor-widget-container\">\n\t\t\t\t\t<h2 class=\"elementor-heading-title elementor-size-default\">Tratamiento de Tonificaci\u00f3n Muscular<\/h2>\t\t\t\t<\/div>\n\t\t\t\t<\/div>\n\t\t\t\t<\/div>\n\t\t<div class=\"elementor-element elementor-element-4fd5dab e-flex e-con-boxed e-con e-parent\" data-id=\"4fd5dab\" data-element_type=\"container\" data-e-type=\"container\">\n\t\t\t\t\t<div class=\"e-con-inner\">\n\t\t\t\t<div class=\"elementor-element elementor-element-9216f9c elementor-widget elementor-widget-heading\" data-id=\"9216f9c\" data-element_type=\"widget\" data-e-type=\"widget\" data-widget_type=\"heading.default\">\n\t\t\t\t<div class=\"elementor-widget-container\">\n\t\t\t\t\t<h2 class=\"elementor-heading-title elementor-size-default\">\u00bfEn qu\u00e9 consiste?<\/h2>\t\t\t\t<\/div>\n\t\t\t\t<\/div>\n\t\t\t\t\t<\/div>\n\t\t\t\t<\/div>\n\t\t<div class=\"elementor-element elementor-element-e31acfe e-flex e-con-boxed e-con e-parent\" data-id=\"e31acfe\" data-element_type=\"container\" data-e-type=\"container\">\n\t\t\t\t\t<div class=\"e-con-inner\">\n\t\t<div class=\"elementor-element elementor-element-f89d52b e-con-full e-flex e-con e-child\" data-id=\"f89d52b\" data-element_type=\"container\" data-e-type=\"container\">\n\t\t\t\t<div class=\"elementor-element elementor-element-975ff67 elementor-widget elementor-widget-image\" data-id=\"975ff67\" data-element_type=\"widget\" data-e-type=\"widget\" data-widget_type=\"image.default\">\n\t\t\t\t<div class=\"elementor-widget-container\">\n\t\t\t\t\t\t\t\t\t\t\t\t\t\t\t<img fetchpriority=\"high\" decoding=\"async\" width=\"940\" height=\"628\" src=\"https:\/\/medicinaesteticarionegro.com\/wp-content\/uploads\/2025\/01\/TRATAMIENTO-PARA-TONIFICACION-MUSCULAR-RIONEGRO-1024x684.jpg\" class=\"attachment-large size-large wp-image-1126\" alt=\"\" srcset=\"https:\/\/medicinaesteticarionegro.com\/wp-content\/uploads\/2025\/01\/TRATAMIENTO-PARA-TONIFICACION-MUSCULAR-RIONEGRO-1024x684.jpg 1024w, https:\/\/medicinaesteticarionegro.com\/wp-content\/uploads\/2025\/01\/TRATAMIENTO-PARA-TONIFICACION-MUSCULAR-RIONEGRO-300x201.jpg 300w, https:\/\/medicinaesteticarionegro.com\/wp-content\/uploads\/2025\/01\/TRATAMIENTO-PARA-TONIFICACION-MUSCULAR-RIONEGRO-768x513.jpg 768w, https:\/\/medicinaesteticarionegro.com\/wp-content\/uploads\/2025\/01\/TRATAMIENTO-PARA-TONIFICACION-MUSCULAR-RIONEGRO-1536x1027.jpg 1536w, https:\/\/medicinaesteticarionegro.com\/wp-content\/uploads\/2025\/01\/TRATAMIENTO-PARA-TONIFICACION-MUSCULAR-RIONEGRO-480x321.jpg 480w\" sizes=\"(max-width: 940px) 100vw, 940px\" title=\"TRATAMIENTO-PARA-TONIFICACION-MUSCULAR-RIONEGRO\" \/>\t\t\t\t\t\t\t\t\t\t\t\t\t\t\t<\/div>\n\t\t\t\t<\/div>\n\t\t\t\t<\/div>\n\t\t<div class=\"elementor-element elementor-element-5596c89 e-con-full e-flex e-con e-child\" data-id=\"5596c89\" data-element_type=\"container\" data-e-type=\"container\">\n\t\t\t\t<div class=\"elementor-element elementor-element-22e5e94 elementor-widget elementor-widget-text-editor\" data-id=\"22e5e94\" data-element_type=\"widget\" data-e-type=\"widget\" data-widget_type=\"text-editor.default\">\n\t\t\t\t<div class=\"elementor-widget-container\">\n\t\t\t\t\t\t\t\t\t<p><span style=\"font-weight: 400;\">Musculptech es el primer y \u00fanico equipo de est\u00e9tica y m\u00e9dico que combina la emisi\u00f3n Electromagn\u00e9tica Focalizada y la Neuro-estimulaci\u00f3n Selectiva de Alta Intensidad.<\/span><\/p><p><span style=\"font-weight: 400;\">Combina la tecnolog\u00eda de campos magn\u00e9ticos focalizados con neuroestimulaci\u00f3n selectiva, lo cual produce un aumento de la fibra muscular hasta un 16%, combinada con la radiofrecuencia bipolar y monopolar, lo cual reduce la grasa focalizada de 19 a 23% de manera simult\u00e1nea.<\/span><\/p><p><span style=\"font-weight: 400;\">El campo electromagn\u00e9tico de 7 TESLAS atraviesa las capas superficiales de la piel y de forma NO INVASIVA interact\u00faa con las neuronas motoras, que posteriormente desencadenan contracciones musculares supram\u00e1ximas es decir que por acci\u00f3n voluntaria no se pudieran realizar. Dichas contrataciones inducen volumen, tonificaci\u00f3n y marcaci\u00f3n muscular.<\/span><\/p><p><span style=\"font-weight: 400;\">Esta avanzada tecnolog\u00eda, logra realizar y producir 30.000 contracciones supra m\u00e1ximas en sesiones de 30 minutos, lo cual es equivalente como si estuvieras haciendo 30.000 abdominales o sentadillas la cual nos ayuda el aumento de la fibra muscular, logrando as\u00ed corregir la di\u00e1stasis abdominal, tonificar los m\u00fasculos del abdomen, los gl\u00fateos, las piernas y los brazos.<\/span><\/p><p><span style=\"font-weight: 400;\">Con esta tecnolog\u00eda, podemos tratar diferentes zonas o grupos musculares como brazos: biceps, triceps, hombros, espalda, abdomen, gl\u00fateos, pantorrillas, y muslos y pacientes post parto.<\/span><\/p>\t\t\t\t\t\t\t\t<\/div>\n\t\t\t\t<\/div>\n\t\t\t\t<\/div>\n\t\t\t\t\t<\/div>\n\t\t\t\t<\/div>\n\t\t<div class=\"elementor-element elementor-element-1b57c5f e-flex e-con-boxed e-con e-parent\" data-id=\"1b57c5f\" data-element_type=\"container\" data-e-type=\"container\">\n\t\t\t\t\t<div class=\"e-con-inner\">\n\t\t\t\t<div class=\"elementor-element elementor-element-399e543 elementor-widget-divider--view-line elementor-widget elementor-widget-divider\" data-id=\"399e543\" data-element_type=\"widget\" data-e-type=\"widget\" data-widget_type=\"divider.default\">\n\t\t\t\t<div class=\"elementor-widget-container\">\n\t\t\t\t\t\t\t<div class=\"elementor-divider\">\n\t\t\t<span class=\"elementor-divider-separator\">\n\t\t\t\t\t\t<\/span>\n\t\t<\/div>\n\t\t\t\t\t\t<\/div>\n\t\t\t\t<\/div>\n\t\t\t\t\t<\/div>\n\t\t\t\t<\/div>\n\t\t<div class=\"elementor-element elementor-element-1204678 e-flex e-con-boxed e-con e-parent\" data-id=\"1204678\" data-element_type=\"container\" data-e-type=\"container\">\n\t\t\t\t\t<div class=\"e-con-inner\">\n\t\t\t\t<div class=\"elementor-element elementor-element-ab15c78 elementor-widget elementor-widget-text-editor\" data-id=\"ab15c78\" data-element_type=\"widget\" data-e-type=\"widget\" data-widget_type=\"text-editor.default\">\n\t\t\t\t<div class=\"elementor-widget-container\">\n\t\t\t\t\t\t\t\t\t<p><b>INDICACIONES:<\/b><\/p><ul><li aria-level=\"1\"><span style=\"font-weight: 400;\">Pacientes que desean tonificar\u00a0<\/span><\/li><\/ul><ul><li aria-level=\"1\"><span style=\"font-weight: 400;\">Pacientes que tiene rutina de ejercicio activa y desean mantener los resultados\u00a0<\/span><\/li><\/ul><ul><li aria-level=\"1\"><span style=\"font-weight: 400;\">Pacientes post partos (Mejoramiento de di\u00e1stasis abdominal)<\/span><\/li><\/ul><p>\u00a0<\/p><p><b>CUIDADOS PREVIOS:<\/b><\/p><ul><li aria-level=\"1\"><span style=\"font-weight: 400;\">Tener la piel limpia el d\u00eda de la sesi\u00f3n<\/span><\/li><\/ul><ul><li aria-level=\"1\"><span style=\"font-weight: 400;\">Consumir prote\u00edna una hora antes\u00a0<\/span><\/li><\/ul><ul><li aria-level=\"1\"><span style=\"font-weight: 400;\">No estar en periodo menstrual\u00a0<\/span><\/li><\/ul><ul><li aria-level=\"1\"><span style=\"font-weight: 400;\">No estar con el est\u00f3mago llego al momento de la sesi\u00f3n\u00a0<\/span><\/li><\/ul><p>\u00a0<\/p><p><b>DURACION: <\/b><span style=\"font-weight: 400;\">30 minutos por zona\u00a0<\/span><\/p><p>\u00a0<\/p><p><b>DOLOR: <\/b><span style=\"font-weight: 400;\">2\/10\u00a0<\/span><\/p><p>\u00a0<\/p><p><b>CONTRAINDICACIONES:\u00a0<\/b><\/p><ul><li style=\"font-weight: 400;\" aria-level=\"1\"><span style=\"font-weight: 400;\">Embarazo o lactancia.<\/span><\/li><\/ul><ul><li style=\"font-weight: 400;\" aria-level=\"1\"><span style=\"font-weight: 400;\">Pacientes con implantes met\u00e1licos o electr\u00f3nicos (anillo anticonceptivo met\u00e1lico, marcapasos card\u00edaco, desfibrilador card\u00edaco, estimulador nervioso, bomba de f\u00e1rmacos, clips met\u00e1licos).<\/span><\/li><li style=\"font-weight: 400;\" aria-level=\"1\"><span style=\"font-weight: 400;\">Pacientes con tromboflebitis, enfermedades cerebrovasculares (pacientes con ictus), lesiones cerebrales o con cirug\u00eda cerebral.<\/span><\/li><li style=\"font-weight: 400;\" aria-level=\"1\"><span style=\"font-weight: 400;\">Biopol\u00edmeros o implantes en los gl\u00fateos si es el grupo muscular que se quiere tratar. Material de osteos\u00edntesis en la zona a tratar.<\/span><\/li><li style=\"font-weight: 400;\" aria-level=\"1\"><span style=\"font-weight: 400;\">Hernia y malla abdominal.<\/span><\/li><li style=\"font-weight: 400;\" aria-level=\"1\"><span style=\"font-weight: 400;\">Lipectom\u00eda abdominal (se podr\u00e1 hacer el tratamiento pasados 6 meses de la cirug\u00eda).<\/span><\/li><li style=\"font-weight: 400;\" aria-level=\"1\"><span style=\"font-weight: 400;\">Pacientes con enfermedades card\u00edacas, hipertensi\u00f3n, tiroides, tumor maligno, insuficiencia renal, epilepsia, pueden utilizar el tratamiento, pero con una mayor precauci\u00f3n y con prescripci\u00f3n de su m\u00e9dico tratante.<\/span><\/li><\/ul><p>\u00a0<\/p><p><b>CUIDADOS POSTERIORES:<\/b><\/p><ul><li aria-level=\"1\"><span style=\"font-weight: 400;\">realizar ejercicio\u00a0<\/span><\/li><\/ul><ul><li aria-level=\"1\"><span style=\"font-weight: 400;\">ingerir alimentos una hora despu\u00e9s de terminar cada sesi\u00f3n, alimentos altos en prote\u00edna\u00a0<\/span><\/li><\/ul><ul><li aria-level=\"1\"><span style=\"font-weight: 400;\">llevar una dieta rica en proteina<\/span><\/li><\/ul><ul><li aria-level=\"1\"><span style=\"font-weight: 400;\">seguir instrucciones de la doctora\u00a0<\/span><\/li><\/ul><ul><li aria-level=\"1\"><span style=\"font-weight: 400;\">no saltarse las sesiones, se deben hacer m\u00ednimo dia por medio y 3 sesiones semanales.<\/span><\/li><\/ul><ul><li aria-level=\"1\"><span style=\"font-weight: 400;\">Tomar abundante liquido preferiblemente agua\u00a0\u00a0<\/span><\/li><\/ul><ul><li aria-level=\"1\"><span style=\"font-weight: 400;\">Evite la exposici\u00f3n solar y uso de c\u00e1maras de bronceo\u00a0<\/span><\/li><\/ul><ul><li style=\"font-weight: 400;\" aria-level=\"1\"><span style=\"font-weight: 400;\">Si presenta dolor, calor, enrojecimiento persistente, costras o lesiones lineales en el \u00e1rea, consulte e informe al m\u00e9dico.<\/span><\/li><li style=\"font-weight: 400;\" aria-level=\"1\"><span style=\"font-weight: 400;\">No realizar ning\u00fan tipo de depilaci\u00f3n en la zona tratada posterior al procedimiento.<\/span><\/li><li style=\"font-weight: 400;\" aria-level=\"1\"><span style=\"font-weight: 400;\">Avisar oportunamente de cualquier cambio que no haya sido explicado.<\/span><\/li><li style=\"font-weight: 400;\" aria-level=\"1\"><span style=\"font-weight: 400;\">Si asiste al gimnasio, se recomienda no trabajar el mismo grupo muscular tratado, las siguientes 24 hrs.<\/span><\/li><\/ul><p>\u00a0<\/p><p><b>EFECTOS SECUNDARIOS:<\/b><\/p><ul><li aria-level=\"1\"><span style=\"font-weight: 400;\">Fatiga y dolor muscular\u00a0<\/span><\/li><\/ul><ul><li aria-level=\"1\"><span style=\"font-weight: 400;\">Enrojecimiento leve<\/span><\/li><\/ul><p>\u00a0<\/p>\t\t\t\t\t\t\t\t<\/div>\n\t\t\t\t<\/div>\n\t\t\t\t\t<\/div>\n\t\t\t\t<\/div>\n\t\t\t\t<\/div>","protected":false},"excerpt":{"rendered":"<p>Tratamiento de Tonificaci\u00f3n Muscular \u00bfEn qu\u00e9 consiste? Musculptech es el primer y \u00fanico equipo de est\u00e9tica y m\u00e9dico que combina la emisi\u00f3n Electromagn\u00e9tica Focalizada y la Neuro-estimulaci\u00f3n Selectiva de Alta Intensidad. Combina la tecnolog\u00eda de campos magn\u00e9ticos focalizados con neuroestimulaci\u00f3n selectiva, lo cual produce un aumento de la fibra muscular hasta un 16%, combinada con [&hellip;]<\/p>\n","protected":false},"author":1,"featured_media":0,"parent":0,"menu_order":0,"comment_status":"closed","ping_status":"closed","template":"elementor_header_footer","meta":{"footnotes":""},"class_list":["post-1597","page","type-page","status-publish","hentry"],"yoast_head":"<!-- This site is optimized with the Yoast SEO Premium plugin v26.3 (Yoast SEO v27.5) - https:\/\/yoast.com\/product\/yoast-seo-premium-wordpress\/ -->\n<title>TRATAMIENTO DE TONIFICACION MUSCULAR | Dra. Natalia Elejalde<\/title>\n<meta name=\"robots\" content=\"index, follow, max-snippet:-1, max-image-preview:large, max-video-preview:-1\" \/>\n<link rel=\"canonical\" href=\"https:\/\/medicinaesteticarionegro.com\/en\/tratamiento-de-tonificacion-muscular\/\" \/>\n<meta property=\"og:locale\" content=\"en_US\" \/>\n<meta property=\"og:type\" content=\"article\" \/>\n<meta property=\"og:title\" content=\"TRATAMIENTO DE TONIFICACION MUSCULAR\" \/>\n<meta property=\"og:description\" content=\"Tratamiento de Tonificaci\u00f3n Muscular \u00bfEn qu\u00e9 consiste? Musculptech es el primer y \u00fanico equipo de est\u00e9tica y m\u00e9dico que combina la emisi\u00f3n Electromagn\u00e9tica Focalizada y la Neuro-estimulaci\u00f3n Selectiva de Alta Intensidad. Combina la tecnolog\u00eda de campos magn\u00e9ticos focalizados con neuroestimulaci\u00f3n selectiva, lo cual produce un aumento de la fibra muscular hasta un 16%, combinada con [&hellip;]\" \/>\n<meta property=\"og:url\" content=\"https:\/\/medicinaesteticarionegro.com\/en\/tratamiento-de-tonificacion-muscular\/\" \/>\n<meta property=\"og:site_name\" content=\"Dra. Natalia Elejalde\" \/>\n<meta property=\"article:modified_time\" content=\"2025-11-01T00:09:34+00:00\" \/>\n<meta property=\"og:image\" content=\"https:\/\/medicinaesteticarionegro.com\/wp-content\/uploads\/2025\/01\/TRATAMIENTO-PARA-TONIFICACION-MUSCULAR-RIONEGRO-scaled.jpg\" \/>\n\t<meta property=\"og:image:width\" content=\"2560\" \/>\n\t<meta property=\"og:image:height\" content=\"1711\" \/>\n\t<meta property=\"og:image:type\" content=\"image\/jpeg\" \/>\n<meta name=\"twitter:card\" content=\"summary_large_image\" \/>\n<meta name=\"twitter:label1\" content=\"Est. reading time\" \/>\n\t<meta name=\"twitter:data1\" content=\"3 minutes\" \/>\n<script type=\"application\/ld+json\" class=\"yoast-schema-graph\">{\"@context\":\"https:\\\/\\\/schema.org\",\"@graph\":[{\"@type\":\"WebPage\",\"@id\":\"https:\\\/\\\/medicinaesteticarionegro.com\\\/tratamiento-de-tonificacion-muscular\\\/\",\"url\":\"https:\\\/\\\/medicinaesteticarionegro.com\\\/tratamiento-de-tonificacion-muscular\\\/\",\"name\":\"TRATAMIENTO DE TONIFICACION MUSCULAR | Dra. Natalia Elejalde\",\"isPartOf\":{\"@id\":\"https:\\\/\\\/medicinaesteticarionegro.com\\\/#website\"},\"primaryImageOfPage\":{\"@id\":\"https:\\\/\\\/medicinaesteticarionegro.com\\\/tratamiento-de-tonificacion-muscular\\\/#primaryimage\"},\"image\":{\"@id\":\"https:\\\/\\\/medicinaesteticarionegro.com\\\/tratamiento-de-tonificacion-muscular\\\/#primaryimage\"},\"thumbnailUrl\":\"https:\\\/\\\/medicinaesteticarionegro.com\\\/wp-content\\\/uploads\\\/2025\\\/01\\\/TRATAMIENTO-PARA-TONIFICACION-MUSCULAR-RIONEGRO-1024x684.jpg\",\"datePublished\":\"2025-10-15T01:26:43+00:00\",\"dateModified\":\"2025-11-01T00:09:34+00:00\",\"breadcrumb\":{\"@id\":\"https:\\\/\\\/medicinaesteticarionegro.com\\\/tratamiento-de-tonificacion-muscular\\\/#breadcrumb\"},\"inLanguage\":\"en-US\",\"potentialAction\":[{\"@type\":\"ReadAction\",\"target\":[\"https:\\\/\\\/medicinaesteticarionegro.com\\\/tratamiento-de-tonificacion-muscular\\\/\"]}]},{\"@type\":\"ImageObject\",\"inLanguage\":\"en-US\",\"@id\":\"https:\\\/\\\/medicinaesteticarionegro.com\\\/tratamiento-de-tonificacion-muscular\\\/#primaryimage\",\"url\":\"https:\\\/\\\/medicinaesteticarionegro.com\\\/wp-content\\\/uploads\\\/2025\\\/01\\\/TRATAMIENTO-PARA-TONIFICACION-MUSCULAR-RIONEGRO-1024x684.jpg\",\"contentUrl\":\"https:\\\/\\\/medicinaesteticarionegro.com\\\/wp-content\\\/uploads\\\/2025\\\/01\\\/TRATAMIENTO-PARA-TONIFICACION-MUSCULAR-RIONEGRO-1024x684.jpg\"},{\"@type\":\"BreadcrumbList\",\"@id\":\"https:\\\/\\\/medicinaesteticarionegro.com\\\/tratamiento-de-tonificacion-muscular\\\/#breadcrumb\",\"itemListElement\":[{\"@type\":\"ListItem\",\"position\":1,\"name\":\"Home\",\"item\":\"https:\\\/\\\/medicinaesteticarionegro.com\\\/\"},{\"@type\":\"ListItem\",\"position\":2,\"name\":\"TRATAMIENTO DE TONIFICACION MUSCULAR\"}]},{\"@type\":\"WebSite\",\"@id\":\"https:\\\/\\\/medicinaesteticarionegro.com\\\/#website\",\"url\":\"https:\\\/\\\/medicinaesteticarionegro.com\\\/\",\"name\":\"Dra. Natalia Elejalde - Medicina Est\u00e9tica en Rionegro\",\"description\":\"\",\"publisher\":{\"@id\":\"https:\\\/\\\/medicinaesteticarionegro.com\\\/#\\\/schema\\\/person\\\/eb3b978a6515276f13759d6072cf20d2\"},\"alternateName\":\"Medicina Estetica Rionegro\",\"potentialAction\":[{\"@type\":\"SearchAction\",\"target\":{\"@type\":\"EntryPoint\",\"urlTemplate\":\"https:\\\/\\\/medicinaesteticarionegro.com\\\/?s={search_term_string}\"},\"query-input\":{\"@type\":\"PropertyValueSpecification\",\"valueRequired\":true,\"valueName\":\"search_term_string\"}}],\"inLanguage\":\"en-US\"},{\"@type\":[\"Person\",\"Organization\"],\"@id\":\"https:\\\/\\\/medicinaesteticarionegro.com\\\/#\\\/schema\\\/person\\\/eb3b978a6515276f13759d6072cf20d2\",\"name\":\"dranataliaelejalde@outlook.com\",\"image\":{\"@type\":\"ImageObject\",\"inLanguage\":\"en-US\",\"@id\":\"https:\\\/\\\/medicinaesteticarionegro.com\\\/wp-content\\\/uploads\\\/2025\\\/10\\\/cropped-LOGO-ANCHO.png\",\"url\":\"https:\\\/\\\/medicinaesteticarionegro.com\\\/wp-content\\\/uploads\\\/2025\\\/10\\\/cropped-LOGO-ANCHO.png\",\"contentUrl\":\"https:\\\/\\\/medicinaesteticarionegro.com\\\/wp-content\\\/uploads\\\/2025\\\/10\\\/cropped-LOGO-ANCHO.png\",\"width\":512,\"height\":512,\"caption\":\"dranataliaelejalde@outlook.com\"},\"logo\":{\"@id\":\"https:\\\/\\\/medicinaesteticarionegro.com\\\/wp-content\\\/uploads\\\/2025\\\/10\\\/cropped-LOGO-ANCHO.png\"},\"sameAs\":[\"https:\\\/\\\/medicinaesteticarionegro.com\"]}]}<\/script>\n<!-- \/ Yoast SEO Premium plugin. -->","yoast_head_json":{"title":"TRATAMIENTO DE TONIFICACION MUSCULAR | Dra. Natalia Elejalde","robots":{"index":"index","follow":"follow","max-snippet":"max-snippet:-1","max-image-preview":"max-image-preview:large","max-video-preview":"max-video-preview:-1"},"canonical":"https:\/\/medicinaesteticarionegro.com\/en\/tratamiento-de-tonificacion-muscular\/","og_locale":"en_US","og_type":"article","og_title":"TRATAMIENTO DE TONIFICACION MUSCULAR","og_description":"Tratamiento de Tonificaci\u00f3n Muscular \u00bfEn qu\u00e9 consiste? Musculptech es el primer y \u00fanico equipo de est\u00e9tica y m\u00e9dico que combina la emisi\u00f3n Electromagn\u00e9tica Focalizada y la Neuro-estimulaci\u00f3n Selectiva de Alta Intensidad. Combina la tecnolog\u00eda de campos magn\u00e9ticos focalizados con neuroestimulaci\u00f3n selectiva, lo cual produce un aumento de la fibra muscular hasta un 16%, combinada con [&hellip;]","og_url":"https:\/\/medicinaesteticarionegro.com\/en\/tratamiento-de-tonificacion-muscular\/","og_site_name":"Dra. Natalia Elejalde","article_modified_time":"2025-11-01T00:09:34+00:00","og_image":[{"width":2560,"height":1711,"url":"https:\/\/medicinaesteticarionegro.com\/wp-content\/uploads\/2025\/01\/TRATAMIENTO-PARA-TONIFICACION-MUSCULAR-RIONEGRO-scaled.jpg","type":"image\/jpeg"}],"twitter_card":"summary_large_image","twitter_misc":{"Est. reading time":"3 minutes"},"schema":{"@context":"https:\/\/schema.org","@graph":[{"@type":"WebPage","@id":"https:\/\/medicinaesteticarionegro.com\/tratamiento-de-tonificacion-muscular\/","url":"https:\/\/medicinaesteticarionegro.com\/tratamiento-de-tonificacion-muscular\/","name":"TRATAMIENTO DE TONIFICACION MUSCULAR | Dra. Natalia Elejalde","isPartOf":{"@id":"https:\/\/medicinaesteticarionegro.com\/#website"},"primaryImageOfPage":{"@id":"https:\/\/medicinaesteticarionegro.com\/tratamiento-de-tonificacion-muscular\/#primaryimage"},"image":{"@id":"https:\/\/medicinaesteticarionegro.com\/tratamiento-de-tonificacion-muscular\/#primaryimage"},"thumbnailUrl":"https:\/\/medicinaesteticarionegro.com\/wp-content\/uploads\/2025\/01\/TRATAMIENTO-PARA-TONIFICACION-MUSCULAR-RIONEGRO-1024x684.jpg","datePublished":"2025-10-15T01:26:43+00:00","dateModified":"2025-11-01T00:09:34+00:00","breadcrumb":{"@id":"https:\/\/medicinaesteticarionegro.com\/tratamiento-de-tonificacion-muscular\/#breadcrumb"},"inLanguage":"en-US","potentialAction":[{"@type":"ReadAction","target":["https:\/\/medicinaesteticarionegro.com\/tratamiento-de-tonificacion-muscular\/"]}]},{"@type":"ImageObject","inLanguage":"en-US","@id":"https:\/\/medicinaesteticarionegro.com\/tratamiento-de-tonificacion-muscular\/#primaryimage","url":"https:\/\/medicinaesteticarionegro.com\/wp-content\/uploads\/2025\/01\/TRATAMIENTO-PARA-TONIFICACION-MUSCULAR-RIONEGRO-1024x684.jpg","contentUrl":"https:\/\/medicinaesteticarionegro.com\/wp-content\/uploads\/2025\/01\/TRATAMIENTO-PARA-TONIFICACION-MUSCULAR-RIONEGRO-1024x684.jpg"},{"@type":"BreadcrumbList","@id":"https:\/\/medicinaesteticarionegro.com\/tratamiento-de-tonificacion-muscular\/#breadcrumb","itemListElement":[{"@type":"ListItem","position":1,"name":"Home","item":"https:\/\/medicinaesteticarionegro.com\/"},{"@type":"ListItem","position":2,"name":"TRATAMIENTO DE TONIFICACION MUSCULAR"}]},{"@type":"WebSite","@id":"https:\/\/medicinaesteticarionegro.com\/#website","url":"https:\/\/medicinaesteticarionegro.com\/","name":"Dra. Natalia Elejalde - Medicina Est\u00e9tica en Rionegro","description":"","publisher":{"@id":"https:\/\/medicinaesteticarionegro.com\/#\/schema\/person\/eb3b978a6515276f13759d6072cf20d2"},"alternateName":"Medicina Estetica Rionegro","potentialAction":[{"@type":"SearchAction","target":{"@type":"EntryPoint","urlTemplate":"https:\/\/medicinaesteticarionegro.com\/?s={search_term_string}"},"query-input":{"@type":"PropertyValueSpecification","valueRequired":true,"valueName":"search_term_string"}}],"inLanguage":"en-US"},{"@type":["Person","Organization"],"@id":"https:\/\/medicinaesteticarionegro.com\/#\/schema\/person\/eb3b978a6515276f13759d6072cf20d2","name":"dranataliaelejalde@outlook.com","image":{"@type":"ImageObject","inLanguage":"en-US","@id":"https:\/\/medicinaesteticarionegro.com\/wp-content\/uploads\/2025\/10\/cropped-LOGO-ANCHO.png","url":"https:\/\/medicinaesteticarionegro.com\/wp-content\/uploads\/2025\/10\/cropped-LOGO-ANCHO.png","contentUrl":"https:\/\/medicinaesteticarionegro.com\/wp-content\/uploads\/2025\/10\/cropped-LOGO-ANCHO.png","width":512,"height":512,"caption":"dranataliaelejalde@outlook.com"},"logo":{"@id":"https:\/\/medicinaesteticarionegro.com\/wp-content\/uploads\/2025\/10\/cropped-LOGO-ANCHO.png"},"sameAs":["https:\/\/medicinaesteticarionegro.com"]}]}},"_hostinger_reach_plugin_has_subscription_block":false,"_hostinger_reach_plugin_is_elementor":false,"_links":{"self":[{"href":"https:\/\/medicinaesteticarionegro.com\/en\/wp-json\/wp\/v2\/pages\/1597","targetHints":{"allow":["GET"]}}],"collection":[{"href":"https:\/\/medicinaesteticarionegro.com\/en\/wp-json\/wp\/v2\/pages"}],"about":[{"href":"https:\/\/medicinaesteticarionegro.com\/en\/wp-json\/wp\/v2\/types\/page"}],"author":[{"embeddable":true,"href":"https:\/\/medicinaesteticarionegro.com\/en\/wp-json\/wp\/v2\/users\/1"}],"replies":[{"embeddable":true,"href":"https:\/\/medicinaesteticarionegro.com\/en\/wp-json\/wp\/v2\/comments?post=1597"}],"version-history":[{"count":9,"href":"https:\/\/medicinaesteticarionegro.com\/en\/wp-json\/wp\/v2\/pages\/1597\/revisions"}],"predecessor-version":[{"id":3028,"href":"https:\/\/medicinaesteticarionegro.com\/en\/wp-json\/wp\/v2\/pages\/1597\/revisions\/3028"}],"wp:attachment":[{"href":"https:\/\/medicinaesteticarionegro.com\/en\/wp-json\/wp\/v2\/media?parent=1597"}],"curies":[{"name":"wp","href":"https:\/\/api.w.org\/{rel}","templated":true}]}}